{"id":2332,"date":"2024-08-02T15:01:32","date_gmt":"2024-08-02T13:01:32","guid":{"rendered":"https:\/\/allisonoffhighway.com\/sac-norway\/markets\/"},"modified":"2026-01-12T17:29:40","modified_gmt":"2026-01-12T16:29:40","slug":"markeder","status":"publish","type":"page","link":"https:\/\/allisonoffhighway.com\/sac-norway\/no\/markeder\/","title":{"rendered":"Markeder"},"content":{"rendered":"<div class=\"wpb-content-wrapper\"><p>[vc_section][vc_row][vc_column][vc_empty_space][\/vc_column][\/vc_row][\/vc_section][vc_section content_placement=&raquo;middle&raquo;][vc_row][vc_column width=&raquo;1\/2&#8243;][vc_empty_space height=&raquo;50px&raquo;]<h2 class='titolo-shortcode ' style='font-weight: 700;color: #000;text-align: left;'>Markeder og applikasjoner<\/h2>[vc_column_text css=&raquo;&raquo;]<\/p>\n<h2 style=\"font-weight: 400; font-size: 28px;\">Vi har alltid fokusert p\u00e5 de viktigste hjemmemarkedene og bransjene.<\/h2>\n<p>V\u00e5r erfaring og kompetanse har styrket og utviklet seg mye siden vi startet med livreddende utstyr p\u00e5 1990-tallet. N\u00e5 samarbeider vi med marineindustrien i mange sammenhenger og har ekspandert til offshore vindkraftproduksjon samt olje og gass.<br \/>\nF\u00f8lgende markeder er der v\u00e5r kunnskap om de viktigste bruksomr\u00e5dene utgj\u00f8r en forskjell, og vi vil gi deg l\u00f8sninger som sikrer sertifisert kvalitet og ytelse.[\/vc_column_text][\/vc_column][vc_column width=&raquo;1\/2&#8243;][vc_single_image image=&raquo;2828&#8243; img_size=&raquo;full&raquo; css=&raquo;&raquo;][\/vc_column][\/vc_row][vc_row][vc_column][vc_empty_space height=&raquo;64px&raquo;][\/vc_column][\/vc_row][\/vc_section][vc_section][vc_row][vc_column width=&raquo;1\/2&#8243;][vc_single_image image=&raquo;2818&#8243; img_size=&raquo;full&raquo; css=&raquo;&raquo;]<h3 class='titolo-shortcode ' style='font-weight: 700;color: #000;text-align: left;'>Maritim industri<\/h3>[vc_column_text css=&raquo;&raquo;]Her kan vi h\u00e5ndtere alle dine behov, spesielt vinsjer, dekkskraner og annet h\u00e5ndteringsutstyr p\u00e5 skip og fiskefart\u00f8y. Spesielt for den maritime industrien gir vi tett st\u00f8tte for DNV, ABS og andre sertifiseringsbehov. Vi leverer ogs\u00e5 n\u00f8kkelferdige l\u00f8sninger for on- og offshore-applikasjoner, st\u00f8ttet av det store utvalget av produkter tilgjengelig.<\/p>\n<h4>OLJE OG GASS<\/h4>\n<p>Vi er ogs\u00e5 en anerkjent akt\u00f8r p\u00e5 det norske olje- og gassmarkedet med en rekke kontrakter for leveranse av utstyr til applikasjoner til bruk offshore. Fra liftboats til jack-up plattformer, v\u00e5re l\u00f8sninger dekker et bredt spekter av behov som er typiske for denne sektoren.[\/vc_column_text]<a class='btn   ' href='https:\/\/www.dana-industrial.com\/market\/marine\/' target='_blank'>Les mer om markedet<\/a>[\/vc_column][vc_column width=&raquo;1\/2&#8243;][vc_single_image image=&raquo;2820&#8243; img_size=&raquo;full&raquo; css=&raquo;&raquo;]<h3 class='titolo-shortcode ' style='font-weight: 700;color: #000;text-align: left;'>Milj\u00f8, energi, gjennvinning<\/h3>[vc_column_text css=&raquo;&raquo;]Ettersom fornybar energi er et stadig viktigere markedsomr\u00e5de, har vi spesialisert oss p\u00e5 \u00e5 betjene vindkraftsektoren, spesielt offshoremarkedet. Vi leverer l\u00f8sninger for vindfart\u00f8y som inkluderer svingdrev og vinsjer for landganger brukt til sj\u00f8s, og vi installerer og utf\u00f8rer service p\u00e5 utstyr for denne sektoren.[\/vc_column_text]<a class='btn   ' href='https:\/\/www.dana-industrial.com\/market\/environment-energy-recycling\/' target='_blank'>Les mer om markedet<\/a>[\/vc_column][\/vc_row][vc_row][vc_column][vc_empty_space height=&raquo;64px&raquo;][\/vc_column][\/vc_row][vc_row][vc_column width=&raquo;1\/2&#8243;][vc_single_image image=&raquo;2822&#8243; img_size=&raquo;full&raquo; css=&raquo;&raquo;]<h3 class='titolo-shortcode ' style='font-weight: 700;color: #000;text-align: left;'>Material h\u00e5ndtering<\/h3>[vc_column_text css=&raquo;&raquo;]Landbaserte industri bruker mye utstyr for materialh\u00e5ndtering. Vi har servicekontrakter med ledende entrepren\u00f8rer i Norge som driver med underjordisk tunneldrift. Overhaling og vedlikehold av boremaskiner for tunneler er et omr\u00e5de vi retter oss mot. Vi samarbeider ogs\u00e5 med OEM-er for \u00e5 overhale og vedlikeholde utstyr som brukes i bransjer som h\u00e5ndterer bulkmaterialer, for eksempel gruvedrift og sementproduksjon.[\/vc_column_text]<a class='btn   ' href='https:\/\/www.dana.com\/markets\/off-highway\/material-handling\/' target='_blank'>Les mer om markedet<\/a>[\/vc_column][\/vc_row][vc_row][vc_column][vc_empty_space height=&raquo;64px&raquo;][\/vc_column][\/vc_row][\/vc_section][vc_section full_width=&raquo;stretch_row&raquo; css=&raquo;.vc_custom_1722614849672{background-color: rgba(171,184,195,0.22) !important;*background-color: rgb(171,184,195) !important;}&raquo;][vc_row content_placement=&raquo;middle&raquo;][vc_column width=&raquo;1\/2&#8243;]<h3 class='titolo-shortcode ' style='font-weight: 700;color: #000;text-align: left;'>V\u00e5re markeder<\/h3>[vc_column_text css=&raquo;&raquo;]Vi spesialiserer oss p\u00e5 industriomr\u00e5der som er sentrale i v\u00e5rt hjemmemarked. Dette inkluderer maritim industri, olje og gass samt offshore vindkraft og materialh\u00e5ndtering. Vi har imidlertid tilgang til en enorm kunnskapsbase som dekker mange andre sektorer og et bredt produkttilbud. St\u00f8ttet av mange verdifulle ressurser, er vi i stand til \u00e5 st\u00f8tte kunder fra alle sektorer i Norge som trenger l\u00f8sninger for kraftoverf\u00f8ring.[\/vc_column_text]<a class='btn   ' href='https:\/\/allisonoffhighway.com\/sac-norway\/contact\/' target=''>Kontakt oss<\/a>[vc_empty_space][\/vc_column][vc_column width=&raquo;1\/2&#8243;][vc_single_image image=&raquo;2825&#8243; img_size=&raquo;full&raquo; css=&raquo;&raquo;][\/vc_column][\/vc_row][\/vc_section]<\/p>\n<\/div>","protected":false},"excerpt":{"rendered":"<p>[vc_section][vc_row][vc_column][vc_empty_space][\/vc_column][\/vc_row][\/vc_section][vc_section content_placement=&raquo;middle&raquo;][vc_row][vc_column width=&raquo;1\/2&#8243;][vc_empty_space height=&raquo;50px&raquo;][vc_column_text css=&raquo;&raquo;] Vi har alltid fokusert p\u00e5 de viktigste hjemmemarkedene og bransjene. V\u00e5r erfaring og kompetanse har styrket og utviklet seg mye siden vi startet med livreddende utstyr p\u00e5 1990-tallet. N\u00e5 samarbeider vi med marineindustrien i mange sammenhenger og har ekspandert til offshore vindkraftproduksjon samt olje og gass. F\u00f8lgende markeder er der [&hellip;]<\/p>\n","protected":false},"author":1,"featured_media":0,"parent":0,"menu_order":0,"comment_status":"closed","ping_status":"closed","template":"","meta":{"_acf_changed":false,"footnotes":""},"class_list":["post-2332","page","type-page","status-publish","hentry"],"acf":[],"yoast_head":"<!-- This site is optimized with the Yoast SEO plugin v25.0 - https:\/\/yoast.com\/wordpress\/plugins\/seo\/ -->\n<title>Markeder - Dana - Sac Norway<\/title>\n<meta name=\"description\" content=\"Discover Sac Norway! We cover the market with service capacity planetary gearboxes, helical gearboxes, winches and fluid power solutions!\" \/>\n<meta name=\"robots\" content=\"noindex, follow, max-snippet:-1, max-image-preview:large, max-video-preview:-1\" \/>\n<meta property=\"og:locale\" content=\"nb_NO\" \/>\n<meta property=\"og:type\" content=\"article\" \/>\n<meta property=\"og:title\" content=\"Markeder - Dana - Sac Norway\" \/>\n<meta property=\"og:description\" content=\"Discover Sac Norway! We cover the market with service capacity planetary gearboxes, helical gearboxes, winches and fluid power solutions!\" \/>\n<meta property=\"og:url\" content=\"https:\/\/allisonoffhighway.com\/sac-norway\/no\/markeder\/\" \/>\n<meta property=\"og:site_name\" content=\"Dana - Sac Norway\" \/>\n<meta property=\"article:modified_time\" content=\"2026-01-12T16:29:40+00:00\" \/>\n<meta name=\"twitter:card\" content=\"summary_large_image\" \/>\n<meta name=\"twitter:label1\" content=\"Ansl. lesetid\" \/>\n\t<meta name=\"twitter:data1\" content=\"3 minutter\" \/>\n<script type=\"application\/ld+json\" class=\"yoast-schema-graph\">{\"@context\":\"https:\/\/schema.org\",\"@graph\":[{\"@type\":\"WebPage\",\"@id\":\"https:\/\/allisonoffhighway.com\/sac-norway\/no\/markeder\/\",\"url\":\"https:\/\/allisonoffhighway.com\/sac-norway\/no\/markeder\/\",\"name\":\"Markeder - Dana - Sac Norway\",\"isPartOf\":{\"@id\":\"https:\/\/allisonoffhighway.com\/sac-norway\/#website\"},\"datePublished\":\"2024-08-02T13:01:32+00:00\",\"dateModified\":\"2026-01-12T16:29:40+00:00\",\"description\":\"Discover Sac Norway! We cover the market with service capacity planetary gearboxes, helical gearboxes, winches and fluid power solutions!\",\"breadcrumb\":{\"@id\":\"https:\/\/allisonoffhighway.com\/sac-norway\/no\/markeder\/#breadcrumb\"},\"inLanguage\":\"nb-NO\",\"potentialAction\":[{\"@type\":\"ReadAction\",\"target\":[\"https:\/\/allisonoffhighway.com\/sac-norway\/no\/markeder\/\"]}]},{\"@type\":\"BreadcrumbList\",\"@id\":\"https:\/\/allisonoffhighway.com\/sac-norway\/no\/markeder\/#breadcrumb\",\"itemListElement\":[{\"@type\":\"ListItem\",\"position\":1,\"name\":\"Home\",\"item\":\"https:\/\/allisonoffhighway.com\/sac-norway\/no\/\"},{\"@type\":\"ListItem\",\"position\":2,\"name\":\"Markeder\"}]},{\"@type\":\"WebSite\",\"@id\":\"https:\/\/allisonoffhighway.com\/sac-norway\/#website\",\"url\":\"https:\/\/allisonoffhighway.com\/sac-norway\/\",\"name\":\"Dana - Sac Norway\",\"description\":\"\",\"potentialAction\":[{\"@type\":\"SearchAction\",\"target\":{\"@type\":\"EntryPoint\",\"urlTemplate\":\"https:\/\/allisonoffhighway.com\/sac-norway\/?s={search_term_string}\"},\"query-input\":{\"@type\":\"PropertyValueSpecification\",\"valueRequired\":true,\"valueName\":\"search_term_string\"}}],\"inLanguage\":\"nb-NO\"}]}<\/script>\n<!-- \/ Yoast SEO plugin. -->","yoast_head_json":{"title":"Markeder - Dana - Sac Norway","description":"Discover Sac Norway! We cover the market with service capacity planetary gearboxes, helical gearboxes, winches and fluid power solutions!","robots":{"index":"noindex","follow":"follow","max-snippet":"max-snippet:-1","max-image-preview":"max-image-preview:large","max-video-preview":"max-video-preview:-1"},"og_locale":"nb_NO","og_type":"article","og_title":"Markeder - Dana - Sac Norway","og_description":"Discover Sac Norway! We cover the market with service capacity planetary gearboxes, helical gearboxes, winches and fluid power solutions!","og_url":"https:\/\/allisonoffhighway.com\/sac-norway\/no\/markeder\/","og_site_name":"Dana - Sac Norway","article_modified_time":"2026-01-12T16:29:40+00:00","twitter_card":"summary_large_image","twitter_misc":{"Ansl. lesetid":"3 minutter"},"schema":{"@context":"https:\/\/schema.org","@graph":[{"@type":"WebPage","@id":"https:\/\/allisonoffhighway.com\/sac-norway\/no\/markeder\/","url":"https:\/\/allisonoffhighway.com\/sac-norway\/no\/markeder\/","name":"Markeder - Dana - Sac Norway","isPartOf":{"@id":"https:\/\/allisonoffhighway.com\/sac-norway\/#website"},"datePublished":"2024-08-02T13:01:32+00:00","dateModified":"2026-01-12T16:29:40+00:00","description":"Discover Sac Norway! We cover the market with service capacity planetary gearboxes, helical gearboxes, winches and fluid power solutions!","breadcrumb":{"@id":"https:\/\/allisonoffhighway.com\/sac-norway\/no\/markeder\/#breadcrumb"},"inLanguage":"nb-NO","potentialAction":[{"@type":"ReadAction","target":["https:\/\/allisonoffhighway.com\/sac-norway\/no\/markeder\/"]}]},{"@type":"BreadcrumbList","@id":"https:\/\/allisonoffhighway.com\/sac-norway\/no\/markeder\/#breadcrumb","itemListElement":[{"@type":"ListItem","position":1,"name":"Home","item":"https:\/\/allisonoffhighway.com\/sac-norway\/no\/"},{"@type":"ListItem","position":2,"name":"Markeder"}]},{"@type":"WebSite","@id":"https:\/\/allisonoffhighway.com\/sac-norway\/#website","url":"https:\/\/allisonoffhighway.com\/sac-norway\/","name":"Dana - Sac Norway","description":"","potentialAction":[{"@type":"SearchAction","target":{"@type":"EntryPoint","urlTemplate":"https:\/\/allisonoffhighway.com\/sac-norway\/?s={search_term_string}"},"query-input":{"@type":"PropertyValueSpecification","valueRequired":true,"valueName":"search_term_string"}}],"inLanguage":"nb-NO"}]}},"_links":{"self":[{"href":"https:\/\/allisonoffhighway.com\/sac-norway\/no\/wp-json\/wp\/v2\/pages\/2332","targetHints":{"allow":["GET"]}}],"collection":[{"href":"https:\/\/allisonoffhighway.com\/sac-norway\/no\/wp-json\/wp\/v2\/pages"}],"about":[{"href":"https:\/\/allisonoffhighway.com\/sac-norway\/no\/wp-json\/wp\/v2\/types\/page"}],"author":[{"embeddable":true,"href":"https:\/\/allisonoffhighway.com\/sac-norway\/no\/wp-json\/wp\/v2\/users\/1"}],"replies":[{"embeddable":true,"href":"https:\/\/allisonoffhighway.com\/sac-norway\/no\/wp-json\/wp\/v2\/comments?post=2332"}],"version-history":[{"count":7,"href":"https:\/\/allisonoffhighway.com\/sac-norway\/no\/wp-json\/wp\/v2\/pages\/2332\/revisions"}],"predecessor-version":[{"id":2862,"href":"https:\/\/allisonoffhighway.com\/sac-norway\/no\/wp-json\/wp\/v2\/pages\/2332\/revisions\/2862"}],"wp:attachment":[{"href":"https:\/\/allisonoffhighway.com\/sac-norway\/no\/wp-json\/wp\/v2\/media?parent=2332"}],"curies":[{"name":"wp","href":"https:\/\/api.w.org\/{rel}","templated":true}]}}