{"id":2306,"date":"2022-02-09T14:31:48","date_gmt":"2022-02-09T13:31:48","guid":{"rendered":"https:\/\/allisonoffhighway.com\/sac-norway\/services\/"},"modified":"2026-01-12T17:26:16","modified_gmt":"2026-01-12T16:26:16","slug":"services","status":"publish","type":"page","link":"https:\/\/allisonoffhighway.com\/sac-norway\/no\/services\/","title":{"rendered":"Service"},"content":{"rendered":"<div class=\"wpb-content-wrapper\"><p>[vc_section][vc_row][vc_column][vc_empty_space][\/vc_column][\/vc_row][vc_row content_placement=&raquo;middle&raquo;][vc_column width=&raquo;1\/2&#8243;][vc_column_text css=&raquo;&raquo;]<\/p>\n<h2>Service og montering<\/h2>\n<p>V\u00e5rt servicetilbud dekker behovene til bransjene vi betjener, og vi har et team dyktige mekanikere med fagfolk som utf\u00f8rer service p\u00e5 utstyr\u00a0ved v\u00e5re anlegg eller p\u00e5 stedet i dine lokaler, ogs\u00e5 offsore. Fasilitetene v\u00e5re her i Larvik er utstyrt med\u00a0m\u00e5lesystemer,\u00a0utstyr for diagnostikk og\u00a0tilpasset verkt\u00f8y. Vi overhaler,\u00a0reparerer\u00a0og\u00a0resertifiserer utstyr og\u00a0dokumenterer arbeidet med gjeldende rapporter.[\/vc_column_text][vc_column_text css=&raquo;&raquo;]<\/p>\n<h3>Oversikt p\u00e5 v\u00e5re tjenester<\/h3>\n<ul>\n<li data-list=\"bullet\">Diagnostikk og m\u00e5linger.<\/li>\n<li data-list=\"bullet\">Hydrauliske testmuligheter.<\/li>\n<li data-list=\"bullet\">Momentn\u00f8kler.<\/li>\n<li data-list=\"bullet\">Sandbl\u00e5sing og overflatebehandling.<\/li>\n<li data-list=\"bullet\">Spesialtilpasset verkt\u00f8y ved behov.<\/li>\n<\/ul>\n<p>[\/vc_column_text][\/vc_column][vc_column width=&raquo;1\/2&#8243;][vc_single_image image=&raquo;2802&#8243; img_size=&raquo;full&raquo; css=&raquo;&raquo;][\/vc_column][\/vc_row][vc_row][vc_column][vc_empty_space][\/vc_column][\/vc_row][\/vc_section][vc_section][vc_row full_width=&raquo;stretch_row&raquo; css=&raquo;.vc_custom_1768224588152{background-color: #214871 !important;}&raquo;][vc_column][vc_empty_space height=&raquo;50px&raquo;]<h2 class='titolo-shortcode {h2 font-size:28px;}' style='font-weight: 700;color: #fff;text-align: left;'>Standar service prosedyre<\/h2>[vc_empty_space height=&raquo;10px&raquo;][vc_column_text css=&raquo;&raquo;]<span style=\"color: #ffffff;\">Standard prosedyre for v\u00e5re service inkluderer komplett demontering, servicerapport med beskrivelse av funn og deler som er skiftet ut. Sandbl\u00e5sing og overflatebehandling utf\u00f8res i henhold til spesifikasjon, re-sertifisering med tredjepart ved for eksempel vinsjer og bremser for l\u00f8fteutstyr. Vi har ogs\u00e5 servicebiler og reiser ut til kunde for on-site service.<\/span>[\/vc_column_text][vc_empty_space height=&raquo;10px&raquo;][vc_row_inner equal_height=&raquo;yes&raquo;][vc_column_inner width=&raquo;1\/3&#8243; offset=&raquo;vc_col-lg-1\/5 vc_col-md-4&#8243;]\t<div class=\"card_testuale_shortcode  text-center align-items-center bg-azzurro\">\n\t\t\t\t\n\t\t\t\t\t<figure><img src='https:\/\/allisonoffhighway.com\/sac-norway\/wp-content\/uploads\/2024\/08\/Service_Stripdown_MinisitoNorway_Sito_Dana_2024_v1.png' alt='' \/><\/figure>\n\t\t\t\t\n\t\t<h3>Demontering<\/h3>\n\t\t<p class=\"text\">\n\t\t\t\t\t\t\t\t<\/p>\n\n\t\t\t<\/div>\n\n\t\n\t[\/vc_column_inner][vc_column_inner width=&raquo;1\/3&#8243; offset=&raquo;vc_col-lg-1\/5 vc_col-md-4&#8243;]\t<div class=\"card_testuale_shortcode  text-center align-items-center bg-azzurro\">\n\t\t\t\t\n\t\t\t\t\t<figure><img src='https:\/\/allisonoffhighway.com\/sac-norway\/wp-content\/uploads\/2024\/08\/Service_Fullservicereport_MinisitoNorway_Sito_Dana_2024_v1.png' alt='' \/><\/figure>\n\t\t\t\t\n\t\t<h3>Fulll service rapport<\/h3>\n\t\t<p class=\"text\">\n\t\t\t\t\t\t\t\t<\/p>\n\n\t\t\t<\/div>\n\n\t\n\t[\/vc_column_inner][vc_column_inner width=&raquo;1\/3&#8243; offset=&raquo;vc_col-lg-1\/5 vc_col-md-4&#8243;]\t<div class=\"card_testuale_shortcode  text-center align-items-center bg-azzurro\">\n\t\t\t\t\n\t\t\t\t\t<figure><img src='https:\/\/allisonoffhighway.com\/sac-norway\/wp-content\/uploads\/2024\/08\/Service_Replacementofpart_MinisitoNorway_Sito_Dana_2024_v1.png' alt='' \/><\/figure>\n\t\t\t\t\n\t\t<h3>Utskifting av deler<\/h3>\n\t\t<p class=\"text\">\n\t\t\t\t\t\t\t\t<\/p>\n\n\t\t\t<\/div>\n\n\t\n\t[\/vc_column_inner][vc_column_inner width=&raquo;1\/3&#8243; offset=&raquo;vc_col-lg-1\/5 vc_col-md-4&#8243;]\t<div class=\"card_testuale_shortcode  text-center align-items-center bg-azzurro\">\n\t\t\t\t\n\t\t\t\t\t<figure><img src='https:\/\/allisonoffhighway.com\/sac-norway\/wp-content\/uploads\/2024\/08\/Service_Sandblasting_MinisitoNorway_Sito_Dana_2024_v1.png' alt='' \/><\/figure>\n\t\t\t\t\n\t\t<h3>Sandbl\u00e5sing og overflatebehandling.<\/h3>\n\t\t<p class=\"text\">\n\t\t\t\t\t\t\t\t<\/p>\n\n\t\t\t<\/div>\n\n\t\n\t[\/vc_column_inner][vc_column_inner width=&raquo;1\/3&#8243; offset=&raquo;vc_col-lg-1\/5 vc_col-md-4&#8243;]\t<div class=\"card_testuale_shortcode  text-center align-items-center bg-azzurro\">\n\t\t\t\t\n\t\t\t\t\t<figure><img src='https:\/\/allisonoffhighway.com\/sac-norway\/wp-content\/uploads\/2024\/08\/Service_Recertification_MinisitoNorway_Sito_Dana_2024_v1.png' alt='' \/><\/figure>\n\t\t\t\t\n\t\t<h3>Re-sertifisering<\/h3>\n\t\t<p class=\"text\">\n\t\t\t\t\t\t\t\t<\/p>\n\n\t\t\t<\/div>\n\n\t\n\t[\/vc_column_inner][\/vc_row_inner][vc_empty_space]<div style='text-align: center'><a class='btn  btn-orange ' href='https:\/\/allisonoffhighway.com\/sac-norway\/no\/contact\/' target=''>Be om tilbud<\/a><\/div>[vc_empty_space][vc_empty_space height=&raquo;100px&raquo;][\/vc_column][\/vc_row][vc_row css=&raquo;.vc_custom_1768224661383{margin-top: -100px !important;}&raquo;][vc_column width=&raquo;1\/2&#8243;][vc_single_image image=&raquo;1769&#8243; img_size=&raquo;full&raquo; css=&raquo;&raquo;][vc_column_text css=&raquo;&raquo;]<\/p>\n<h3>Service og installasjon<\/h3>\n<p>Vi er rigget for \u00e5 utf\u00f8re service p\u00e5 alle typer girkasser p\u00e5 v\u00e5rt verksted i Larvik, og vi utvider for tiden v\u00e5re servicemuligheter med en ekstra arbeidsstasjon for akslinger. Vi tilbyr ogs\u00e5 service og installasjon on-site, off-shore og hvor som helst i Norge og globalt.[\/vc_column_text][vc_empty_space][\/vc_column][vc_column width=&raquo;1\/2&#8243;][vc_single_image image=&raquo;2807&#8243; img_size=&raquo;full&raquo; css=&raquo;&raquo;][vc_column_text css=&raquo;&raquo;]<\/p>\n<h3>Reservedeler p\u00e5 lager<\/h3>\n<p>&laquo;Vi lagerf\u00f8rer et standardisert utvalg reservedeler for \u00e5 dekke det lokale markedets behov og forventninger.<br \/>\nOg for \u00e5 sikre om n\u00f8dvendig tilgjengelighet for utskifting og oppf\u00f8lging innen 48 timer. For eventuelle ikke-standardiserte deler eller komponenter som krever tilpasning, kan vi stole p\u00e5 v\u00e5rt internasjonale nettverk for rask levering og st\u00f8tte.&raquo;[\/vc_column_text][vc_empty_space][\/vc_column][\/vc_row][\/vc_section][vc_row][vc_column][vc_empty_space height=&raquo;80px&raquo;][\/vc_column][\/vc_row]<\/p>\n<\/div>","protected":false},"excerpt":{"rendered":"<p>[vc_section][vc_row][vc_column][vc_empty_space][\/vc_column][\/vc_row][vc_row content_placement=&raquo;middle&raquo;][vc_column width=&raquo;1\/2&#8243;][vc_column_text css=&raquo;&raquo;] Service og montering V\u00e5rt servicetilbud dekker behovene til bransjene vi betjener, og vi har et team dyktige mekanikere med fagfolk som utf\u00f8rer service p\u00e5 utstyr\u00a0ved v\u00e5re anlegg eller p\u00e5 stedet i dine lokaler, ogs\u00e5 offsore. Fasilitetene v\u00e5re her i Larvik er utstyrt med\u00a0m\u00e5lesystemer,\u00a0utstyr for diagnostikk og\u00a0tilpasset verkt\u00f8y. Vi overhaler,\u00a0reparerer\u00a0og\u00a0resertifiserer utstyr og\u00a0dokumenterer [&hellip;]<\/p>\n","protected":false},"author":1,"featured_media":0,"parent":0,"menu_order":0,"comment_status":"closed","ping_status":"closed","template":"","meta":{"_acf_changed":false,"footnotes":""},"class_list":["post-2306","page","type-page","status-publish","hentry"],"acf":[],"yoast_head":"<!-- This site is optimized with the Yoast SEO plugin v25.0 - https:\/\/yoast.com\/wordpress\/plugins\/seo\/ -->\n<title>Service - Dana - Sac Norway<\/title>\n<meta name=\"description\" content=\"Sac Norway Services utnytter v\u00e5r erfaring innen kraftoverf\u00f8ring og fluidtekniske produkter for \u00e5 tilby de beste l\u00f8sningene til v\u00e5re partnere. Finn ut mer!\" \/>\n<meta name=\"robots\" content=\"noindex, follow, max-snippet:-1, max-image-preview:large, max-video-preview:-1\" \/>\n<meta property=\"og:locale\" content=\"nb_NO\" \/>\n<meta property=\"og:type\" content=\"article\" \/>\n<meta property=\"og:title\" content=\"Service - Dana - Sac Norway\" \/>\n<meta property=\"og:description\" content=\"Sac Norway Services utnytter v\u00e5r erfaring innen kraftoverf\u00f8ring og fluidtekniske produkter for \u00e5 tilby de beste l\u00f8sningene til v\u00e5re partnere. Finn ut mer!\" \/>\n<meta property=\"og:url\" content=\"https:\/\/allisonoffhighway.com\/sac-norway\/no\/services\/\" \/>\n<meta property=\"og:site_name\" content=\"Dana - Sac Norway\" \/>\n<meta property=\"article:modified_time\" content=\"2026-01-12T16:26:16+00:00\" \/>\n<meta name=\"twitter:card\" content=\"summary_large_image\" \/>\n<meta name=\"twitter:label1\" content=\"Ansl. lesetid\" \/>\n\t<meta name=\"twitter:data1\" content=\"2 minutter\" \/>\n<script type=\"application\/ld+json\" class=\"yoast-schema-graph\">{\"@context\":\"https:\/\/schema.org\",\"@graph\":[{\"@type\":\"WebPage\",\"@id\":\"https:\/\/allisonoffhighway.com\/sac-norway\/no\/services\/\",\"url\":\"https:\/\/allisonoffhighway.com\/sac-norway\/no\/services\/\",\"name\":\"Service - Dana - Sac Norway\",\"isPartOf\":{\"@id\":\"https:\/\/allisonoffhighway.com\/sac-norway\/#website\"},\"datePublished\":\"2022-02-09T13:31:48+00:00\",\"dateModified\":\"2026-01-12T16:26:16+00:00\",\"description\":\"Sac Norway Services utnytter v\u00e5r erfaring innen kraftoverf\u00f8ring og fluidtekniske produkter for \u00e5 tilby de beste l\u00f8sningene til v\u00e5re partnere. Finn ut mer!\",\"breadcrumb\":{\"@id\":\"https:\/\/allisonoffhighway.com\/sac-norway\/no\/services\/#breadcrumb\"},\"inLanguage\":\"nb-NO\",\"potentialAction\":[{\"@type\":\"ReadAction\",\"target\":[\"https:\/\/allisonoffhighway.com\/sac-norway\/no\/services\/\"]}]},{\"@type\":\"BreadcrumbList\",\"@id\":\"https:\/\/allisonoffhighway.com\/sac-norway\/no\/services\/#breadcrumb\",\"itemListElement\":[{\"@type\":\"ListItem\",\"position\":1,\"name\":\"Home\",\"item\":\"https:\/\/allisonoffhighway.com\/sac-norway\/no\/\"},{\"@type\":\"ListItem\",\"position\":2,\"name\":\"Service\"}]},{\"@type\":\"WebSite\",\"@id\":\"https:\/\/allisonoffhighway.com\/sac-norway\/#website\",\"url\":\"https:\/\/allisonoffhighway.com\/sac-norway\/\",\"name\":\"Dana - Sac Norway\",\"description\":\"\",\"potentialAction\":[{\"@type\":\"SearchAction\",\"target\":{\"@type\":\"EntryPoint\",\"urlTemplate\":\"https:\/\/allisonoffhighway.com\/sac-norway\/?s={search_term_string}\"},\"query-input\":{\"@type\":\"PropertyValueSpecification\",\"valueRequired\":true,\"valueName\":\"search_term_string\"}}],\"inLanguage\":\"nb-NO\"}]}<\/script>\n<!-- \/ Yoast SEO plugin. -->","yoast_head_json":{"title":"Service - Dana - Sac Norway","description":"Sac Norway Services utnytter v\u00e5r erfaring innen kraftoverf\u00f8ring og fluidtekniske produkter for \u00e5 tilby de beste l\u00f8sningene til v\u00e5re partnere. Finn ut mer!","robots":{"index":"noindex","follow":"follow","max-snippet":"max-snippet:-1","max-image-preview":"max-image-preview:large","max-video-preview":"max-video-preview:-1"},"og_locale":"nb_NO","og_type":"article","og_title":"Service - Dana - Sac Norway","og_description":"Sac Norway Services utnytter v\u00e5r erfaring innen kraftoverf\u00f8ring og fluidtekniske produkter for \u00e5 tilby de beste l\u00f8sningene til v\u00e5re partnere. Finn ut mer!","og_url":"https:\/\/allisonoffhighway.com\/sac-norway\/no\/services\/","og_site_name":"Dana - Sac Norway","article_modified_time":"2026-01-12T16:26:16+00:00","twitter_card":"summary_large_image","twitter_misc":{"Ansl. lesetid":"2 minutter"},"schema":{"@context":"https:\/\/schema.org","@graph":[{"@type":"WebPage","@id":"https:\/\/allisonoffhighway.com\/sac-norway\/no\/services\/","url":"https:\/\/allisonoffhighway.com\/sac-norway\/no\/services\/","name":"Service - Dana - Sac Norway","isPartOf":{"@id":"https:\/\/allisonoffhighway.com\/sac-norway\/#website"},"datePublished":"2022-02-09T13:31:48+00:00","dateModified":"2026-01-12T16:26:16+00:00","description":"Sac Norway Services utnytter v\u00e5r erfaring innen kraftoverf\u00f8ring og fluidtekniske produkter for \u00e5 tilby de beste l\u00f8sningene til v\u00e5re partnere. Finn ut mer!","breadcrumb":{"@id":"https:\/\/allisonoffhighway.com\/sac-norway\/no\/services\/#breadcrumb"},"inLanguage":"nb-NO","potentialAction":[{"@type":"ReadAction","target":["https:\/\/allisonoffhighway.com\/sac-norway\/no\/services\/"]}]},{"@type":"BreadcrumbList","@id":"https:\/\/allisonoffhighway.com\/sac-norway\/no\/services\/#breadcrumb","itemListElement":[{"@type":"ListItem","position":1,"name":"Home","item":"https:\/\/allisonoffhighway.com\/sac-norway\/no\/"},{"@type":"ListItem","position":2,"name":"Service"}]},{"@type":"WebSite","@id":"https:\/\/allisonoffhighway.com\/sac-norway\/#website","url":"https:\/\/allisonoffhighway.com\/sac-norway\/","name":"Dana - Sac Norway","description":"","potentialAction":[{"@type":"SearchAction","target":{"@type":"EntryPoint","urlTemplate":"https:\/\/allisonoffhighway.com\/sac-norway\/?s={search_term_string}"},"query-input":{"@type":"PropertyValueSpecification","valueRequired":true,"valueName":"search_term_string"}}],"inLanguage":"nb-NO"}]}},"_links":{"self":[{"href":"https:\/\/allisonoffhighway.com\/sac-norway\/no\/wp-json\/wp\/v2\/pages\/2306","targetHints":{"allow":["GET"]}}],"collection":[{"href":"https:\/\/allisonoffhighway.com\/sac-norway\/no\/wp-json\/wp\/v2\/pages"}],"about":[{"href":"https:\/\/allisonoffhighway.com\/sac-norway\/no\/wp-json\/wp\/v2\/types\/page"}],"author":[{"embeddable":true,"href":"https:\/\/allisonoffhighway.com\/sac-norway\/no\/wp-json\/wp\/v2\/users\/1"}],"replies":[{"embeddable":true,"href":"https:\/\/allisonoffhighway.com\/sac-norway\/no\/wp-json\/wp\/v2\/comments?post=2306"}],"version-history":[{"count":8,"href":"https:\/\/allisonoffhighway.com\/sac-norway\/no\/wp-json\/wp\/v2\/pages\/2306\/revisions"}],"predecessor-version":[{"id":2855,"href":"https:\/\/allisonoffhighway.com\/sac-norway\/no\/wp-json\/wp\/v2\/pages\/2306\/revisions\/2855"}],"wp:attachment":[{"href":"https:\/\/allisonoffhighway.com\/sac-norway\/no\/wp-json\/wp\/v2\/media?parent=2306"}],"curies":[{"name":"wp","href":"https:\/\/api.w.org\/{rel}","templated":true}]}}