{"id":2294,"date":"2022-02-10T10:36:19","date_gmt":"2022-02-10T09:36:19","guid":{"rendered":"https:\/\/allisonoffhighway.com\/sac-norway\/products\/"},"modified":"2026-01-12T17:28:24","modified_gmt":"2026-01-12T16:28:24","slug":"produkter","status":"publish","type":"page","link":"https:\/\/allisonoffhighway.com\/sac-norway\/no\/produkter\/","title":{"rendered":"Produkter"},"content":{"rendered":"<div class=\"wpb-content-wrapper\"><p>[vc_section full_width=&raquo;stretch_row&raquo; css=&raquo;.vc_custom_1722605075411{margin-top: 0px !important;padding-top: 0px !important;background-color: #ffffff !important;}&raquo;][vc_row full_width=&raquo;stretch_row&raquo; css=&raquo;.vc_custom_1768224708103{background-color: #0032A0 !important;}&raquo;][vc_column][vc_row_inner content_placement=&raquo;middle&raquo;][vc_column_inner width=&raquo;1\/2&#8243;][vc_empty_space height=&raquo;20&#8243;]<h3 class='titolo-shortcode ' style='font-weight: 700;color: #fff;text-align: left;'>Vi kan levere et komplett utvalg av l\u00f8sninger med kraftoverf\u00f8ring som inkluderer alle typer girkasser for industrielle og mobile applikasjoner, svingdrev, hydrauliske motorer, ventiler, akslinger, svinggir og drivakslinger.<\/h3>[vc_empty_space height=&raquo;20&#8243;][vc_column_text css=&raquo;&raquo;]<\/p>\n<p style=\"text-align: left;\"><span style=\"color: #ffffff;\">Med et s\u00e5 bredt og <strong>komplett<\/strong> <strong>utvalg av l\u00f8sninger<\/strong> er vi i stand til \u00e5 finne produkter til de fleste foresp\u00f8rsler.<\/span><\/p>\n<p style=\"text-align: left;\"><span style=\"color: #ffffff;\">Vi kan tilby <strong>komplette spesialtilpassede<\/strong> l\u00f8sninger, spesielt for applikasjoner som involverer vinsjer. Vi kan ogs\u00e5 tilby <strong>maskinering av girkomponenter, produsere<\/strong>\u00a0og levere komponenter\u00a0som ikke lenger er i produksjon og h\u00e5ndtere n\u00f8dvendige\u00a0<strong>sertifiseringsbehov<\/strong>.<\/span><\/p>\n<p>[\/vc_column_text][\/vc_column_inner][vc_column_inner width=&raquo;1\/2&#8243;][vc_single_image image=&raquo;2811&#8243; img_size=&raquo;full&raquo; css=&raquo;&raquo;][\/vc_column_inner][\/vc_row_inner][vc_empty_space height=&raquo;20&#8243;][vc_row_inner equal_height=&raquo;yes&raquo;][vc_column_inner width=&raquo;1\/3&#8243; offset=&raquo;vc_col-xs-12&#8243;]\t<div class=\"card_testuale_shortcode  text-center align-items-center bg-azzurro\">\n\t\t\t\t\n\t\t\t\t\t<figure><img src='https:\/\/allisonoffhighway.com\/sac-norway\/wp-content\/uploads\/2024\/08\/Seedocumentation_MinisitoNorway_Sito_Dana_2024_v2-1.png' alt='' \/><\/figure>\n\t\t\t\t\n\t\t<h3><\/h3>\n\t\t<p class=\"text\">\n\t\t\t\t\t\t\t\t<\/p>\n\n\t\t\t\t\t<a class=\"btn btn-1  \"\n\t\t\t   href=\"#\"\n\t\t\t   target=\"_blank\">\n\t\t\t\tBe om tilbud\t\t\t<\/a>\n\t\t\t<\/div>\n\n\t\n\t[\/vc_column_inner][vc_column_inner width=&raquo;1\/3&#8243; offset=&raquo;vc_col-xs-12&#8243;]\t<div class=\"card_testuale_shortcode  text-center align-items-center bg-azzurro\">\n\t\t\t\t\n\t\t\t\t\t<figure><img src='https:\/\/allisonoffhighway.com\/sac-norway\/wp-content\/uploads\/2024\/08\/Seedocumentation_MinisitoNorway_Sito_Dana_2024_v3.png' alt='' \/><\/figure>\n\t\t\t\t\n\t\t<h3><\/h3>\n\t\t<p class=\"text\">\n\t\t\t\t\t\t\t\t<\/p>\n\n\t\t\t\t\t<a class=\"btn btn-1  \"\n\t\t\t   href=\"https:\/\/medialibrary.dana-industrial.com\/?_gl=1*7xtqo6*_gcl_au*NTkxMjg2MTcwLjE3MjI0OTg3OTk.*FPAU*NTkxMjg2MTcwLjE3MjI0OTg3OTk.\"\n\t\t\t   target=\"_blank\">\n\t\t\t\tSe v\u00e5r dokumentasjon\t\t\t<\/a>\n\t\t\t<\/div>\n\n\t\n\t[\/vc_column_inner][vc_column_inner width=&raquo;1\/3&#8243; offset=&raquo;vc_col-xs-12&#8243;]\t<div class=\"card_testuale_shortcode  text-center align-items-center bg-azzurro\">\n\t\t\t\t\n\t\t\t\t\t<figure><img src='https:\/\/allisonoffhighway.com\/sac-norway\/wp-content\/uploads\/2024\/08\/Ourproduct_MinisitoNorway_Sito_Dana_2024_v2.png' alt='' \/><\/figure>\n\t\t\t\t\n\t\t<h3><\/h3>\n\t\t<p class=\"text\">\n\t\t\t\t\t\t\t\t<\/p>\n\n\t\t\t\t\t<a class=\"btn btn-1  \"\n\t\t\t   href=\"#products\"\n\t\t\t   target=\"\">\n\t\t\t\tL\u00e6r mer om v\u00e5rt utvalg av produkter\t\t\t<\/a>\n\t\t\t<\/div>\n\n\t\n\t[\/vc_column_inner][\/vc_row_inner][vc_row_inner content_placement=&raquo;middle&raquo;][vc_column_inner width=&raquo;1\/2&#8243;][vc_single_image image=&raquo;2090&#8243; img_size=&raquo;full&raquo; css=&raquo;&raquo;][\/vc_column_inner][vc_column_inner width=&raquo;1\/2&#8243;][vc_single_image image=&raquo;2071&#8243; img_size=&raquo;full&raquo; css=&raquo;&raquo;][\/vc_column_inner][\/vc_row_inner][vc_empty_space height=&raquo;40px&raquo;][\/vc_column][\/vc_row][vc_row][vc_column]<h2 class='titolo-shortcode ' style='font-size: 50px;font-weight: 700;color: var(--dark-blue);text-align: center;'>V\u00e5re n\u00f8kkelomr\u00e5der<\/h2>[vc_empty_space][vc_row_inner content_placement=&raquo;middle&raquo;][vc_column_inner width=&raquo;1\/2&#8243;][vc_single_image image=&raquo;2815&#8243; img_size=&raquo;full&raquo; css=&raquo;&raquo;][\/vc_column_inner][vc_column_inner width=&raquo;1\/2&#8243;]<h2 class='titolo-shortcode ' style='font-weight: 700;color: #000;text-align: left;'>Vinsjer<\/h2>[vc_empty_space][vc_column_text css=&raquo;&raquo;]<\/p>\n<h3><span style=\"color: #005eb8;\">L\u00f8ftevinsjer<br \/>\n<\/span><\/h3>\n<p><strong>Ytelse<\/strong>,\u00a0<strong>sikkerhet\u00a0<\/strong>og\u00a0<strong>man\u00f8vrerbarhet<\/strong>\u00a0er kjennetegnene til v\u00e5re l\u00f8ftevinsjer. Disse vinsjene kan utstyres med\u00a0momentsensorer\u00a0og er egnet for man-lifting og bruk under r\u00f8ffe omgivelser med store temperaturforskjeller.<\/p>\n<p>&nbsp;<\/p>\n<h3><span style=\"color: #005eb8;\"><strong>Recovery vinsjer<br \/>\n<\/strong><\/span><\/h3>\n<p>En robust vinsj for\u00a0<strong>tunge<\/strong> <strong>applikasjoner\u00a0<\/strong>med ulike trommellengder for varierende vaierkapasitet. Utstyrt med\u00a0<strong>gerotormotorer\u00a0<\/strong>som standard,\u00a0<strong>orbital- og h\u00f8yhastighetsstempelmotorer<\/strong>\u00a0p\u00e5 foresp\u00f8rsel.<\/p>\n<p>&nbsp;<\/p>\n<h3><span style=\"color: #005eb8;\"><strong>Vinsjgir<br \/>\n<\/strong><\/span><\/h3>\n<p>Disse vinsjgir er bygget med sv\u00e6rt <strong>motstandsdyktig<\/strong> <strong>materiale<\/strong>, produsert og klare til \u00e5 m\u00f8te de h\u00f8ye standarder og krav innen <strong>marine<\/strong> og <strong>offsh<\/strong><strong>ore<\/strong>&#8211;<strong>applikasjoner.<\/strong>[\/vc_column_text][\/vc_column_inner][\/vc_row_inner][vc_empty_space height=&raquo;60px&raquo;][vc_row_inner content_placement=&raquo;middle&raquo;][vc_column_inner width=&raquo;1\/2&#8243;][vc_single_image image=&raquo;2813&#8243; img_size=&raquo;full&raquo; css=&raquo;&raquo;][\/vc_column_inner][vc_column_inner width=&raquo;1\/2&#8243;]<h2 class='titolo-shortcode ' style='font-weight: 700;color: #000;text-align: left;'>Svinggir<\/h2>[vc_empty_space height=&raquo;64px&raquo;][vc_column_text css=&raquo;&raquo;]<\/p>\n<h3><span style=\"color: #005eb8;\"><strong>Industri svinggir<br \/>\n<\/strong><\/span><\/h3>\n<p><strong>Planetgir<\/strong> for <strong>industrielle<\/strong> <strong>applikasjoner<\/strong>, brukt med suksess p\u00e5 t\u00e5rnkraner, skips- og havnekraner, vindkraftgeneratorer og som styredrev p\u00e5 skip\/propulsion systems. <strong>Modul\u00e6re<\/strong>, <strong>kompakte<\/strong> og <strong>enkle \u00e5 installere<\/strong>, de sikrer p\u00e5litelig ytelse.<\/p>\n<p>&nbsp;<\/p>\n<h3><span style=\"color: #005eb8;\"><strong>Mobil svinggir<br \/>\n<\/strong><\/span><\/h3>\n<p>V\u00e5re svinggir er ideell for\u00a0mobile <strong>applikasjoner\u00a0<\/strong>som kraner i ulendt terreng, havneutstyr, lastebilkraner, nytte- og <strong>skogsbiler<\/strong>. De kan spesialtilpasses for integrering av <strong>hydrauliske motorer<\/strong> og <strong>ventiler<\/strong>.[\/vc_column_text][\/vc_column_inner][\/vc_row_inner][\/vc_column][\/vc_row][\/vc_section][vc_row full_width=&raquo;stretch_row&raquo; css=&raquo;.vc_custom_1722611417776{background-color: #ffffff !important;}&raquo; el_id=&raquo;products&raquo;][vc_column]<h2 class='titolo-shortcode ' style='font-weight: 400;color: #000;text-align: left;text-transform: uppercase;'>V\u00e5re produkter<\/h2>[\/vc_column][\/vc_row]<\/p>\n<\/div>","protected":false},"excerpt":{"rendered":"<p>[vc_section full_width=&raquo;stretch_row&raquo; css=&raquo;.vc_custom_1722605075411{margin-top: 0px !important;padding-top: 0px !important;background-color: #ffffff !important;}&raquo;][vc_row full_width=&raquo;stretch_row&raquo; css=&raquo;.vc_custom_1768224708103{background-color: #0032A0 !important;}&raquo;][vc_column][vc_row_inner content_placement=&raquo;middle&raquo;][vc_column_inner width=&raquo;1\/2&#8243;][vc_empty_space height=&raquo;20&#8243;][vc_empty_space height=&raquo;20&#8243;][vc_column_text css=&raquo;&raquo;] Med et s\u00e5 bredt og komplett utvalg av l\u00f8sninger er vi i stand til \u00e5 finne produkter til de fleste foresp\u00f8rsler. Vi kan tilby komplette spesialtilpassede l\u00f8sninger, spesielt for applikasjoner som involverer vinsjer. Vi kan ogs\u00e5 tilby [&hellip;]<\/p>\n","protected":false},"author":1,"featured_media":0,"parent":0,"menu_order":0,"comment_status":"closed","ping_status":"closed","template":"tpl\/tpl-prodotti.php","meta":{"_acf_changed":false,"footnotes":""},"class_list":["post-2294","page","type-page","status-publish","hentry"],"acf":[],"yoast_head":"<!-- This site is optimized with the Yoast SEO plugin v25.0 - https:\/\/yoast.com\/wordpress\/plugins\/seo\/ -->\n<title>Produkter - Dana - Sac Norway<\/title>\n<meta name=\"description\" content=\"Discover Sac norway products portfolio! We provide planetary gearbox, gearmotors, helical and bevel helical gearbox, winches and fluid power products!\" \/>\n<meta name=\"robots\" content=\"noindex, follow, max-snippet:-1, max-image-preview:large, max-video-preview:-1\" \/>\n<meta property=\"og:locale\" content=\"nb_NO\" \/>\n<meta property=\"og:type\" content=\"article\" \/>\n<meta property=\"og:title\" content=\"Produkter - Dana - Sac Norway\" \/>\n<meta property=\"og:description\" content=\"Discover Sac norway products portfolio! We provide planetary gearbox, gearmotors, helical and bevel helical gearbox, winches and fluid power products!\" \/>\n<meta property=\"og:url\" content=\"https:\/\/allisonoffhighway.com\/sac-norway\/no\/produkter\/\" \/>\n<meta property=\"og:site_name\" content=\"Dana - Sac Norway\" \/>\n<meta property=\"article:modified_time\" content=\"2026-01-12T16:28:24+00:00\" \/>\n<meta name=\"twitter:card\" content=\"summary_large_image\" \/>\n<meta name=\"twitter:label1\" content=\"Ansl. lesetid\" \/>\n\t<meta name=\"twitter:data1\" content=\"3 minutter\" \/>\n<script type=\"application\/ld+json\" class=\"yoast-schema-graph\">{\"@context\":\"https:\/\/schema.org\",\"@graph\":[{\"@type\":\"WebPage\",\"@id\":\"https:\/\/allisonoffhighway.com\/sac-norway\/no\/produkter\/\",\"url\":\"https:\/\/allisonoffhighway.com\/sac-norway\/no\/produkter\/\",\"name\":\"Produkter - Dana - Sac Norway\",\"isPartOf\":{\"@id\":\"https:\/\/allisonoffhighway.com\/sac-norway\/#website\"},\"datePublished\":\"2022-02-10T09:36:19+00:00\",\"dateModified\":\"2026-01-12T16:28:24+00:00\",\"description\":\"Discover Sac norway products portfolio! We provide planetary gearbox, gearmotors, helical and bevel helical gearbox, winches and fluid power products!\",\"breadcrumb\":{\"@id\":\"https:\/\/allisonoffhighway.com\/sac-norway\/no\/produkter\/#breadcrumb\"},\"inLanguage\":\"nb-NO\",\"potentialAction\":[{\"@type\":\"ReadAction\",\"target\":[\"https:\/\/allisonoffhighway.com\/sac-norway\/no\/produkter\/\"]}]},{\"@type\":\"BreadcrumbList\",\"@id\":\"https:\/\/allisonoffhighway.com\/sac-norway\/no\/produkter\/#breadcrumb\",\"itemListElement\":[{\"@type\":\"ListItem\",\"position\":1,\"name\":\"Home\",\"item\":\"https:\/\/allisonoffhighway.com\/sac-norway\/no\/\"},{\"@type\":\"ListItem\",\"position\":2,\"name\":\"Produkter\"}]},{\"@type\":\"WebSite\",\"@id\":\"https:\/\/allisonoffhighway.com\/sac-norway\/#website\",\"url\":\"https:\/\/allisonoffhighway.com\/sac-norway\/\",\"name\":\"Dana - Sac Norway\",\"description\":\"\",\"potentialAction\":[{\"@type\":\"SearchAction\",\"target\":{\"@type\":\"EntryPoint\",\"urlTemplate\":\"https:\/\/allisonoffhighway.com\/sac-norway\/?s={search_term_string}\"},\"query-input\":{\"@type\":\"PropertyValueSpecification\",\"valueRequired\":true,\"valueName\":\"search_term_string\"}}],\"inLanguage\":\"nb-NO\"}]}<\/script>\n<!-- \/ Yoast SEO plugin. -->","yoast_head_json":{"title":"Produkter - Dana - Sac Norway","description":"Discover Sac norway products portfolio! We provide planetary gearbox, gearmotors, helical and bevel helical gearbox, winches and fluid power products!","robots":{"index":"noindex","follow":"follow","max-snippet":"max-snippet:-1","max-image-preview":"max-image-preview:large","max-video-preview":"max-video-preview:-1"},"og_locale":"nb_NO","og_type":"article","og_title":"Produkter - Dana - Sac Norway","og_description":"Discover Sac norway products portfolio! We provide planetary gearbox, gearmotors, helical and bevel helical gearbox, winches and fluid power products!","og_url":"https:\/\/allisonoffhighway.com\/sac-norway\/no\/produkter\/","og_site_name":"Dana - Sac Norway","article_modified_time":"2026-01-12T16:28:24+00:00","twitter_card":"summary_large_image","twitter_misc":{"Ansl. lesetid":"3 minutter"},"schema":{"@context":"https:\/\/schema.org","@graph":[{"@type":"WebPage","@id":"https:\/\/allisonoffhighway.com\/sac-norway\/no\/produkter\/","url":"https:\/\/allisonoffhighway.com\/sac-norway\/no\/produkter\/","name":"Produkter - Dana - Sac Norway","isPartOf":{"@id":"https:\/\/allisonoffhighway.com\/sac-norway\/#website"},"datePublished":"2022-02-10T09:36:19+00:00","dateModified":"2026-01-12T16:28:24+00:00","description":"Discover Sac norway products portfolio! We provide planetary gearbox, gearmotors, helical and bevel helical gearbox, winches and fluid power products!","breadcrumb":{"@id":"https:\/\/allisonoffhighway.com\/sac-norway\/no\/produkter\/#breadcrumb"},"inLanguage":"nb-NO","potentialAction":[{"@type":"ReadAction","target":["https:\/\/allisonoffhighway.com\/sac-norway\/no\/produkter\/"]}]},{"@type":"BreadcrumbList","@id":"https:\/\/allisonoffhighway.com\/sac-norway\/no\/produkter\/#breadcrumb","itemListElement":[{"@type":"ListItem","position":1,"name":"Home","item":"https:\/\/allisonoffhighway.com\/sac-norway\/no\/"},{"@type":"ListItem","position":2,"name":"Produkter"}]},{"@type":"WebSite","@id":"https:\/\/allisonoffhighway.com\/sac-norway\/#website","url":"https:\/\/allisonoffhighway.com\/sac-norway\/","name":"Dana - Sac Norway","description":"","potentialAction":[{"@type":"SearchAction","target":{"@type":"EntryPoint","urlTemplate":"https:\/\/allisonoffhighway.com\/sac-norway\/?s={search_term_string}"},"query-input":{"@type":"PropertyValueSpecification","valueRequired":true,"valueName":"search_term_string"}}],"inLanguage":"nb-NO"}]}},"_links":{"self":[{"href":"https:\/\/allisonoffhighway.com\/sac-norway\/no\/wp-json\/wp\/v2\/pages\/2294","targetHints":{"allow":["GET"]}}],"collection":[{"href":"https:\/\/allisonoffhighway.com\/sac-norway\/no\/wp-json\/wp\/v2\/pages"}],"about":[{"href":"https:\/\/allisonoffhighway.com\/sac-norway\/no\/wp-json\/wp\/v2\/types\/page"}],"author":[{"embeddable":true,"href":"https:\/\/allisonoffhighway.com\/sac-norway\/no\/wp-json\/wp\/v2\/users\/1"}],"replies":[{"embeddable":true,"href":"https:\/\/allisonoffhighway.com\/sac-norway\/no\/wp-json\/wp\/v2\/comments?post=2294"}],"version-history":[{"count":12,"href":"https:\/\/allisonoffhighway.com\/sac-norway\/no\/wp-json\/wp\/v2\/pages\/2294\/revisions"}],"predecessor-version":[{"id":2857,"href":"https:\/\/allisonoffhighway.com\/sac-norway\/no\/wp-json\/wp\/v2\/pages\/2294\/revisions\/2857"}],"wp:attachment":[{"href":"https:\/\/allisonoffhighway.com\/sac-norway\/no\/wp-json\/wp\/v2\/media?parent=2294"}],"curies":[{"name":"wp","href":"https:\/\/api.w.org\/{rel}","templated":true}]}}