{"id":2227,"date":"2022-02-10T10:36:19","date_gmt":"2022-02-10T09:36:19","guid":{"rendered":"https:\/\/allisonoffhighway.com\/sac-norway\/about-us\/"},"modified":"2026-01-12T17:28:53","modified_gmt":"2026-01-12T16:28:53","slug":"om-oss","status":"publish","type":"page","link":"https:\/\/allisonoffhighway.com\/sac-norway\/no\/om-oss\/","title":{"rendered":"Om oss"},"content":{"rendered":"<div class=\"wpb-content-wrapper\"><p>[vc_row content_placement=&raquo;middle&raquo; css=&raquo;.vc_custom_1722606072725{background-color: #ffffff !important;}&raquo;][vc_column width=&raquo;6\/12&#8243;][vc_column_text css=&raquo;&raquo;]<\/p>\n<h3>Vi har v\u00e6rt aktive p\u00e5 det norske markedet siden 1994, med en gradvis vekst og forsyning til stadig flere industrier, som Marine, Olje og Gass, og offshore vindkraftproduksjon.<\/h3>\n<p>&nbsp;<\/p>\n<p>Vi designer, installerer og utf\u00f8rer service p\u00e5 <strong>transmisjons l\u00f8sninger<\/strong> og <strong>st\u00f8tter<\/strong> kunder med internasjonale sertifiseringsproblemer.[\/vc_column_text]<div style='text-align: left'><a class='btn   ' href='https:\/\/allisonoffhighway.com\/sac-norway\/no\/markets\/' target=''>Oppdag markedene<\/a><\/div>[\/vc_column][vc_column width=&raquo;1\/12&#8243;][\/vc_column][vc_column width=&raquo;5\/12&#8243; css=&raquo;.vc_custom_1722509103875{background-position: center !important;background-repeat: no-repeat !important;background-size: cover !important;}&raquo; offset=&raquo;vc_hidden-xs&raquo;][vc_single_image image=&raquo;2787&#8243; img_size=&raquo;full&raquo; css=&raquo;&raquo;][\/vc_column][\/vc_row][vc_row][vc_column][vc_empty_space][\/vc_column][\/vc_row][vc_row full_width=&raquo;stretch_row&raquo; css=&raquo;.vc_custom_1768223687932{background-color: #545859 !important;}&raquo;][vc_column][vc_empty_space height=&raquo;30px&raquo;][vc_row_inner content_placement=&raquo;bottom&raquo; gap=&raquo;35&#8243;][vc_column_inner width=&raquo;1\/2&#8243;][vc_column_text css=&raquo;&raquo;]<\/p>\n<h2><span style=\"color: #ffffff;\">Hva vi kan gj\u00f8re for deg<\/span><\/h2>\n<p><span style=\"color: #ffffff;\">Slevf\u00f8lgelig kan vi lytte.<\/span><br \/>\n<span style=\"color: #ffffff;\">Det er alltid den f\u00f8rste og viktigste m\u00e5ten \u00e5 starte p\u00e5. <strong>For v\u00e5r erfaring<\/strong> dekker mange sektorer og 30 \u00e5rs samarbeid med mange av Norges ledende selskaper. Men hver enkelt applikasjon har sine spesifikke problemer, s\u00e5 vi vet verdien av \u00e5 lytte og forst\u00e5 problemstillingene fullt ut.<\/span>[\/vc_column_text][\/vc_column_inner][vc_column_inner width=&raquo;1\/2&#8243;][vc_column_text css=&raquo;&raquo;]<span style=\"color: #ffffff;\">I sammarbeid med ekspertene i ditt team, vil vi bestemme den beste l\u00f8sningen og nytte oss av de mange tekniske egenskapene i v\u00e5rt internasjonale nettverk. Vi har ogs\u00e5 mulighet til \u00e5 inkludere spesialtilpasninger for \u00e5 fullf\u00f8re <strong>design og produksjon<\/strong> av komponentene du trenger. Vi vil da ta oss av <strong>sertifiseringer<\/strong>, <strong>frakt<\/strong> og <strong>om \u00f8nsket installasjon<\/strong>, etterfulgt av et solid sammarbeid for \u00e5 administrere servicekrav som sikrer <strong>maksimal ytelse<\/strong> og <strong>effektivitet<\/strong> til deres l\u00f8sning.<\/span>[\/vc_column_text][\/vc_column_inner][\/vc_row_inner][vc_row_inner][vc_column_inner]<div style='text-align: center'><a class='btn   ' href='https:\/\/allisonoffhighway.com\/sac-norway\/no\/contact\/' target=''>Be om tilbud<\/a><\/div>[vc_empty_space][\/vc_column_inner][\/vc_row_inner][vc_empty_space height=&raquo;40px&raquo;][\/vc_column][\/vc_row][vc_row][vc_column][vc_empty_space height=&raquo;16px&raquo;][\/vc_column][\/vc_row][vc_row content_placement=&raquo;middle&raquo; css=&raquo;.vc_custom_1722603065487{background-color: #ffffff !important;}&raquo;][vc_column width=&raquo;1\/12&#8243;][\/vc_column][vc_column width=&raquo;6\/12&#8243;][vc_single_image image=&raquo;2789&#8243; img_size=&raquo;full&raquo; css=&raquo;&raquo;][\/vc_column][vc_column width=&raquo;5\/12&#8243; css=&raquo;.vc_custom_1722509103875{background-position: center !important;background-repeat: no-repeat !important;background-size: cover !important;}&raquo; offset=&raquo;vc_hidden-xs&raquo;][vc_column_text css=&raquo;&raquo;]<\/p>\n<h3>V\u00e5rt team<\/h3>\n<p>&nbsp;<\/p>\n<p>Lokalisert i <strong>Larvik<\/strong>, er v\u00e5rt team av salgsingeni\u00f8rer, service mekanikere, logistikk avdeling og \u00f8vrig administrasjon klare til \u00e5 gi deg st\u00f8tte med de <strong>beste<\/strong> <strong>l\u00f8sninger<\/strong> for \u00e5 holde din virksomhet <strong>effektiv<\/strong> og <strong>l\u00f8nnsom<\/strong>.[\/vc_column_text][\/vc_column][\/vc_row][vc_row content_placement=&raquo;middle&raquo; css=&raquo;.vc_custom_1722603151200{background-color: #ffffff !important;}&raquo;][vc_column width=&raquo;1\/12&#8243;][\/vc_column][vc_column width=&raquo;6\/12&#8243;][vc_separator color=&raquo;blue&raquo; align=&raquo;align_left&raquo; border_width=&raquo;4&#8243; el_width=&raquo;50&#8243; css=&raquo;&raquo;][vc_column_text css=&raquo;&raquo;]<\/p>\n<h4>Tilbakeblikk<\/h4>\n<p>Opprinnelig spesialiserte vi oss p\u00e5 livreddende utstyr til bruk p\u00e5 sj\u00f8fart. Og vi startet \u00e5 betjene oljerigger for 20 \u00e5r siden, hvor vi installerte og utf\u00f8rte service p\u00e5 heise-, r\u00f8rh\u00e5ndterings- og boreutstyr, samt utstyr brukt p\u00e5 boreskipsdekk. Vi leverer ogs\u00e5 <strong>vinsjer<\/strong>, <strong>girkasser<\/strong>, <strong>hydrauliske motorer<\/strong> og <strong>l\u00f8sninger<\/strong> for kraner og annet utstyr som finnes p\u00e5 et skips dekk. Nylig begynte vi \u00e5 operere innen offshore vindkraftproduksjon.[\/vc_column_text][\/vc_column][vc_column width=&raquo;5\/12&#8243; css=&raquo;.vc_custom_1722509103875{background-position: center !important;background-repeat: no-repeat !important;background-size: cover !important;}&raquo; offset=&raquo;vc_hidden-xs&raquo;][vc_single_image image=&raquo;2792&#8243; img_size=&raquo;full&raquo; css=&raquo;&raquo;][\/vc_column][\/vc_row][vc_row content_placement=&raquo;middle&raquo; css=&raquo;.vc_custom_1722603156904{background-color: #ffffff !important;}&raquo;][vc_column width=&raquo;1\/12&#8243;][\/vc_column][vc_column width=&raquo;6\/12&#8243;][vc_separator color=&raquo;blue&raquo; align=&raquo;align_left&raquo; border_width=&raquo;4&#8243; el_width=&raquo;50&#8243; css=&raquo;&raquo;][vc_column_text css=&raquo;&raquo;]<\/p>\n<h4>Fremtiden<\/h4>\n<p>V\u00e5re planer er en utvidelse av v\u00e5rt anlegg i <strong>Larvik<\/strong> hvor vi \u00f8nsker \u00e5 \u00f8ke fra <strong>1000 kvm. til 1500 kvm<\/strong>. For tiden er vi utstyrt med maskiner for <strong>montering<\/strong> og <strong>reparasjonsaktiviteter<\/strong>, Vi har ogs\u00e5 utstyr for diagnostikk og h\u00f8yteknologiske m\u00e5lesystemer.<\/p>\n<p>Vi tilbyr overflatebehandling og sandbl\u00e5sing.<br \/>\nOg med Dana nettverket kan vi tilby tilpassede <strong>produkter<\/strong> og <strong>l\u00f8sninger<\/strong> som vi designer og utf\u00f8rer.&raquo;[\/vc_column_text][\/vc_column][vc_column width=&raquo;5\/12&#8243; css=&raquo;.vc_custom_1722509103875{background-position: center !important;background-repeat: no-repeat !important;background-size: cover !important;}&raquo; offset=&raquo;vc_hidden-xs&raquo;][vc_single_image image=&raquo;1868&#8243; img_size=&raquo;full&raquo; css=&raquo;&raquo;][\/vc_column][\/vc_row][vc_section full_width=&raquo;stretch_row&raquo; css=&raquo;.vc_custom_1722612811803{background-color: rgba(171,184,195,0.25) !important;*background-color: rgb(171,184,195) !important;}&raquo;][vc_row][vc_column][vc_empty_space height=&raquo;16px&raquo;][vc_column_text css=&raquo;&raquo;]<\/p>\n<h3 style=\"text-align: center; font-size: 27px;\">N\u00f8kkeltall<\/h3>\n<p>[\/vc_column_text][vc_empty_space height=&raquo;16px&raquo;][\/vc_column][\/vc_row][vc_row full_width=&raquo;stretch_row&raquo;][vc_column width=&raquo;1\/4&#8243;]    <div class=\"counter_shortcode\">\n\t\t<img loading=\"lazy\" decoding=\"async\" width=\"85\" height=\"100\" src=\"https:\/\/allisonoffhighway.com\/sac-norway\/wp-content\/uploads\/2024\/08\/Peopleicon.png\" class=\"attachment-thumbnail size-thumbnail\" alt=\"\" \/>\t\t\n\t\t<div class=\"contatore\">\n\t\t\t<span class=\"num\" id='counter-640641424'>18<\/span>\n\t\t\t<small class=\"simbolo\"><\/small>\n\t\t<\/div>\n\t\t\n\t\t\t\t\t<span class=\"dopo\">Antall ansatte<\/span>\n\t\t\t\t\n        <script>\n\t\t\t(function () {\n                let $el = document.getElementById('counter-640641424');\n                let c = new Contatore($el, 3000);\n                onEnterViewport($el, function () { c.start(); });\n\t\t\t})();\n        <\/script>\n    <\/div>\n    [\/vc_column][vc_column width=&raquo;1\/4&#8243;]    <div class=\"counter_shortcode\">\n\t\t<img loading=\"lazy\" decoding=\"async\" width=\"85\" height=\"100\" src=\"https:\/\/allisonoffhighway.com\/sac-norway\/wp-content\/uploads\/2024\/08\/Surfaceareaicon.png\" class=\"attachment-thumbnail size-thumbnail\" alt=\"\" \/>\t\t\n\t\t<div class=\"contatore\">\n\t\t\t<span class=\"num\" id='counter-604189929'>1000<\/span>\n\t\t\t<small class=\"simbolo\">m2<\/small>\n\t\t<\/div>\n\t\t\n\t\t\t\t\t<span class=\"dopo\">Overflateareal<\/span>\n\t\t\t\t\n        <script>\n\t\t\t(function () {\n                let $el = document.getElementById('counter-604189929');\n                let c = new Contatore($el, 3000);\n                onEnterViewport($el, function () { c.start(); });\n\t\t\t})();\n        <\/script>\n    <\/div>\n    [\/vc_column][vc_column width=&raquo;1\/4&#8243;]    <div class=\"counter_shortcode\">\n\t\t<img loading=\"lazy\" decoding=\"async\" width=\"85\" height=\"100\" src=\"https:\/\/allisonoffhighway.com\/sac-norway\/wp-content\/uploads\/2024\/08\/Productsold.png\" class=\"attachment-thumbnail size-thumbnail\" alt=\"\" \/>\t\t\n\t\t<div class=\"contatore\">\n\t\t\t<span class=\"num\" id='counter-331262688'>135500<\/span>\n\t\t\t<small class=\"simbolo\">+<\/small>\n\t\t<\/div>\n\t\t\n\t\t\t\t\t<span class=\"dopo\">Antall produkter solgt<\/span>\n\t\t\t\t\n        <script>\n\t\t\t(function () {\n                let $el = document.getElementById('counter-331262688');\n                let c = new Contatore($el, 3000);\n                onEnterViewport($el, function () { c.start(); });\n\t\t\t})();\n        <\/script>\n    <\/div>\n    [\/vc_column][vc_column width=&raquo;1\/4&#8243;]    <div class=\"counter_shortcode\">\n\t\t<img loading=\"lazy\" decoding=\"async\" width=\"85\" height=\"100\" src=\"https:\/\/allisonoffhighway.com\/sac-norway\/wp-content\/uploads\/2024\/08\/Serviceintervation.png\" class=\"attachment-thumbnail size-thumbnail\" alt=\"\" \/>\t\t\n\t\t<div class=\"contatore\">\n\t\t\t<span class=\"num\" id='counter-788579818'>500<\/span>\n\t\t\t<small class=\"simbolo\">+<\/small>\n\t\t<\/div>\n\t\t\n\t\t\t\t\t<span class=\"dopo\">Antall service oppdrag pr \u00e5r<\/span>\n\t\t\t\t\n        <script>\n\t\t\t(function () {\n                let $el = document.getElementById('counter-788579818');\n                let c = new Contatore($el, 3000);\n                onEnterViewport($el, function () { c.start(); });\n\t\t\t})();\n        <\/script>\n    <\/div>\n    [\/vc_column][vc_column][vc_empty_space height=&raquo;16px&raquo;][\/vc_column][\/vc_row][\/vc_section][vc_section full_width=&raquo;stretch_row&raquo; css=&raquo;.vc_custom_1768223824858{background-color: #214871 !important;}&raquo;][vc_row content_placement=&raquo;middle&raquo;][vc_column width=&raquo;1\/12&#8243;][\/vc_column][vc_column width=&raquo;10\/12&#8243;][vc_empty_space height=&raquo;40px&raquo;][vc_column_text css=&raquo;&raquo;]<\/p>\n<h3><span style=\"color: #ffffff; font-size: 30px;\">L\u00f8sninger, service og sertifisering<\/span><\/h3>\n<p>[\/vc_column_text][vc_column_text css=&raquo;&raquo;]<span style=\"color: #ffffff;\">30 \u00e5r p\u00e5 det norske markedet har gitt oss verdifull erfaring og kunnskap om bransjene og <strong>n\u00f8kkelapplikasjoner<\/strong> som vi betjener. I dag er vi i stand til \u00e5 tilby spesialtilpssede l\u00f8sninger og sikre st\u00f8tte fra ingeni\u00f8r- og designfasen, til vedlikehold og service. Vi tar ogs\u00e5 h\u00e5nd om <strong>sertifiseringskravene<\/strong>, og over 50 % av v\u00e5re leverte l\u00f8sninger er sertifisert av de store<strong> sertifiseringsorganene som\u00a0DNV,\u00a0ABS\u00a0osv<\/strong>.<\/span>[\/vc_column_text][vc_row_inner content_placement=&raquo;middle&raquo;][vc_column_inner width=&raquo;1\/2&#8243;][vc_single_image image=&raquo;2795&#8243; img_size=&raquo;full&raquo; css=&raquo;&raquo;][\/vc_column_inner][vc_column_inner width=&raquo;1\/2&#8243;][vc_column_text css=&raquo;&raquo;]<\/p>\n<h4><span style=\"color: #ffffff;\">Onsite service<\/span><\/h4>\n<p><span style=\"color: #ffffff;\">For en rekke av v\u00e5re kunder som opererer globalt, tilbyr vi\u00a0full utstyrsservice\u00a0over hele verden og reiser ut til kunde for service og ombygging p\u00e5 aktuelle produkter og applikasjoner. Vi har\u00a0kompetansen og erfaringen\u00a0til \u00e5 bist\u00e5 v\u00e5re kunder b\u00e5de\u00a0offshore og i landbaserte milj\u00f8er.<\/span>[\/vc_column_text]<a class='btn   ' href='https:\/\/allisonoffhighway.com\/sac-norway\/no\/services\/' target=''>Les mer om v\u00e5re tjenester<\/a>[\/vc_column_inner][\/vc_row_inner][vc_empty_space height=&raquo;40px&raquo;][\/vc_column][vc_column width=&raquo;1\/12&#8243;][\/vc_column][\/vc_row][\/vc_section]<\/p>\n<\/div>","protected":false},"excerpt":{"rendered":"<p>[vc_row content_placement=&raquo;middle&raquo; css=&raquo;.vc_custom_1722606072725{background-color: #ffffff !important;}&raquo;][vc_column width=&raquo;6\/12&#8243;][vc_column_text css=&raquo;&raquo;] Vi har v\u00e6rt aktive p\u00e5 det norske markedet siden 1994, med en gradvis vekst og forsyning til stadig flere industrier, som Marine, Olje og Gass, og offshore vindkraftproduksjon. &nbsp; Vi designer, installerer og utf\u00f8rer service p\u00e5 transmisjons l\u00f8sninger og st\u00f8tter kunder med internasjonale sertifiseringsproblemer.[\/vc_column_text][\/vc_column][vc_column width=&raquo;1\/12&#8243;][\/vc_column][vc_column width=&raquo;5\/12&#8243; css=&raquo;.vc_custom_1722509103875{background-position: center [&hellip;]<\/p>\n","protected":false},"author":1,"featured_media":0,"parent":0,"menu_order":0,"comment_status":"closed","ping_status":"closed","template":"","meta":{"_acf_changed":false,"footnotes":""},"class_list":["post-2227","page","type-page","status-publish","hentry"],"acf":[],"yoast_head":"<!-- This site is optimized with the Yoast SEO plugin v25.0 - https:\/\/yoast.com\/wordpress\/plugins\/seo\/ -->\n<title>Om oss - Dana - Sac Norway<\/title>\n<meta name=\"description\" content=\"Discover Sac Norway! We cover the market with service capacity planetary gearboxes, helical gearboxes, winches and fluid power solutions!\" \/>\n<meta name=\"robots\" content=\"noindex, follow, max-snippet:-1, max-image-preview:large, max-video-preview:-1\" \/>\n<meta property=\"og:locale\" content=\"nb_NO\" \/>\n<meta property=\"og:type\" content=\"article\" \/>\n<meta property=\"og:title\" content=\"Om oss - Dana - Sac Norway\" \/>\n<meta property=\"og:description\" content=\"Discover Sac Norway! We cover the market with service capacity planetary gearboxes, helical gearboxes, winches and fluid power solutions!\" \/>\n<meta property=\"og:url\" content=\"https:\/\/allisonoffhighway.com\/sac-norway\/no\/om-oss\/\" \/>\n<meta property=\"og:site_name\" content=\"Dana - Sac Norway\" \/>\n<meta property=\"article:modified_time\" content=\"2026-01-12T16:28:53+00:00\" \/>\n<meta name=\"twitter:card\" content=\"summary_large_image\" \/>\n<meta name=\"twitter:label1\" content=\"Ansl. lesetid\" \/>\n\t<meta name=\"twitter:data1\" content=\"5 minutter\" \/>\n<script type=\"application\/ld+json\" class=\"yoast-schema-graph\">{\"@context\":\"https:\/\/schema.org\",\"@graph\":[{\"@type\":\"WebPage\",\"@id\":\"https:\/\/allisonoffhighway.com\/sac-norway\/no\/om-oss\/\",\"url\":\"https:\/\/allisonoffhighway.com\/sac-norway\/no\/om-oss\/\",\"name\":\"Om oss - Dana - Sac Norway\",\"isPartOf\":{\"@id\":\"https:\/\/allisonoffhighway.com\/sac-norway\/#website\"},\"datePublished\":\"2022-02-10T09:36:19+00:00\",\"dateModified\":\"2026-01-12T16:28:53+00:00\",\"description\":\"Discover Sac Norway! We cover the market with service capacity planetary gearboxes, helical gearboxes, winches and fluid power solutions!\",\"breadcrumb\":{\"@id\":\"https:\/\/allisonoffhighway.com\/sac-norway\/no\/om-oss\/#breadcrumb\"},\"inLanguage\":\"nb-NO\",\"potentialAction\":[{\"@type\":\"ReadAction\",\"target\":[\"https:\/\/allisonoffhighway.com\/sac-norway\/no\/om-oss\/\"]}]},{\"@type\":\"BreadcrumbList\",\"@id\":\"https:\/\/allisonoffhighway.com\/sac-norway\/no\/om-oss\/#breadcrumb\",\"itemListElement\":[{\"@type\":\"ListItem\",\"position\":1,\"name\":\"Home\",\"item\":\"https:\/\/allisonoffhighway.com\/sac-norway\/no\/\"},{\"@type\":\"ListItem\",\"position\":2,\"name\":\"Om oss\"}]},{\"@type\":\"WebSite\",\"@id\":\"https:\/\/allisonoffhighway.com\/sac-norway\/#website\",\"url\":\"https:\/\/allisonoffhighway.com\/sac-norway\/\",\"name\":\"Dana - Sac Norway\",\"description\":\"\",\"potentialAction\":[{\"@type\":\"SearchAction\",\"target\":{\"@type\":\"EntryPoint\",\"urlTemplate\":\"https:\/\/allisonoffhighway.com\/sac-norway\/?s={search_term_string}\"},\"query-input\":{\"@type\":\"PropertyValueSpecification\",\"valueRequired\":true,\"valueName\":\"search_term_string\"}}],\"inLanguage\":\"nb-NO\"}]}<\/script>\n<!-- \/ Yoast SEO plugin. -->","yoast_head_json":{"title":"Om oss - Dana - Sac Norway","description":"Discover Sac Norway! We cover the market with service capacity planetary gearboxes, helical gearboxes, winches and fluid power solutions!","robots":{"index":"noindex","follow":"follow","max-snippet":"max-snippet:-1","max-image-preview":"max-image-preview:large","max-video-preview":"max-video-preview:-1"},"og_locale":"nb_NO","og_type":"article","og_title":"Om oss - Dana - Sac Norway","og_description":"Discover Sac Norway! We cover the market with service capacity planetary gearboxes, helical gearboxes, winches and fluid power solutions!","og_url":"https:\/\/allisonoffhighway.com\/sac-norway\/no\/om-oss\/","og_site_name":"Dana - Sac Norway","article_modified_time":"2026-01-12T16:28:53+00:00","twitter_card":"summary_large_image","twitter_misc":{"Ansl. lesetid":"5 minutter"},"schema":{"@context":"https:\/\/schema.org","@graph":[{"@type":"WebPage","@id":"https:\/\/allisonoffhighway.com\/sac-norway\/no\/om-oss\/","url":"https:\/\/allisonoffhighway.com\/sac-norway\/no\/om-oss\/","name":"Om oss - Dana - Sac Norway","isPartOf":{"@id":"https:\/\/allisonoffhighway.com\/sac-norway\/#website"},"datePublished":"2022-02-10T09:36:19+00:00","dateModified":"2026-01-12T16:28:53+00:00","description":"Discover Sac Norway! We cover the market with service capacity planetary gearboxes, helical gearboxes, winches and fluid power solutions!","breadcrumb":{"@id":"https:\/\/allisonoffhighway.com\/sac-norway\/no\/om-oss\/#breadcrumb"},"inLanguage":"nb-NO","potentialAction":[{"@type":"ReadAction","target":["https:\/\/allisonoffhighway.com\/sac-norway\/no\/om-oss\/"]}]},{"@type":"BreadcrumbList","@id":"https:\/\/allisonoffhighway.com\/sac-norway\/no\/om-oss\/#breadcrumb","itemListElement":[{"@type":"ListItem","position":1,"name":"Home","item":"https:\/\/allisonoffhighway.com\/sac-norway\/no\/"},{"@type":"ListItem","position":2,"name":"Om oss"}]},{"@type":"WebSite","@id":"https:\/\/allisonoffhighway.com\/sac-norway\/#website","url":"https:\/\/allisonoffhighway.com\/sac-norway\/","name":"Dana - Sac Norway","description":"","potentialAction":[{"@type":"SearchAction","target":{"@type":"EntryPoint","urlTemplate":"https:\/\/allisonoffhighway.com\/sac-norway\/?s={search_term_string}"},"query-input":{"@type":"PropertyValueSpecification","valueRequired":true,"valueName":"search_term_string"}}],"inLanguage":"nb-NO"}]}},"_links":{"self":[{"href":"https:\/\/allisonoffhighway.com\/sac-norway\/no\/wp-json\/wp\/v2\/pages\/2227","targetHints":{"allow":["GET"]}}],"collection":[{"href":"https:\/\/allisonoffhighway.com\/sac-norway\/no\/wp-json\/wp\/v2\/pages"}],"about":[{"href":"https:\/\/allisonoffhighway.com\/sac-norway\/no\/wp-json\/wp\/v2\/types\/page"}],"author":[{"embeddable":true,"href":"https:\/\/allisonoffhighway.com\/sac-norway\/no\/wp-json\/wp\/v2\/users\/1"}],"replies":[{"embeddable":true,"href":"https:\/\/allisonoffhighway.com\/sac-norway\/no\/wp-json\/wp\/v2\/comments?post=2227"}],"version-history":[{"count":9,"href":"https:\/\/allisonoffhighway.com\/sac-norway\/no\/wp-json\/wp\/v2\/pages\/2227\/revisions"}],"predecessor-version":[{"id":2851,"href":"https:\/\/allisonoffhighway.com\/sac-norway\/no\/wp-json\/wp\/v2\/pages\/2227\/revisions\/2851"}],"wp:attachment":[{"href":"https:\/\/allisonoffhighway.com\/sac-norway\/no\/wp-json\/wp\/v2\/media?parent=2227"}],"curies":[{"name":"wp","href":"https:\/\/api.w.org\/{rel}","templated":true}]}}