{"id":2200,"date":"2022-02-08T15:40:31","date_gmt":"2022-02-08T14:40:31","guid":{"rendered":"https:\/\/allisonoffhighway.com\/sac-norway\/homepage\/"},"modified":"2026-01-12T17:25:15","modified_gmt":"2026-01-12T16:25:15","slug":"homepage","status":"publish","type":"page","link":"https:\/\/allisonoffhighway.com\/sac-norway\/no\/","title":{"rendered":"Homepage"},"content":{"rendered":"<div class=\"wpb-content-wrapper\"><p>[vc_row full_width=&raquo;stretch_row_content_no_spaces&raquo;][vc_column]\t\n\t<div id=\"lvmk_slider-2521\"\n\t\t class=\"lvmk_slider \"\n\t\t data-durata-slide=\"6\"\n\t     style=\"opacity: 0;\"\n\t>\n\t\t\t\t\t<div class=\"lvmk_slider-slide\" data-type=\"Video\">\n\t\t\t\t<label class=\"lvmk_slider-title\">\n\t\t\t\t\t<div class=\"sopratitolo\">SAC Norway<\/div>\n\t\t\t\t\t<div class=\"titolo\">Velkommen til v\u00e5rt Service<br>og Assembly center<\/div>\n\t\t\t\t\t<a class=\"btn btn-bianco\"\n\t\t\t\t\t   href=\"https:\/\/allisonoffhighway.com\/sac-norway\/no\/about-us\/\"\n\t\t\t\t\t   target=\"\">\n\t\t\t\t\t\tOm oss\t\t\t\t\t<\/a>\n\t\t\t\t<\/label>\n\t\t\t\t\n\t\t\t\t\t\t\t\t\t<video class=\"lvmk_slider-content lvmk_slider-content--desktop\" muted playsinline\n\t\t\t\t\t\t   src=\"https:\/\/allisonoffhighway.com\/sac-norway\/wp-content\/uploads\/2024\/11\/VideoDesktop-Homepage-norvegese-2026.mp4\"><\/video>\n\t\t\t\t\t<video class=\"lvmk_slider-content lvmk_slider-content--mobile\" muted playsinline\n\t\t\t\t\t\t   src=\"https:\/\/allisonoffhighway.com\/sac-norway\/wp-content\/uploads\/2024\/11\/Videomobile-Homepage-norvegese-2026.mp4\"><\/video>\n\t\t\t\t\n\t\t\t\t\t\t\t<\/div>\n\t\t\t<\/div>\n\t\n\t[vc_empty_space][\/vc_column][\/vc_row][vc_section full_width=&raquo;stretch_row&raquo; css=&raquo;.vc_custom_1722585736215{background-color: #ffffff !important;background-position: center !important;background-repeat: no-repeat !important;background-size: cover !important;}&raquo; el_class=&raquo;overlap&raquo;][vc_row][vc_column][vc_empty_space height=&raquo;30px&raquo;][\/vc_column][\/vc_row][vc_row][vc_column width=&raquo;1\/2&#8243;][vc_empty_space height=&raquo;10px&raquo;][vc_single_image image=&raquo;2122&#8243; css=&raquo;&raquo;][vc_column_text css=&raquo;&raquo;]<\/p>\n<h3>Produktportef\u00f8lje<\/h3>\n<p class=\"text\">Vi henter produktene internt fra v\u00e5rt globale nettverk og kan tilby et ekstremt bredt utvalg av produkter. Dette dekker behovene for kraftoverf\u00f8ring i form av girkasser, samt mange flere l\u00f8sninger som er n\u00f8dvendige for viktige norske n\u00e6ringer og som er tilgjengelige i v\u00e5rt verdensomspennende konsern.<\/p>\n<p>[\/vc_column_text]<a class='btn   ' href='https:\/\/allisonoffhighway.com\/sac-norway\/no\/products\/' target=''>Les mer om v\u00e5re produkter<\/a>[vc_empty_space height=&raquo;10px&raquo;][\/vc_column][vc_column width=&raquo;1\/2&#8243;][vc_empty_space height=&raquo;10px&raquo;][vc_single_image image=&raquo;2125&#8243; css=&raquo;&raquo;][vc_column_text css=&raquo;&raquo;]<\/p>\n<h3>Service kunnskap<\/h3>\n<p class=\"text\">Service er et sp\u00f8rsm\u00e5l om \u00e5 st\u00f8tte deg f\u00f8r, under og etterp\u00e5. Vi tilbyr et bredt spekter av tjenester, inkludert testing, diagnostikk, service, resertifisering og installasjon p\u00e5 stedet, s\u00e5 vel som over hele verden. V\u00e5rt reservedelslager er basert p\u00e5 markedskrav, og v\u00e5rt dedikerte team bist\u00e5r med internasjonal nettverksst\u00f8tte.<\/p>\n<p>[\/vc_column_text]<a class='btn   ' href='https:\/\/allisonoffhighway.com\/sac-norway\/no\/services\/' target=''>Les mer om v\u00e5re tjenester<\/a>[vc_empty_space height=&raquo;10px&raquo;][\/vc_column][\/vc_row][vc_row][vc_column][vc_empty_space height=&raquo;80px&raquo;][\/vc_column][\/vc_row][vc_row css=&raquo;.vc_custom_1725356379746{background-image: url(https:\/\/allisonoffhighway.com\/sac-norway\/wp-content\/uploads\/2024\/09\/Dana-Juni24-039-1.png?id=2153) !important;background-position: center !important;background-repeat: no-repeat !important;background-size: cover !important;}&raquo; el_class=&raquo;bg-dark&raquo;][vc_column css=&raquo;.vc_custom_1725439062072{padding-top: 0px !important;}&raquo;][vc_row_inner gap=&raquo;35&#8243;][vc_column_inner el_class=&raquo;bg-dark&raquo; width=&raquo;1\/2&#8243; css=&raquo;.vc_custom_1725356586102{padding-top: 80px !important;padding-bottom: 80px !important;}&raquo;]<h3 class='titolo-shortcode ' style='font-weight: 700;color: #fff;text-align: left;'>Case studier<\/h3>[vc_column_text css=&raquo;&raquo;]<span style=\"color: #ffffff;\">Vi ble bedt om \u00e5 utf\u00f8re reparasjoner p\u00e5 boreutstyret til en oljeplattform, spesielt spenningsvinsjsystemet som tidligere var levert som et spesialdesignet element. Overhaling av n\u00f8kkelkomponenter og resertifisering i samsvar med DNV-standarder er nettopp der v\u00e5r kompetanse skiller seg ut p\u00e5 det norske markedet. Ingenting overlates til tilfeldighetene i v\u00e5r trinnvise tiln\u00e6rming.<\/span>[\/vc_column_text]<div style='text-align: left'><a class='btn   ' href='https:\/\/allisonoffhighway.com\/sac-norway\/no\/products\/' target=''>Les mer om andre case studier<\/a><\/div>[vc_empty_space][\/vc_column_inner][\/vc_row_inner][\/vc_column][\/vc_row][vc_row content_placement=&raquo;middle&raquo;][vc_column][vc_empty_space][\/vc_column][vc_column width=&raquo;2\/3&#8243;][vc_single_image image=&raquo;1693&#8243; img_size=&raquo;full&raquo; css=&raquo;&raquo;][\/vc_column][vc_column width=&raquo;1\/3&#8243;]<h2 class='titolo-shortcode {h2 font-size:30px;}' style='font-weight: 700;color: #000;text-align: left;'>Hvorfor velge<\/h2>[vc_single_image image=&raquo;2781&#8243; img_size=&raquo;full&raquo; css=&raquo;&raquo;][\/vc_column][\/vc_row][vc_row][vc_column width=&raquo;1\/3&#8243;][vc_separator color=&raquo;custom&raquo; align=&raquo;align_left&raquo; border_width=&raquo;4&#8243; el_width=&raquo;50&#8243; css=&raquo;&raquo; accent_color=&raquo;#0032A0&#8243;]<h3 class='titolo-shortcode ' style='font-weight: 700;color: #000;text-align: left;'>Inng\u00e5ende kunnskap<\/h3>[vc_column_text css=&raquo;&raquo;]<strong>Siden 1994<\/strong> har vi utvidet v\u00e5r ekspertise p\u00e5 n\u00f8kkelmarkeder, <strong>ved \u00e5 st\u00f8tte kundene v\u00e5re lokalt og rundt om i verden<\/strong>. Vi tilbyr <strong>l\u00f8sninger<\/strong>, ikke bare produkter, og vi utnytter v\u00e5r sterke <strong>applikasjonskunnskap<\/strong> og <strong>erfaring<\/strong> for \u00e5 finne det beste svaret p\u00e5 det enkelte behov.[\/vc_column_text][\/vc_column][vc_column width=&raquo;1\/3&#8243;][vc_separator color=&raquo;custom&raquo; align=&raquo;align_left&raquo; border_width=&raquo;4&#8243; el_width=&raquo;50&#8243; css=&raquo;&raquo; accent_color=&raquo;#0032A0&#8243;]<h3 class='titolo-shortcode ' style='font-weight: 700;color: #000;text-align: left;'>Bredt utvalg av l\u00f8sninger<\/h3>[vc_column_text css=&raquo;&raquo;]Som en del av et <strong>globalt selskap<\/strong> har vi tilgang til et bredt utvalg av <strong>kraftoverf\u00f8ringsprodukter<\/strong> og <strong>tilpasningsmuligheter<\/strong> ved kompetansesentre over hele verden. V\u00e5re viktigste produktfamilier i <strong>Norge<\/strong> dekker alle behov innenfor sektorene <strong>marin<\/strong>, <strong>olje<\/strong> <strong>og gass<\/strong> samt <strong>offshore<\/strong> <strong>vindkraftproduksjon<\/strong>.[\/vc_column_text][\/vc_column][vc_column width=&raquo;1\/3&#8243;][vc_separator color=&raquo;custom&raquo; align=&raquo;align_left&raquo; border_width=&raquo;4&#8243; el_width=&raquo;50&#8243; css=&raquo;&raquo; accent_color=&raquo;#0032A0&#8243;]<h3 class='titolo-shortcode ' style='font-weight: 700;color: #000;text-align: left;'>St\u00f8tter til med sertifiseringer<\/h3>[vc_column_text css=&raquo;&raquo;]P\u00e5 grunn av strenge<strong> markedsreguleringer<\/strong> og<strong> kritiske applikasjonsmilj\u00f8er<\/strong>, spesielt offshore, h\u00e5ndterer vi og gir tett st\u00f8tte p\u00e5 alle <strong>typer sertifiseringsbehov<\/strong>. Dette inkluderer de store sertifiseringsorganene som\u00a0<strong>DNV,\u00a0ABS<\/strong>\u00a0osv.[\/vc_column_text][\/vc_column][\/vc_row][vc_row content_placement=&raquo;middle&raquo;][vc_column][vc_empty_space height=&raquo;16px&raquo;]<div style='text-align: center'><a class='btn  btn-orange ' href='https:\/\/allisonoffhighway.com\/sac-norway\/no\/contact\/' target=''>Be om tilbud<\/a><\/div>[vc_empty_space height=&raquo;16px&raquo;][\/vc_column][\/vc_row][vc_row][vc_column][vc_empty_space height=&raquo;80px&raquo;][\/vc_column][\/vc_row][vc_row content_placement=&raquo;middle&raquo;][vc_column width=&raquo;1\/2&#8243;][vc_single_image image=&raquo;2784&#8243; img_size=&raquo;full&raquo; css=&raquo;&raquo;][\/vc_column][vc_column width=&raquo;1\/2&#8243;]<h2 class='titolo-shortcode ' style='font-weight: 700;color: #000;text-align: left;'>V\u00e5re markeder<\/h2>[vc_column_text css=&raquo;&raquo;]Vi spesialiserer oss p\u00e5\u00a0<strong>industriomr\u00e5der<\/strong> i v\u00e5rt hjemmemarkedet. Dette inkluderer\u00a0<strong>marinindustri<\/strong>,\u00a0olje og gass\u00a0samt\u00a0<strong>offshore vindkraft<\/strong>\u00a0og\u00a0<strong>materialh\u00e5ndtering<\/strong>.<\/p>\n<p>Som en del av et globalt selskap har vi imidlertid tilgang til en omfattende <strong>kunnskapsbase<\/strong> som dekker mange andre sektorer, samt et bredt produktutvalg. Med s\u00e5 mange <strong>verdifulle ressurser<\/strong> i ryggen kan vi st\u00f8tte kunder fra alle sektorer i Norge som har behov for <strong>kraftoverf\u00f8ringsl\u00f8sninger<\/strong>.[\/vc_column_text][vc_column_text css=&raquo;&raquo;]<a href=\"https:\/\/allisonoffhighway.com\/sac-norway\/no\/markets\/\">Oppdag mer<\/a>[\/vc_column_text][\/vc_column][\/vc_row][vc_row][vc_column][vc_empty_space height=&raquo;80px&raquo;][\/vc_column][\/vc_row][\/vc_section]<\/p>\n<\/div>","protected":false},"excerpt":{"rendered":"<p>[vc_row full_width=&raquo;stretch_row_content_no_spaces&raquo;][vc_column][vc_empty_space][\/vc_column][\/vc_row][vc_section full_width=&raquo;stretch_row&raquo; css=&raquo;.vc_custom_1722585736215{background-color: #ffffff !important;background-position: center !important;background-repeat: no-repeat !important;background-size: cover !important;}&raquo; el_class=&raquo;overlap&raquo;][vc_row][vc_column][vc_empty_space height=&raquo;30px&raquo;][\/vc_column][\/vc_row][vc_row][vc_column width=&raquo;1\/2&#8243;][vc_empty_space height=&raquo;10px&raquo;][vc_single_image image=&raquo;2122&#8243; css=&raquo;&raquo;][vc_column_text css=&raquo;&raquo;] Produktportef\u00f8lje Vi henter produktene internt fra v\u00e5rt globale nettverk og kan tilby et ekstremt bredt utvalg av produkter. Dette dekker behovene for kraftoverf\u00f8ring i form av girkasser, samt mange flere l\u00f8sninger som er n\u00f8dvendige for viktige [&hellip;]<\/p>\n","protected":false},"author":1,"featured_media":0,"parent":0,"menu_order":0,"comment_status":"closed","ping_status":"closed","template":"","meta":{"_acf_changed":false,"footnotes":""},"class_list":["post-2200","page","type-page","status-publish","hentry"],"acf":[],"yoast_head":"<!-- This site is optimized with the Yoast SEO plugin v25.0 - https:\/\/yoast.com\/wordpress\/plugins\/seo\/ -->\n<title>Homepage - Dana - Sac Norway<\/title>\n<meta name=\"description\" content=\"Velkommen til SAC Norway Service and Assembly Center. Oppdag v\u00e5re team og v\u00e5r service av girkasser, vinsjer og girmotorer.\" \/>\n<meta name=\"robots\" content=\"noindex, follow, max-snippet:-1, max-image-preview:large, max-video-preview:-1\" \/>\n<meta property=\"og:locale\" content=\"nb_NO\" \/>\n<meta property=\"og:type\" content=\"article\" \/>\n<meta property=\"og:title\" content=\"Homepage - Dana - Sac Norway\" \/>\n<meta property=\"og:description\" content=\"Velkommen til SAC Norway Service and Assembly Center. Oppdag v\u00e5re team og v\u00e5r service av girkasser, vinsjer og girmotorer.\" \/>\n<meta property=\"og:url\" content=\"https:\/\/allisonoffhighway.com\/sac-norway\/no\/\" \/>\n<meta property=\"og:site_name\" content=\"Dana - Sac Norway\" \/>\n<meta property=\"article:modified_time\" content=\"2026-01-12T16:25:15+00:00\" \/>\n<meta name=\"twitter:card\" content=\"summary_large_image\" \/>\n<meta name=\"twitter:label1\" content=\"Ansl. lesetid\" \/>\n\t<meta name=\"twitter:data1\" content=\"4 minutter\" \/>\n<script type=\"application\/ld+json\" class=\"yoast-schema-graph\">{\"@context\":\"https:\/\/schema.org\",\"@graph\":[{\"@type\":\"WebPage\",\"@id\":\"https:\/\/allisonoffhighway.com\/sac-norway\/no\/\",\"url\":\"https:\/\/allisonoffhighway.com\/sac-norway\/no\/\",\"name\":\"Homepage - Dana - Sac Norway\",\"isPartOf\":{\"@id\":\"https:\/\/allisonoffhighway.com\/sac-norway\/#website\"},\"datePublished\":\"2022-02-08T14:40:31+00:00\",\"dateModified\":\"2026-01-12T16:25:15+00:00\",\"description\":\"Velkommen til SAC Norway Service and Assembly Center. Oppdag v\u00e5re team og v\u00e5r service av girkasser, vinsjer og girmotorer.\",\"breadcrumb\":{\"@id\":\"https:\/\/allisonoffhighway.com\/sac-norway\/no\/#breadcrumb\"},\"inLanguage\":\"nb-NO\",\"potentialAction\":[{\"@type\":\"ReadAction\",\"target\":[\"https:\/\/allisonoffhighway.com\/sac-norway\/no\/\"]}]},{\"@type\":\"BreadcrumbList\",\"@id\":\"https:\/\/allisonoffhighway.com\/sac-norway\/no\/#breadcrumb\",\"itemListElement\":[{\"@type\":\"ListItem\",\"position\":1,\"name\":\"Home\",\"item\":\"https:\/\/allisonoffhighway.com\/sac-norway\/no\/\"},{\"@type\":\"ListItem\",\"position\":2,\"name\":\"Homepage\"}]},{\"@type\":\"WebSite\",\"@id\":\"https:\/\/allisonoffhighway.com\/sac-norway\/#website\",\"url\":\"https:\/\/allisonoffhighway.com\/sac-norway\/\",\"name\":\"Dana - Sac Norway\",\"description\":\"\",\"potentialAction\":[{\"@type\":\"SearchAction\",\"target\":{\"@type\":\"EntryPoint\",\"urlTemplate\":\"https:\/\/allisonoffhighway.com\/sac-norway\/?s={search_term_string}\"},\"query-input\":{\"@type\":\"PropertyValueSpecification\",\"valueRequired\":true,\"valueName\":\"search_term_string\"}}],\"inLanguage\":\"nb-NO\"}]}<\/script>\n<!-- \/ Yoast SEO plugin. -->","yoast_head_json":{"title":"Homepage - Dana - Sac Norway","description":"Velkommen til SAC Norway Service and Assembly Center. Oppdag v\u00e5re team og v\u00e5r service av girkasser, vinsjer og girmotorer.","robots":{"index":"noindex","follow":"follow","max-snippet":"max-snippet:-1","max-image-preview":"max-image-preview:large","max-video-preview":"max-video-preview:-1"},"og_locale":"nb_NO","og_type":"article","og_title":"Homepage - Dana - Sac Norway","og_description":"Velkommen til SAC Norway Service and Assembly Center. Oppdag v\u00e5re team og v\u00e5r service av girkasser, vinsjer og girmotorer.","og_url":"https:\/\/allisonoffhighway.com\/sac-norway\/no\/","og_site_name":"Dana - Sac Norway","article_modified_time":"2026-01-12T16:25:15+00:00","twitter_card":"summary_large_image","twitter_misc":{"Ansl. lesetid":"4 minutter"},"schema":{"@context":"https:\/\/schema.org","@graph":[{"@type":"WebPage","@id":"https:\/\/allisonoffhighway.com\/sac-norway\/no\/","url":"https:\/\/allisonoffhighway.com\/sac-norway\/no\/","name":"Homepage - Dana - Sac Norway","isPartOf":{"@id":"https:\/\/allisonoffhighway.com\/sac-norway\/#website"},"datePublished":"2022-02-08T14:40:31+00:00","dateModified":"2026-01-12T16:25:15+00:00","description":"Velkommen til SAC Norway Service and Assembly Center. Oppdag v\u00e5re team og v\u00e5r service av girkasser, vinsjer og girmotorer.","breadcrumb":{"@id":"https:\/\/allisonoffhighway.com\/sac-norway\/no\/#breadcrumb"},"inLanguage":"nb-NO","potentialAction":[{"@type":"ReadAction","target":["https:\/\/allisonoffhighway.com\/sac-norway\/no\/"]}]},{"@type":"BreadcrumbList","@id":"https:\/\/allisonoffhighway.com\/sac-norway\/no\/#breadcrumb","itemListElement":[{"@type":"ListItem","position":1,"name":"Home","item":"https:\/\/allisonoffhighway.com\/sac-norway\/no\/"},{"@type":"ListItem","position":2,"name":"Homepage"}]},{"@type":"WebSite","@id":"https:\/\/allisonoffhighway.com\/sac-norway\/#website","url":"https:\/\/allisonoffhighway.com\/sac-norway\/","name":"Dana - Sac Norway","description":"","potentialAction":[{"@type":"SearchAction","target":{"@type":"EntryPoint","urlTemplate":"https:\/\/allisonoffhighway.com\/sac-norway\/?s={search_term_string}"},"query-input":{"@type":"PropertyValueSpecification","valueRequired":true,"valueName":"search_term_string"}}],"inLanguage":"nb-NO"}]}},"_links":{"self":[{"href":"https:\/\/allisonoffhighway.com\/sac-norway\/no\/wp-json\/wp\/v2\/pages\/2200","targetHints":{"allow":["GET"]}}],"collection":[{"href":"https:\/\/allisonoffhighway.com\/sac-norway\/no\/wp-json\/wp\/v2\/pages"}],"about":[{"href":"https:\/\/allisonoffhighway.com\/sac-norway\/no\/wp-json\/wp\/v2\/types\/page"}],"author":[{"embeddable":true,"href":"https:\/\/allisonoffhighway.com\/sac-norway\/no\/wp-json\/wp\/v2\/users\/1"}],"replies":[{"embeddable":true,"href":"https:\/\/allisonoffhighway.com\/sac-norway\/no\/wp-json\/wp\/v2\/comments?post=2200"}],"version-history":[{"count":19,"href":"https:\/\/allisonoffhighway.com\/sac-norway\/no\/wp-json\/wp\/v2\/pages\/2200\/revisions"}],"predecessor-version":[{"id":2860,"href":"https:\/\/allisonoffhighway.com\/sac-norway\/no\/wp-json\/wp\/v2\/pages\/2200\/revisions\/2860"}],"wp:attachment":[{"href":"https:\/\/allisonoffhighway.com\/sac-norway\/no\/wp-json\/wp\/v2\/media?parent=2200"}],"curies":[{"name":"wp","href":"https:\/\/api.w.org\/{rel}","templated":true}]}}