{"id":1441,"date":"2022-02-09T14:31:48","date_gmt":"2022-02-09T13:31:48","guid":{"rendered":"https:\/\/allisonoffhighway.com\/sac-finland\/services\/"},"modified":"2026-01-12T17:20:14","modified_gmt":"2026-01-12T16:20:14","slug":"palvelut-2","status":"publish","type":"page","link":"https:\/\/allisonoffhighway.com\/sac-finland\/fi\/palvelut-2\/","title":{"rendered":"Palvelut"},"content":{"rendered":"<div class=\"wpb-content-wrapper\"><p>[vc_row][vc_column][vc_empty_space height=&#8221;60px&#8221;][\/vc_column][\/vc_row][vc_row equal_height=&#8221;yes&#8221; content_placement=&#8221;middle&#8221;][vc_column width=&#8221;1\/2&#8243;][vc_single_image image=&#8221;900&#8243; img_size=&#8221;full&#8221;][vc_column_text css=&#8221;.vc_custom_1768228709597{margin-bottom: 20px !important;}&#8221;]<\/p>\n<h2><strong>Huippuluokan laitteet<\/strong><\/h2>\n<p>Tarkemmin sanottuna meill\u00e4 on nykyaikainen hydraulinen testipenkki sek\u00e4 uusinta tekniikkaa edustavat tiedonkeruu- ja mittalaitteet. Tarjoamme kokoonpanojen 3D-suunnittelua, integroitujen hydraulisten j\u00e4rjestelmien suunnittelua, k\u00e4ytt\u00f6\u00f6notto- ja testauspalveluja sek\u00e4 s\u00e4hk\u00f6ist\u00e4misen suunnittelupalveluja.[\/vc_column_text][\/vc_column][vc_column width=&#8221;1\/2&#8243;][vc_single_image image=&#8221;1641&#8243; img_size=&#8221;full&#8221; css=&#8221;&#8221;][vc_column_text css=&#8221;.vc_custom_1768228719725{margin-bottom: 20px !important;}&#8221;]<\/p>\n<h2><strong>Asiantuntijatiimi<\/strong><\/h2>\n<p>Tiimiimme kuuluu meriteollisuuden luokituksiin perehtyneit\u00e4 asiantuntijoita ja kentt\u00e4insin\u00f6\u00f6rej\u00e4, jotka k\u00e4ytt\u00e4v\u00e4t mekaanisen voimansiirron ja hydrauliikan diagnostiikkaty\u00f6kaluja sek\u00e4 \u00f6ljyanalyysij\u00e4rjestelmi\u00e4 asiakkaan toimipisteess\u00e4. Kahdella t\u00e4ysin varustellulla huoltoautolla liikkuva tiimimme antaa my\u00f6s tarkan ja avoimen huoltoraportin, jotta asiakkaamme saavat tiedot kaikista tehdyist\u00e4 toimenpiteist\u00e4.[\/vc_column_text][\/vc_column][\/vc_row][vc_row equal_height=&#8221;yes&#8221; content_placement=&#8221;middle&#8221;][vc_column width=&#8221;1\/2&#8243;][vc_single_image image=&#8221;1249&#8243; img_size=&#8221;full&#8221;][vc_column_text css=&#8221;.vc_custom_1768228730301{margin-bottom: 20px !important;}&#8221;]<\/p>\n<h2><strong>Huolto ja k\u00e4ytt\u00f6\u00f6notto<\/strong><\/h2>\n<p>Huolto- ja korjausvalmiutemme k\u00e4sitt\u00e4\u00e4 my\u00f6s j\u00e4rjestelm\u00e4n t\u00e4ydellisen modernisoinnin ja k\u00e4ytt\u00f6\u00f6noton, m\u00e4\u00e4r\u00e4aikaishuollon ja tarpeen mukaan tehdyt huollot sek\u00e4 kolmansien osapuolten laitteiden huollon ja k\u00e4ytt\u00f6\u00f6noton.[\/vc_column_text][\/vc_column][vc_column width=&#8221;1\/2&#8243;][vc_single_image image=&#8221;1643&#8243; img_size=&#8221;full&#8221; css=&#8221;&#8221;][vc_column_text css=&#8221;.vc_custom_1768228739781{margin-bottom: 20px !important;}&#8221;]<\/p>\n<h2>S\u00e4hk\u00f6istys ja kardaaniakselit<\/h2>\n<p>L\u00e4hitulevaisuudessa alamme tarjota s\u00e4hk\u00f6istyssovellusten ja kardaaniakselien huoltoa ja k\u00e4ytt\u00f6\u00f6nottoa. Lis\u00e4ksi kotimainen jakeluverkostomme laajenee, jotta kotimaan markkinat saadaan katettua entist\u00e4 paremmin.[\/vc_column_text][\/vc_column][\/vc_row][vc_row content_placement=&#8221;middle&#8221;][vc_column width=&#8221;5\/12&#8243;][\/vc_column][vc_column width=&#8221;7\/12&#8243;][\/vc_column][\/vc_row][vc_row content_placement=&#8221;middle&#8221;][vc_column width=&#8221;7\/12&#8243; offset=&#8221;vc_hidden-lg vc_hidden-md&#8221;][\/vc_column][vc_column width=&#8221;5\/12&#8243; offset=&#8221;vc_hidden-lg vc_hidden-md&#8221;][vc_empty_space][\/vc_column][\/vc_row][vc_row content_placement=&#8221;middle&#8221; disable_element=&#8221;yes&#8221;][vc_column width=&#8221;7\/12&#8243; offset=&#8221;vc_hidden-sm vc_hidden-xs&#8221;][vc_column_text css=&#8221;.vc_custom_1644999170382{margin-bottom: 20px !important;}&#8221;]<\/p>\n<h2>OUTPERFORM<\/h2>\n<p>Our repair services cover all of ours and many competitor products, outperforming other service repair companies. The service team constantly improves our systems and processes. We are able to meet the load testing vibration requirement levels of the most demanding customers.[\/vc_column_text]<a class='btn _self btn-orange ' href='https:\/\/allisonoffhighway.com\/sac-finland\/contact\/' target=''>Request a quote<\/a>[vc_empty_space][\/vc_column][vc_column width=&#8221;5\/12&#8243; offset=&#8221;vc_hidden-sm vc_hidden-xs&#8221;][vc_single_image image=&#8221;408&#8243; img_size=&#8221;full&#8221;][\/vc_column][\/vc_row][vc_row content_placement=&#8221;top&#8221;][vc_column width=&#8221;5\/12&#8243;][\/vc_column][vc_column width=&#8221;7\/12&#8243;][vc_empty_space][\/vc_column][\/vc_row][vc_row content_placement=&#8221;middle&#8221; disable_element=&#8221;yes&#8221;][vc_column width=&#8221;7\/12&#8243; offset=&#8221;vc_hidden-lg vc_hidden-md&#8221;][vc_single_image image=&#8221;411&#8243; img_size=&#8221;full&#8221;][\/vc_column][vc_column width=&#8221;5\/12&#8243; offset=&#8221;vc_hidden-lg vc_hidden-md&#8221;][vc_column_text css=&#8221;.vc_custom_1644999225338{margin-bottom: 20px !important;}&#8221;]<\/p>\n<h2>INTERVENE<\/h2>\n<p>We provide engineering services onsite to assist with failure analysis or to evaluate product or performance improvement opportunities. In both cases, we firmly believe that seeing the application first hand gives us a critical advantage. We also provide onsite commissioning services and long-term storage.[\/vc_column_text]<a class='btn _self btn-orange ' href='https:\/\/allisonoffhighway.com\/sac-finland\/contact\/' target=''>Request a quote<\/a>[vc_empty_space][\/vc_column][\/vc_row][vc_row content_placement=&#8221;middle&#8221; disable_element=&#8221;yes&#8221;][vc_column width=&#8221;7\/12&#8243; offset=&#8221;vc_hidden-sm vc_hidden-xs&#8221;][vc_column_text css=&#8221;.vc_custom_1644999225338{margin-bottom: 20px !important;}&#8221;]<\/p>\n<h2>INTERVENE<\/h2>\n<p>We provide engineering services onsite to assist with failure analysis or to evaluate product or performance improvement opportunities. In both cases, we firmly believe that seeing the application first hand gives us a critical advantage. We also provide onsite commissioning services and long-term storage.[\/vc_column_text]<a class='btn _self btn-orange ' href='https:\/\/allisonoffhighway.com\/sac-finland\/contact\/' target=''>Request a quote<\/a>[vc_empty_space][\/vc_column][vc_column width=&#8221;5\/12&#8243; offset=&#8221;vc_hidden-sm vc_hidden-xs&#8221;][vc_single_image image=&#8221;411&#8243; img_size=&#8221;full&#8221;][\/vc_column][\/vc_row][vc_row][vc_column][vc_empty_space][\/vc_column][\/vc_row]<\/p>\n<\/div>","protected":false},"excerpt":{"rendered":"<p>[vc_row][vc_column][vc_empty_space height=&#8221;60px&#8221;][\/vc_column][\/vc_row][vc_row equal_height=&#8221;yes&#8221; content_placement=&#8221;middle&#8221;][vc_column width=&#8221;1\/2&#8243;][vc_single_image image=&#8221;900&#8243; img_size=&#8221;full&#8221;][vc_column_text css=&#8221;.vc_custom_1768228709597{margin-bottom: 20px !important;}&#8221;] Huippuluokan laitteet Tarkemmin sanottuna meill\u00e4 on nykyaikainen hydraulinen testipenkki sek\u00e4 uusinta tekniikkaa edustavat tiedonkeruu- ja mittalaitteet. Tarjoamme kokoonpanojen 3D-suunnittelua, integroitujen hydraulisten j\u00e4rjestelmien suunnittelua, k\u00e4ytt\u00f6\u00f6notto- ja testauspalveluja sek\u00e4 s\u00e4hk\u00f6ist\u00e4misen suunnittelupalveluja.[\/vc_column_text][\/vc_column][vc_column width=&#8221;1\/2&#8243;][vc_single_image image=&#8221;1641&#8243; img_size=&#8221;full&#8221; css=&#8221;&#8221;][vc_column_text css=&#8221;.vc_custom_1768228719725{margin-bottom: 20px !important;}&#8221;] Asiantuntijatiimi Tiimiimme kuuluu meriteollisuuden luokituksiin perehtyneit\u00e4 asiantuntijoita ja kentt\u00e4insin\u00f6\u00f6rej\u00e4, [&hellip;]<\/p>\n","protected":false},"author":1,"featured_media":0,"parent":0,"menu_order":0,"comment_status":"closed","ping_status":"closed","template":"","meta":{"_acf_changed":false,"footnotes":""},"class_list":["post-1441","page","type-page","status-publish","hentry"],"acf":[],"yoast_head":"<!-- This site is optimized with the Yoast SEO plugin v25.0 - https:\/\/yoast.com\/wordpress\/plugins\/seo\/ -->\n<title>Palvelut - Allison Off-Highway - Sac Finland<\/title>\n<meta name=\"description\" content=\"Sac Fnland Services hy\u00f6dynt\u00e4\u00e4 kokemustaan voimansiirto- ja nestevoimatuotteista tarjotakseen parhaat ratkaisut kumppaneilleen. Lue lis\u00e4\u00e4!\" \/>\n<meta name=\"robots\" content=\"noindex, follow, max-snippet:-1, max-image-preview:large, max-video-preview:-1\" \/>\n<meta property=\"og:locale\" content=\"fi_FI\" \/>\n<meta property=\"og:type\" content=\"article\" \/>\n<meta property=\"og:title\" content=\"Palvelut - Allison Off-Highway - Sac Finland\" \/>\n<meta property=\"og:description\" content=\"Sac Fnland Services hy\u00f6dynt\u00e4\u00e4 kokemustaan voimansiirto- ja nestevoimatuotteista tarjotakseen parhaat ratkaisut kumppaneilleen. Lue lis\u00e4\u00e4!\" \/>\n<meta property=\"og:url\" content=\"https:\/\/allisonoffhighway.com\/sac-finland\/fi\/palvelut-2\/\" \/>\n<meta property=\"og:site_name\" content=\"Allison Off-Highway - Sac Finland\" \/>\n<meta property=\"article:modified_time\" content=\"2026-01-12T16:20:14+00:00\" \/>\n<meta name=\"twitter:card\" content=\"summary_large_image\" \/>\n<meta name=\"twitter:label1\" content=\"Arvioitu lukuaika\" \/>\n\t<meta name=\"twitter:data1\" content=\"2 minuuttia\" \/>\n<script type=\"application\/ld+json\" class=\"yoast-schema-graph\">{\"@context\":\"https:\/\/schema.org\",\"@graph\":[{\"@type\":\"WebPage\",\"@id\":\"https:\/\/allisonoffhighway.com\/sac-finland\/fi\/palvelut-2\/\",\"url\":\"https:\/\/allisonoffhighway.com\/sac-finland\/fi\/palvelut-2\/\",\"name\":\"Palvelut - Allison Off-Highway - Sac Finland\",\"isPartOf\":{\"@id\":\"https:\/\/allisonoffhighway.com\/sac-finland\/#website\"},\"datePublished\":\"2022-02-09T13:31:48+00:00\",\"dateModified\":\"2026-01-12T16:20:14+00:00\",\"description\":\"Sac Fnland Services hy\u00f6dynt\u00e4\u00e4 kokemustaan voimansiirto- ja nestevoimatuotteista tarjotakseen parhaat ratkaisut kumppaneilleen. Lue lis\u00e4\u00e4!\",\"breadcrumb\":{\"@id\":\"https:\/\/allisonoffhighway.com\/sac-finland\/fi\/palvelut-2\/#breadcrumb\"},\"inLanguage\":\"fi\",\"potentialAction\":[{\"@type\":\"ReadAction\",\"target\":[\"https:\/\/allisonoffhighway.com\/sac-finland\/fi\/palvelut-2\/\"]}]},{\"@type\":\"BreadcrumbList\",\"@id\":\"https:\/\/allisonoffhighway.com\/sac-finland\/fi\/palvelut-2\/#breadcrumb\",\"itemListElement\":[{\"@type\":\"ListItem\",\"position\":1,\"name\":\"Home\",\"item\":\"https:\/\/allisonoffhighway.com\/sac-finland\/fi\/\"},{\"@type\":\"ListItem\",\"position\":2,\"name\":\"Palvelut\"}]},{\"@type\":\"WebSite\",\"@id\":\"https:\/\/allisonoffhighway.com\/sac-finland\/#website\",\"url\":\"https:\/\/allisonoffhighway.com\/sac-finland\/\",\"name\":\"Allison Off-Highway - Sac Finland\",\"description\":\"\",\"potentialAction\":[{\"@type\":\"SearchAction\",\"target\":{\"@type\":\"EntryPoint\",\"urlTemplate\":\"https:\/\/allisonoffhighway.com\/sac-finland\/?s={search_term_string}\"},\"query-input\":{\"@type\":\"PropertyValueSpecification\",\"valueRequired\":true,\"valueName\":\"search_term_string\"}}],\"inLanguage\":\"fi\"}]}<\/script>\n<!-- \/ Yoast SEO plugin. -->","yoast_head_json":{"title":"Palvelut - Allison Off-Highway - Sac Finland","description":"Sac Fnland Services hy\u00f6dynt\u00e4\u00e4 kokemustaan voimansiirto- ja nestevoimatuotteista tarjotakseen parhaat ratkaisut kumppaneilleen. Lue lis\u00e4\u00e4!","robots":{"index":"noindex","follow":"follow","max-snippet":"max-snippet:-1","max-image-preview":"max-image-preview:large","max-video-preview":"max-video-preview:-1"},"og_locale":"fi_FI","og_type":"article","og_title":"Palvelut - Allison Off-Highway - Sac Finland","og_description":"Sac Fnland Services hy\u00f6dynt\u00e4\u00e4 kokemustaan voimansiirto- ja nestevoimatuotteista tarjotakseen parhaat ratkaisut kumppaneilleen. Lue lis\u00e4\u00e4!","og_url":"https:\/\/allisonoffhighway.com\/sac-finland\/fi\/palvelut-2\/","og_site_name":"Allison Off-Highway - Sac Finland","article_modified_time":"2026-01-12T16:20:14+00:00","twitter_card":"summary_large_image","twitter_misc":{"Arvioitu lukuaika":"2 minuuttia"},"schema":{"@context":"https:\/\/schema.org","@graph":[{"@type":"WebPage","@id":"https:\/\/allisonoffhighway.com\/sac-finland\/fi\/palvelut-2\/","url":"https:\/\/allisonoffhighway.com\/sac-finland\/fi\/palvelut-2\/","name":"Palvelut - Allison Off-Highway - Sac Finland","isPartOf":{"@id":"https:\/\/allisonoffhighway.com\/sac-finland\/#website"},"datePublished":"2022-02-09T13:31:48+00:00","dateModified":"2026-01-12T16:20:14+00:00","description":"Sac Fnland Services hy\u00f6dynt\u00e4\u00e4 kokemustaan voimansiirto- ja nestevoimatuotteista tarjotakseen parhaat ratkaisut kumppaneilleen. Lue lis\u00e4\u00e4!","breadcrumb":{"@id":"https:\/\/allisonoffhighway.com\/sac-finland\/fi\/palvelut-2\/#breadcrumb"},"inLanguage":"fi","potentialAction":[{"@type":"ReadAction","target":["https:\/\/allisonoffhighway.com\/sac-finland\/fi\/palvelut-2\/"]}]},{"@type":"BreadcrumbList","@id":"https:\/\/allisonoffhighway.com\/sac-finland\/fi\/palvelut-2\/#breadcrumb","itemListElement":[{"@type":"ListItem","position":1,"name":"Home","item":"https:\/\/allisonoffhighway.com\/sac-finland\/fi\/"},{"@type":"ListItem","position":2,"name":"Palvelut"}]},{"@type":"WebSite","@id":"https:\/\/allisonoffhighway.com\/sac-finland\/#website","url":"https:\/\/allisonoffhighway.com\/sac-finland\/","name":"Allison Off-Highway - Sac Finland","description":"","potentialAction":[{"@type":"SearchAction","target":{"@type":"EntryPoint","urlTemplate":"https:\/\/allisonoffhighway.com\/sac-finland\/?s={search_term_string}"},"query-input":{"@type":"PropertyValueSpecification","valueRequired":true,"valueName":"search_term_string"}}],"inLanguage":"fi"}]}},"_links":{"self":[{"href":"https:\/\/allisonoffhighway.com\/sac-finland\/fi\/wp-json\/wp\/v2\/pages\/1441","targetHints":{"allow":["GET"]}}],"collection":[{"href":"https:\/\/allisonoffhighway.com\/sac-finland\/fi\/wp-json\/wp\/v2\/pages"}],"about":[{"href":"https:\/\/allisonoffhighway.com\/sac-finland\/fi\/wp-json\/wp\/v2\/types\/page"}],"author":[{"embeddable":true,"href":"https:\/\/allisonoffhighway.com\/sac-finland\/fi\/wp-json\/wp\/v2\/users\/1"}],"replies":[{"embeddable":true,"href":"https:\/\/allisonoffhighway.com\/sac-finland\/fi\/wp-json\/wp\/v2\/comments?post=1441"}],"version-history":[{"count":5,"href":"https:\/\/allisonoffhighway.com\/sac-finland\/fi\/wp-json\/wp\/v2\/pages\/1441\/revisions"}],"predecessor-version":[{"id":1685,"href":"https:\/\/allisonoffhighway.com\/sac-finland\/fi\/wp-json\/wp\/v2\/pages\/1441\/revisions\/1685"}],"wp:attachment":[{"href":"https:\/\/allisonoffhighway.com\/sac-finland\/fi\/wp-json\/wp\/v2\/media?parent=1441"}],"curies":[{"name":"wp","href":"https:\/\/api.w.org\/{rel}","templated":true}]}}