{"id":1439,"date":"2022-02-10T10:36:19","date_gmt":"2022-02-10T09:36:19","guid":{"rendered":"https:\/\/allisonoffhighway.com\/sac-finland\/case-studies\/"},"modified":"2026-01-12T17:20:03","modified_gmt":"2026-01-12T16:20:03","slug":"asiakasreferenssit","status":"publish","type":"page","link":"https:\/\/allisonoffhighway.com\/sac-finland\/fi\/asiakasreferenssit\/","title":{"rendered":"Asiakasreferenssit"},"content":{"rendered":"","protected":false},"excerpt":{"rendered":"","protected":false},"author":1,"featured_media":0,"parent":0,"menu_order":0,"comment_status":"closed","ping_status":"closed","template":"tpl\/tpl-casehistory.php","meta":{"_acf_changed":false,"footnotes":""},"class_list":["post-1439","page","type-page","status-publish","hentry"],"acf":[],"yoast_head":"<!-- This site is optimized with the Yoast SEO plugin v25.0 - https:\/\/yoast.com\/wordpress\/plugins\/seo\/ -->\n<title>Asiakasreferenssit - Allison Off-Highway - Sac Finland<\/title>\n<meta name=\"description\" content=\"Tutustu Sac Finlandin asiakastarinoihin. Lue lis\u00e4\u00e4 kumppanuuksistamme ja siit\u00e4, kuinka tyydytimme asiakkaiden tarpeet vaihdelaatikoilla ja nestevoimaratkaisuilla!\" \/>\n<meta name=\"robots\" content=\"noindex, follow, max-snippet:-1, max-image-preview:large, max-video-preview:-1\" \/>\n<meta property=\"og:locale\" content=\"fi_FI\" \/>\n<meta property=\"og:type\" content=\"article\" \/>\n<meta property=\"og:title\" content=\"Asiakasreferenssit - Allison Off-Highway - Sac Finland\" \/>\n<meta property=\"og:description\" content=\"Tutustu Sac Finlandin asiakastarinoihin. Lue lis\u00e4\u00e4 kumppanuuksistamme ja siit\u00e4, kuinka tyydytimme asiakkaiden tarpeet vaihdelaatikoilla ja nestevoimaratkaisuilla!\" \/>\n<meta property=\"og:url\" content=\"https:\/\/allisonoffhighway.com\/sac-finland\/fi\/asiakasreferenssit\/\" \/>\n<meta property=\"og:site_name\" content=\"Allison Off-Highway - Sac Finland\" \/>\n<meta property=\"article:modified_time\" content=\"2026-01-12T16:20:03+00:00\" \/>\n<meta name=\"twitter:card\" content=\"summary_large_image\" \/>\n<script type=\"application\/ld+json\" class=\"yoast-schema-graph\">{\"@context\":\"https:\/\/schema.org\",\"@graph\":[{\"@type\":\"WebPage\",\"@id\":\"https:\/\/allisonoffhighway.com\/sac-finland\/fi\/asiakasreferenssit\/\",\"url\":\"https:\/\/allisonoffhighway.com\/sac-finland\/fi\/asiakasreferenssit\/\",\"name\":\"Asiakasreferenssit - Allison Off-Highway - Sac Finland\",\"isPartOf\":{\"@id\":\"https:\/\/allisonoffhighway.com\/sac-finland\/#website\"},\"datePublished\":\"2022-02-10T09:36:19+00:00\",\"dateModified\":\"2026-01-12T16:20:03+00:00\",\"description\":\"Tutustu Sac Finlandin asiakastarinoihin. Lue lis\u00e4\u00e4 kumppanuuksistamme ja siit\u00e4, kuinka tyydytimme asiakkaiden tarpeet vaihdelaatikoilla ja nestevoimaratkaisuilla!\",\"breadcrumb\":{\"@id\":\"https:\/\/allisonoffhighway.com\/sac-finland\/fi\/asiakasreferenssit\/#breadcrumb\"},\"inLanguage\":\"fi\",\"potentialAction\":[{\"@type\":\"ReadAction\",\"target\":[\"https:\/\/allisonoffhighway.com\/sac-finland\/fi\/asiakasreferenssit\/\"]}]},{\"@type\":\"BreadcrumbList\",\"@id\":\"https:\/\/allisonoffhighway.com\/sac-finland\/fi\/asiakasreferenssit\/#breadcrumb\",\"itemListElement\":[{\"@type\":\"ListItem\",\"position\":1,\"name\":\"Home\",\"item\":\"https:\/\/allisonoffhighway.com\/sac-finland\/fi\/\"},{\"@type\":\"ListItem\",\"position\":2,\"name\":\"Asiakasreferenssit\"}]},{\"@type\":\"WebSite\",\"@id\":\"https:\/\/allisonoffhighway.com\/sac-finland\/#website\",\"url\":\"https:\/\/allisonoffhighway.com\/sac-finland\/\",\"name\":\"Allison Off-Highway - Sac Finland\",\"description\":\"\",\"potentialAction\":[{\"@type\":\"SearchAction\",\"target\":{\"@type\":\"EntryPoint\",\"urlTemplate\":\"https:\/\/allisonoffhighway.com\/sac-finland\/?s={search_term_string}\"},\"query-input\":{\"@type\":\"PropertyValueSpecification\",\"valueRequired\":true,\"valueName\":\"search_term_string\"}}],\"inLanguage\":\"fi\"}]}<\/script>\n<!-- \/ Yoast SEO plugin. -->","yoast_head_json":{"title":"Asiakasreferenssit - Allison Off-Highway - Sac Finland","description":"Tutustu Sac Finlandin asiakastarinoihin. Lue lis\u00e4\u00e4 kumppanuuksistamme ja siit\u00e4, kuinka tyydytimme asiakkaiden tarpeet vaihdelaatikoilla ja nestevoimaratkaisuilla!","robots":{"index":"noindex","follow":"follow","max-snippet":"max-snippet:-1","max-image-preview":"max-image-preview:large","max-video-preview":"max-video-preview:-1"},"og_locale":"fi_FI","og_type":"article","og_title":"Asiakasreferenssit - Allison Off-Highway - Sac Finland","og_description":"Tutustu Sac Finlandin asiakastarinoihin. Lue lis\u00e4\u00e4 kumppanuuksistamme ja siit\u00e4, kuinka tyydytimme asiakkaiden tarpeet vaihdelaatikoilla ja nestevoimaratkaisuilla!","og_url":"https:\/\/allisonoffhighway.com\/sac-finland\/fi\/asiakasreferenssit\/","og_site_name":"Allison Off-Highway - Sac Finland","article_modified_time":"2026-01-12T16:20:03+00:00","twitter_card":"summary_large_image","schema":{"@context":"https:\/\/schema.org","@graph":[{"@type":"WebPage","@id":"https:\/\/allisonoffhighway.com\/sac-finland\/fi\/asiakasreferenssit\/","url":"https:\/\/allisonoffhighway.com\/sac-finland\/fi\/asiakasreferenssit\/","name":"Asiakasreferenssit - Allison Off-Highway - Sac Finland","isPartOf":{"@id":"https:\/\/allisonoffhighway.com\/sac-finland\/#website"},"datePublished":"2022-02-10T09:36:19+00:00","dateModified":"2026-01-12T16:20:03+00:00","description":"Tutustu Sac Finlandin asiakastarinoihin. Lue lis\u00e4\u00e4 kumppanuuksistamme ja siit\u00e4, kuinka tyydytimme asiakkaiden tarpeet vaihdelaatikoilla ja nestevoimaratkaisuilla!","breadcrumb":{"@id":"https:\/\/allisonoffhighway.com\/sac-finland\/fi\/asiakasreferenssit\/#breadcrumb"},"inLanguage":"fi","potentialAction":[{"@type":"ReadAction","target":["https:\/\/allisonoffhighway.com\/sac-finland\/fi\/asiakasreferenssit\/"]}]},{"@type":"BreadcrumbList","@id":"https:\/\/allisonoffhighway.com\/sac-finland\/fi\/asiakasreferenssit\/#breadcrumb","itemListElement":[{"@type":"ListItem","position":1,"name":"Home","item":"https:\/\/allisonoffhighway.com\/sac-finland\/fi\/"},{"@type":"ListItem","position":2,"name":"Asiakasreferenssit"}]},{"@type":"WebSite","@id":"https:\/\/allisonoffhighway.com\/sac-finland\/#website","url":"https:\/\/allisonoffhighway.com\/sac-finland\/","name":"Allison Off-Highway - Sac Finland","description":"","potentialAction":[{"@type":"SearchAction","target":{"@type":"EntryPoint","urlTemplate":"https:\/\/allisonoffhighway.com\/sac-finland\/?s={search_term_string}"},"query-input":{"@type":"PropertyValueSpecification","valueRequired":true,"valueName":"search_term_string"}}],"inLanguage":"fi"}]}},"_links":{"self":[{"href":"https:\/\/allisonoffhighway.com\/sac-finland\/fi\/wp-json\/wp\/v2\/pages\/1439","targetHints":{"allow":["GET"]}}],"collection":[{"href":"https:\/\/allisonoffhighway.com\/sac-finland\/fi\/wp-json\/wp\/v2\/pages"}],"about":[{"href":"https:\/\/allisonoffhighway.com\/sac-finland\/fi\/wp-json\/wp\/v2\/types\/page"}],"author":[{"embeddable":true,"href":"https:\/\/allisonoffhighway.com\/sac-finland\/fi\/wp-json\/wp\/v2\/users\/1"}],"replies":[{"embeddable":true,"href":"https:\/\/allisonoffhighway.com\/sac-finland\/fi\/wp-json\/wp\/v2\/comments?post=1439"}],"version-history":[{"count":4,"href":"https:\/\/allisonoffhighway.com\/sac-finland\/fi\/wp-json\/wp\/v2\/pages\/1439\/revisions"}],"predecessor-version":[{"id":1692,"href":"https:\/\/allisonoffhighway.com\/sac-finland\/fi\/wp-json\/wp\/v2\/pages\/1439\/revisions\/1692"}],"wp:attachment":[{"href":"https:\/\/allisonoffhighway.com\/sac-finland\/fi\/wp-json\/wp\/v2\/media?parent=1439"}],"curies":[{"name":"wp","href":"https:\/\/api.w.org\/{rel}","templated":true}]}}