{"id":1437,"date":"2022-02-10T10:36:19","date_gmt":"2022-02-10T09:36:19","guid":{"rendered":"https:\/\/allisonoffhighway.com\/sac-finland\/products\/"},"modified":"2026-01-12T17:19:55","modified_gmt":"2026-01-12T16:19:55","slug":"tuotteet","status":"publish","type":"page","link":"https:\/\/allisonoffhighway.com\/sac-finland\/fi\/tuotteet\/","title":{"rendered":"Tuotteet"},"content":{"rendered":"<div class=\"wpb-content-wrapper\"><p>[vc_row full_width=&#8221;stretch_row&#8221; css=&#8221;.vc_custom_1702996166601{background-color: #1e1e1e !important;border-radius: 2px !important;}&#8221;][vc_column width=&#8221;1\/2&#8243;][vc_single_image image=&#8221;1190&#8243; img_size=&#8221;full&#8221;][\/vc_column][vc_column width=&#8221;1\/2&#8243;][vc_empty_space height=&#8221;110px&#8221;][vc_column_text]<\/p>\n<h2 style=\"text-align: left;\"><span style=\"color: #ffffff;\">Brevini EvoMax\u2122<\/span><\/h2>\n<p><span style=\"color: #ffffff;\">Tarjolla on laaja valikoima lieri\u00f6- ja kartiolieri\u00f6vaihteita, kuten Brevini EvoMax\u2122, jossa on markkinoiden paras v\u00e4\u00e4nt\u00f6momentin jakauma ja luokkansa paras v\u00e4\u00e4nt\u00f6momenttitiheys. T\u00e4m\u00e4n ansiosta asiakkaan ei en\u00e4\u00e4 tarvitse valita suurempaa vaihdetta kuin mit\u00e4 k\u00e4yt\u00e4nn\u00f6ss\u00e4 tarvitsee.<\/span><\/p>\n<p><span style=\"color: #ffffff;\">Asiakkaan todellisiin tarpeisiin vastaaminen tarkoittaa aina kustannustehokkuutta \u2013 ei vain tuotteen vaan my\u00f6s kokonaiskustannusten osalta.<\/span>[\/vc_column_text][vc_empty_space height=&#8221;40px&#8221;]<a class='btn   ' href='https:\/\/www.dana-industrial.com\/product\/BreviniEvoMax\/' target='_blank'>Lue lis\u00e4\u00e4<\/a>[\/vc_column][\/vc_row][vc_row full_width=&#8221;stretch_row&#8221; css=&#8221;.vc_custom_1702995431124{background-color: #1e1e1e !important;}&#8221;][vc_column][vc_row_inner][vc_column_inner width=&#8221;1\/3&#8243;]\t<div class=\"card_testuale_shortcode   \">\n\t\t\t\t<h3>VASTUULLISUUS<\/h3>\n\t\t<p class=\"text\">\n\t\t\tSe on hiljainen ja suunniteltu tehokkaammaksi ja kuluttamaan v\u00e4hemm\u00e4n raaka-aineita. Sen energian- ja \u00f6ljynkulutus on optimoitu ja hiilijalanj\u00e4lki tavanomaista pienempi.\t\t\t\t\t<\/p>\n\n\t\t\t<\/div>\n\n\t\n\t[\/vc_column_inner][vc_column_inner width=&#8221;1\/3&#8243;]\t<div class=\"card_testuale_shortcode   \">\n\t\t\t\t<h3>PIENEMM\u00c4T HANKINTAKUSTANNUKSET<\/h3>\n\t\t<p class=\"text\">\n\t\t\tKoska laite on entist\u00e4 pienempi, se my\u00f6s painaa v\u00e4hemm\u00e4n, sen valmistukseen tarvitaan tavanomaista v\u00e4hemm\u00e4n raaka-aineita ja sille tarvitaan v\u00e4hemm\u00e4n tukirakenteita, mik\u00e4 kaikki pienent\u00e4\u00e4 kustannuksia.\t\t\t\t\t<\/p>\n\n\t\t\t<\/div>\n\n\t\n\t[\/vc_column_inner][vc_column_inner width=&#8221;1\/3&#8243;]\t<div class=\"card_testuale_shortcode   \">\n\t\t\t\t<h3>PIENEMM\u00c4T KOKONAISKUSTANNUKSET<\/h3>\n\t\t<p class=\"text\">\n\t\t\tEnsiluokkaiset materiaalit, tekninen huippuosaaminen, rajoitetut varastotarpeet sek\u00e4 optimoitu \u00f6ljyn- ja energiankulutus \u2013 k\u00e4yt\u00e4nn\u00f6ss\u00e4 kaikki t\u00e4m\u00e4 tarkoittaa enemm\u00e4n k\u00e4ytt\u00f6aikaa.\t\t\t\t\t<\/p>\n\n\t\t\t<\/div>\n\n\t\n\t[\/vc_column_inner][\/vc_row_inner][vc_empty_space height=&#8221;40px&#8221;][\/vc_column][\/vc_row][vc_row full_width=&#8221;stretch_row&#8221; css=&#8221;.vc_custom_1702996122049{background-color: #ffffff !important;}&#8221;][vc_column]<h2 class='titolo-shortcode ' style='font-weight: 400;color: #000;text-align: left;text-transform: uppercase;'>TUOTTEET<\/h2>[\/vc_column][\/vc_row]<\/p>\n<\/div>","protected":false},"excerpt":{"rendered":"<p>[vc_row full_width=&#8221;stretch_row&#8221; css=&#8221;.vc_custom_1702996166601{background-color: #1e1e1e !important;border-radius: 2px !important;}&#8221;][vc_column width=&#8221;1\/2&#8243;][vc_single_image image=&#8221;1190&#8243; img_size=&#8221;full&#8221;][\/vc_column][vc_column width=&#8221;1\/2&#8243;][vc_empty_space height=&#8221;110px&#8221;][vc_column_text] Brevini EvoMax\u2122 Tarjolla on laaja valikoima lieri\u00f6- ja kartiolieri\u00f6vaihteita, kuten Brevini EvoMax\u2122, jossa on markkinoiden paras v\u00e4\u00e4nt\u00f6momentin jakauma ja luokkansa paras v\u00e4\u00e4nt\u00f6momenttitiheys. T\u00e4m\u00e4n ansiosta asiakkaan ei en\u00e4\u00e4 tarvitse valita suurempaa vaihdetta kuin mit\u00e4 k\u00e4yt\u00e4nn\u00f6ss\u00e4 tarvitsee. Asiakkaan todellisiin tarpeisiin vastaaminen tarkoittaa aina kustannustehokkuutta \u2013 [&hellip;]<\/p>\n","protected":false},"author":1,"featured_media":0,"parent":0,"menu_order":0,"comment_status":"closed","ping_status":"closed","template":"tpl\/tpl-prodotti.php","meta":{"_acf_changed":false,"footnotes":""},"class_list":["post-1437","page","type-page","status-publish","hentry"],"acf":[],"yoast_head":"<!-- This site is optimized with the Yoast SEO plugin v25.0 - https:\/\/yoast.com\/wordpress\/plugins\/seo\/ -->\n<title>Tuotteet - Allison Off-Highway - Sac Finland<\/title>\n<meta name=\"description\" content=\"Oppdag Sac Finlands produktportef\u00f8lje! Vi tilbyr planetgir, girmotorer, skr\u00e5- og skr\u00e5skr\u00e5gir, vinsjer og fluidkraftprodukter!\" \/>\n<meta name=\"robots\" content=\"noindex, follow, max-snippet:-1, max-image-preview:large, max-video-preview:-1\" \/>\n<meta property=\"og:locale\" content=\"fi_FI\" \/>\n<meta property=\"og:type\" content=\"article\" \/>\n<meta property=\"og:title\" content=\"Tuotteet - Allison Off-Highway - Sac Finland\" \/>\n<meta property=\"og:description\" content=\"Oppdag Sac Finlands produktportef\u00f8lje! Vi tilbyr planetgir, girmotorer, skr\u00e5- og skr\u00e5skr\u00e5gir, vinsjer og fluidkraftprodukter!\" \/>\n<meta property=\"og:url\" content=\"https:\/\/allisonoffhighway.com\/sac-finland\/fi\/tuotteet\/\" \/>\n<meta property=\"og:site_name\" content=\"Allison Off-Highway - Sac Finland\" \/>\n<meta property=\"article:modified_time\" content=\"2026-01-12T16:19:55+00:00\" \/>\n<meta name=\"twitter:card\" content=\"summary_large_image\" \/>\n<meta name=\"twitter:label1\" content=\"Arvioitu lukuaika\" \/>\n\t<meta name=\"twitter:data1\" content=\"2 minuuttia\" \/>\n<script type=\"application\/ld+json\" class=\"yoast-schema-graph\">{\"@context\":\"https:\/\/schema.org\",\"@graph\":[{\"@type\":\"WebPage\",\"@id\":\"https:\/\/allisonoffhighway.com\/sac-finland\/fi\/tuotteet\/\",\"url\":\"https:\/\/allisonoffhighway.com\/sac-finland\/fi\/tuotteet\/\",\"name\":\"Tuotteet - Allison Off-Highway - Sac Finland\",\"isPartOf\":{\"@id\":\"https:\/\/allisonoffhighway.com\/sac-finland\/#website\"},\"datePublished\":\"2022-02-10T09:36:19+00:00\",\"dateModified\":\"2026-01-12T16:19:55+00:00\",\"description\":\"Oppdag Sac Finlands produktportef\u00f8lje! Vi tilbyr planetgir, girmotorer, skr\u00e5- og skr\u00e5skr\u00e5gir, vinsjer og fluidkraftprodukter!\",\"breadcrumb\":{\"@id\":\"https:\/\/allisonoffhighway.com\/sac-finland\/fi\/tuotteet\/#breadcrumb\"},\"inLanguage\":\"fi\",\"potentialAction\":[{\"@type\":\"ReadAction\",\"target\":[\"https:\/\/allisonoffhighway.com\/sac-finland\/fi\/tuotteet\/\"]}]},{\"@type\":\"BreadcrumbList\",\"@id\":\"https:\/\/allisonoffhighway.com\/sac-finland\/fi\/tuotteet\/#breadcrumb\",\"itemListElement\":[{\"@type\":\"ListItem\",\"position\":1,\"name\":\"Home\",\"item\":\"https:\/\/allisonoffhighway.com\/sac-finland\/fi\/\"},{\"@type\":\"ListItem\",\"position\":2,\"name\":\"Tuotteet\"}]},{\"@type\":\"WebSite\",\"@id\":\"https:\/\/allisonoffhighway.com\/sac-finland\/#website\",\"url\":\"https:\/\/allisonoffhighway.com\/sac-finland\/\",\"name\":\"Allison Off-Highway - Sac Finland\",\"description\":\"\",\"potentialAction\":[{\"@type\":\"SearchAction\",\"target\":{\"@type\":\"EntryPoint\",\"urlTemplate\":\"https:\/\/allisonoffhighway.com\/sac-finland\/?s={search_term_string}\"},\"query-input\":{\"@type\":\"PropertyValueSpecification\",\"valueRequired\":true,\"valueName\":\"search_term_string\"}}],\"inLanguage\":\"fi\"}]}<\/script>\n<!-- \/ Yoast SEO plugin. -->","yoast_head_json":{"title":"Tuotteet - Allison Off-Highway - Sac Finland","description":"Oppdag Sac Finlands produktportef\u00f8lje! Vi tilbyr planetgir, girmotorer, skr\u00e5- og skr\u00e5skr\u00e5gir, vinsjer og fluidkraftprodukter!","robots":{"index":"noindex","follow":"follow","max-snippet":"max-snippet:-1","max-image-preview":"max-image-preview:large","max-video-preview":"max-video-preview:-1"},"og_locale":"fi_FI","og_type":"article","og_title":"Tuotteet - Allison Off-Highway - Sac Finland","og_description":"Oppdag Sac Finlands produktportef\u00f8lje! Vi tilbyr planetgir, girmotorer, skr\u00e5- og skr\u00e5skr\u00e5gir, vinsjer og fluidkraftprodukter!","og_url":"https:\/\/allisonoffhighway.com\/sac-finland\/fi\/tuotteet\/","og_site_name":"Allison Off-Highway - Sac Finland","article_modified_time":"2026-01-12T16:19:55+00:00","twitter_card":"summary_large_image","twitter_misc":{"Arvioitu lukuaika":"2 minuuttia"},"schema":{"@context":"https:\/\/schema.org","@graph":[{"@type":"WebPage","@id":"https:\/\/allisonoffhighway.com\/sac-finland\/fi\/tuotteet\/","url":"https:\/\/allisonoffhighway.com\/sac-finland\/fi\/tuotteet\/","name":"Tuotteet - Allison Off-Highway - Sac Finland","isPartOf":{"@id":"https:\/\/allisonoffhighway.com\/sac-finland\/#website"},"datePublished":"2022-02-10T09:36:19+00:00","dateModified":"2026-01-12T16:19:55+00:00","description":"Oppdag Sac Finlands produktportef\u00f8lje! Vi tilbyr planetgir, girmotorer, skr\u00e5- og skr\u00e5skr\u00e5gir, vinsjer og fluidkraftprodukter!","breadcrumb":{"@id":"https:\/\/allisonoffhighway.com\/sac-finland\/fi\/tuotteet\/#breadcrumb"},"inLanguage":"fi","potentialAction":[{"@type":"ReadAction","target":["https:\/\/allisonoffhighway.com\/sac-finland\/fi\/tuotteet\/"]}]},{"@type":"BreadcrumbList","@id":"https:\/\/allisonoffhighway.com\/sac-finland\/fi\/tuotteet\/#breadcrumb","itemListElement":[{"@type":"ListItem","position":1,"name":"Home","item":"https:\/\/allisonoffhighway.com\/sac-finland\/fi\/"},{"@type":"ListItem","position":2,"name":"Tuotteet"}]},{"@type":"WebSite","@id":"https:\/\/allisonoffhighway.com\/sac-finland\/#website","url":"https:\/\/allisonoffhighway.com\/sac-finland\/","name":"Allison Off-Highway - Sac Finland","description":"","potentialAction":[{"@type":"SearchAction","target":{"@type":"EntryPoint","urlTemplate":"https:\/\/allisonoffhighway.com\/sac-finland\/?s={search_term_string}"},"query-input":{"@type":"PropertyValueSpecification","valueRequired":true,"valueName":"search_term_string"}}],"inLanguage":"fi"}]}},"_links":{"self":[{"href":"https:\/\/allisonoffhighway.com\/sac-finland\/fi\/wp-json\/wp\/v2\/pages\/1437","targetHints":{"allow":["GET"]}}],"collection":[{"href":"https:\/\/allisonoffhighway.com\/sac-finland\/fi\/wp-json\/wp\/v2\/pages"}],"about":[{"href":"https:\/\/allisonoffhighway.com\/sac-finland\/fi\/wp-json\/wp\/v2\/types\/page"}],"author":[{"embeddable":true,"href":"https:\/\/allisonoffhighway.com\/sac-finland\/fi\/wp-json\/wp\/v2\/users\/1"}],"replies":[{"embeddable":true,"href":"https:\/\/allisonoffhighway.com\/sac-finland\/fi\/wp-json\/wp\/v2\/comments?post=1437"}],"version-history":[{"count":9,"href":"https:\/\/allisonoffhighway.com\/sac-finland\/fi\/wp-json\/wp\/v2\/pages\/1437\/revisions"}],"predecessor-version":[{"id":1690,"href":"https:\/\/allisonoffhighway.com\/sac-finland\/fi\/wp-json\/wp\/v2\/pages\/1437\/revisions\/1690"}],"wp:attachment":[{"href":"https:\/\/allisonoffhighway.com\/sac-finland\/fi\/wp-json\/wp\/v2\/media?parent=1437"}],"curies":[{"name":"wp","href":"https:\/\/api.w.org\/{rel}","templated":true}]}}