{"id":1425,"date":"2022-02-08T15:40:31","date_gmt":"2022-02-08T14:40:31","guid":{"rendered":"https:\/\/allisonoffhighway.com\/sac-finland\/homepage\/"},"modified":"2026-01-12T17:17:34","modified_gmt":"2026-01-12T16:17:34","slug":"homepage","status":"publish","type":"page","link":"https:\/\/allisonoffhighway.com\/sac-finland\/fi\/","title":{"rendered":"Homepage"},"content":{"rendered":"<div class=\"wpb-content-wrapper\"><p>[vc_row][vc_column]\n\t\t\t<!-- START Slider 1 REVOLUTION SLIDER 6.5.19 --><p class=\"rs-p-wp-fix\"><\/p>\n\t\t\t<rs-module-wrap id=\"rev_slider_1_1_wrapper\" data-source=\"gallery\" style=\"visibility:hidden;background:transparent;padding:0;margin:0px auto;margin-top:0;margin-bottom:0;\">\n\t\t\t\t<rs-module id=\"rev_slider_1_1\" style=\"\" data-version=\"6.5.19\">\n\t\t\t\t\t<rs-slides>\n\t\t\t\t\t\t<rs-slide style=\"position: absolute;\" data-key=\"rs-3\" data-title=\"Slide\" data-in=\"o:0;\" data-out=\"a:false;\">\n\t\t\t\t\t\t\t<img loading=\"lazy\" decoding=\"async\" src=\"\/\/allisonoffhighway.com\/sac-finland\/wp-content\/plugins\/revslider\/public\/assets\/assets\/dummy.png\" alt=\"\" title=\"slide-sac-finland\" width=\"1931\" height=\"680\" class=\"rev-slidebg tp-rs-img rs-lazyload\" data-lazyload=\"\/\/allisonoffhighway.com\/sac-finland\/wp-content\/uploads\/2025\/12\/slide-sac-finland.jpg\" data-bg=\"p:60% 30%;\" data-no-retina>\n<!--\n\t\t\t\t\t\t\t--><rs-layer\n\t\t\t\t\t\t\t\tid=\"slider-1-slide-3-layer-1\" \n\t\t\t\t\t\t\t\tdata-type=\"text\"\n\t\t\t\t\t\t\t\tdata-tsh=\"c:#000000;h:0,0,0,0px;v:0,0,0,0px;b:0,0,0,8px;\"\n\t\t\t\t\t\t\t\tdata-xy=\"xo:715px,334px,491px,20px;yo:256px,256px,388px,361px;\"\n\t\t\t\t\t\t\t\tdata-text=\"w:normal;s:25,18,25,20;l:25,18,25,11;\"\n\t\t\t\t\t\t\t\tdata-dim=\"w:auto,222.375px,222px,201px;h:auto,auto,auto,15px;\"\n\t\t\t\t\t\t\t\tdata-rsp_o=\"off\"\n\t\t\t\t\t\t\t\tdata-rsp_bd=\"off\"\n\t\t\t\t\t\t\t\tdata-frame_999=\"o:0;st:w;\"\n\t\t\t\t\t\t\t\tstyle=\"z-index:10;font-family:'Noto Sans';\"\n\t\t\t\t\t\t\t>SAC Finland \n\t\t\t\t\t\t\t<\/rs-layer><!--\n\n\t\t\t\t\t\t\t--><rs-layer\n\t\t\t\t\t\t\t\tid=\"slider-1-slide-3-layer-2\" \n\t\t\t\t\t\t\t\tdata-type=\"text\"\n\t\t\t\t\t\t\t\tdata-tsh=\"c:#0c0c0c;h:10px,7px,7px,0px;v:10px,7px,7px,0px;b:20px,14px,14px,6px;\"\n\t\t\t\t\t\t\t\tdata-xy=\"xo:714px,332px,489px,20px;yo:297px,308px,423px,398px;\"\n\t\t\t\t\t\t\t\tdata-text=\"w:normal;s:50,36,40,30;l:58,42,40,30;fw:700;\"\n\t\t\t\t\t\t\t\tdata-dim=\"w:603px,441px,514px,324px;\"\n\t\t\t\t\t\t\t\tdata-rsp_o=\"off\"\n\t\t\t\t\t\t\t\tdata-rsp_bd=\"off\"\n\t\t\t\t\t\t\t\tdata-frame_999=\"o:0;st:w;\"\n\t\t\t\t\t\t\t\tstyle=\"z-index:9;font-family:'Noto Sans';\"\n\t\t\t\t\t\t\t>Tervetuloa huolto- ja kokoonpanokeskukseen<br \/>\n \n\t\t\t\t\t\t\t<\/rs-layer><!--\n-->\t\t\t\t\t\t<\/rs-slide>\n\t\t\t\t\t<\/rs-slides>\n\t\t\t\t<\/rs-module>\n\t\t\t\t<script>\n\t\t\t\t\tsetREVStartSize({c: 'rev_slider_1_1',rl:[1240,1024,778,480],el:[645,768,600,700],gw:[1400,1024,1024,480],gh:[645,768,600,700],type:'standard',justify:'',layout:'fullwidth',mh:\"0\"});if (window.RS_MODULES!==undefined && window.RS_MODULES.modules!==undefined && window.RS_MODULES.modules[\"revslider11\"]!==undefined) {window.RS_MODULES.modules[\"revslider11\"].once = false;window.revapi1 = undefined;if (window.RS_MODULES.checkMinimal!==undefined) window.RS_MODULES.checkMinimal()}\n\t\t\t\t<\/script>\n\t\t\t<\/rs-module-wrap>\n\t\t\t<!-- END REVOLUTION SLIDER -->\n[\/vc_column][\/vc_row][vc_section full_width=&#8221;stretch_row&#8221; css=&#8221;.vc_custom_1644337000498{background: #000000 url(https:\/\/allisonoffhighway.com\/sac-finland\/wp-content\/uploads\/2022\/02\/dana-services.jpg?id=45) !important;background-position: center !important;background-repeat: no-repeat !important;background-size: cover !important;}&#8221; el_class=&#8221;overlap&#8221;][vc_row equal_height=&#8221;yes&#8221;][vc_column width=&#8221;1\/2&#8243;]\t<div class=\"card_testuale_shortcode   \">\n\t\t\t\t<h3>Tuotevalikoima<\/h3>\n\t\t<p class=\"text\">\n\t\t\tTarjoamme Suomessa kattavan voimansiirtotuotevalikoiman, jossa painopiste on vaihdelaatikoissa. Kasvavan kokemuksemme ansiosta globaalissa konsernissamme olemme laajentamassa liiketoimintaamme kest\u00e4v\u00e4n kehityksen mukaisille s\u00e4hk\u00f6ist\u00e4misen alueille. \t\t\t\t\t<\/p>\n\n\t\t\t\t\t<a class=\"btn  \"\n\t\t\t   href=\"https:\/\/allisonoffhighway.com\/sac-finland\/fi\/products\/\"\n\t\t\t   target=\"\">\n\t\t\t\tTutustu tuotteisiimme\t\t\t<\/a>\n\t\t\t<\/div>\n\n\t\n\t[\/vc_column][vc_column width=&#8221;1\/2&#8243;]\t<div class=\"card_testuale_shortcode   \">\n\t\t\t\t<h3>Huoltovalmius<\/h3>\n\t\t<p class=\"text\">\n\t\t\tEritt\u00e4in kokeneilla huoltoinsin\u00f6\u00f6reill\u00e4mme on aina k\u00e4yt\u00f6ss\u00e4\u00e4n uusinta tekniikkaa edustavat laitteet ja huoltoajoneuvot, joiden avulla ongelmat ratkeavat my\u00f6s kentt\u00e4olosuhteissa. Meilt\u00e4 hoituu niin vaihteiden korjaus, kokoonpano kuin testauskin, ja lis\u00e4ksi tarjoamme t\u00e4ydellisen tuen tunnustetuille meriteollisuuden sertifioinneille. Palvelemme koko Suomen alueella, mutta tarjoamme palvelua my\u00f6s ulkomailla suomalaisten yritysten ulkomaantoiminnoille.\t\t\t\t\t<\/p>\n\n\t\t\t\t\t<a class=\"btn  \"\n\t\t\t   href=\"https:\/\/allisonoffhighway.com\/sac-finland\/fi\/services\/\"\n\t\t\t   target=\"\">\n\t\t\t\tSiirry palveluihin\t\t\t<\/a>\n\t\t\t<\/div>\n\n\t\n\t[\/vc_column][\/vc_row][vc_row el_class=&#8221;white&#8221; css=&#8221;.vc_custom_1768227746097{background-image: url(https:\/\/allisonoffhighway.com\/sac-finland\/wp-content\/uploads\/2025\/12\/about-us-sac-finland.png?id=1625) !important;background-position: center !important;background-repeat: no-repeat !important;background-size: cover !important;border-radius: 35px !important;}&#8221;][vc_column width=&#8221;1\/2&#8243;][\/vc_column][vc_column width=&#8221;5\/12&#8243; offset=&#8221;vc_hidden-xs&#8221;][vc_empty_space height=&#8221;100px&#8221;][vc_column_text css=&#8221;&#8221;]<\/p>\n<h2 style=\"text-align: left;\"><span style=\"color: #ffffff;\">Tietoa meist\u00e4<\/span><\/h2>\n<p style=\"text-align: left;\"><span style=\"color: #ffffff;\"><strong>12 asiantuntijasta ja huoltoinsin\u00f6\u00f6reist\u00e4 koostuvalla tiimill\u00e4mme on yhteens\u00e4 120 vuotta kokemusta, joten keskeisill\u00e4 teollisuudenaloilla ja keskeisiin sovelluksiin tarjoamamme palvelu on taatusti asiantuntevaa. P\u00e4\u00e4toimipisteemme sijaitsee Espoossa, mist\u00e4 k\u00e4sin palvelemme kotimaan markkinoita, Ruotsia ja Baltian maita.<\/strong><\/span><\/p>\n<p>[\/vc_column_text]<a class='btn   ' href='https:\/\/allisonoffhighway.com\/sac-finland\/fi\/about-us\/' target=''>Lue lis\u00e4\u00e4<\/a>[vc_empty_space height=&#8221;100px&#8221;][\/vc_column][\/vc_row][vc_row][vc_column offset=&#8221;vc_hidden-lg vc_hidden-md vc_hidden-sm&#8221;][vc_empty_space height=&#8221;100px&#8221;][vc_column_text css=&#8221;&#8221;]<\/p>\n<h2 style=\"text-align: left;\"><span style=\"color: #ffffff;\">Tietoa meist\u00e4<\/span><\/h2>\n<p style=\"text-align: left;\"><span style=\"color: #ffffff;\"><strong>12 asiantuntijasta ja huoltoinsin\u00f6\u00f6reist\u00e4 koostuvalla tiimill\u00e4mme on yhteens\u00e4 120 vuotta kokemusta, joten keskeisill\u00e4 teollisuudenaloilla ja keskeisiin sovelluksiin tarjoamamme palvelu on taatusti asiantuntevaa. P\u00e4\u00e4toimipisteemme sijaitsee Espoossa, mist\u00e4 k\u00e4sin palvelemme kotimaan markkinoita, Ruotsia ja Baltian maita.<\/strong><\/span><\/p>\n<p>[\/vc_column_text]<a class='btn   ' href='https:\/\/allisonoffhighway.com\/sac-finland\/fi\/about-us\/' target=''>Lue lis\u00e4\u00e4<\/a>[vc_empty_space height=&#8221;100px&#8221;][\/vc_column][\/vc_row][vc_row disable_element=&#8221;yes&#8221; el_class=&#8221;white&#8221;][vc_column][vc_empty_space height=&#8221;40px&#8221;][vc_column_text]<\/p>\n<h2>OUR NUMBERS<\/h2>\n<p>Located principally in Espoo, we also have a small outfit operating out of Kuopio and a team of skilled staff ready to intervene anywhere in Finland.[\/vc_column_text][vc_empty_space height=&#8221;40px&#8221;][\/vc_column][\/vc_row][vc_row equal_height=&#8221;yes&#8221; disable_element=&#8221;yes&#8221;][vc_column width=&#8221;1\/6&#8243;]    <div class=\"counter_shortcode\">\n\t\t<img loading=\"lazy\" decoding=\"async\" width=\"79\" height=\"77\" src=\"https:\/\/allisonoffhighway.com\/sac-finland\/wp-content\/uploads\/2023\/10\/people.png\" class=\"attachment-thumbnail size-thumbnail\" alt=\"\" \/>\t\t\n\t\t<div class=\"contatore\">\n\t\t\t<span class=\"num\" id='counter-826816847'>12<\/span>\n\t\t\t<small class=\"simbolo\"><\/small>\n\t\t<\/div>\n\t\t\n\t\t\t\t\t<span class=\"dopo\">People<\/span>\n\t\t\t\t\n        <script>\n\t\t\t(function () {\n                let $el = document.getElementById('counter-826816847');\n                let c = new Contatore($el, 2000);\n                onEnterViewport($el, function () { c.start(); });\n\t\t\t})();\n        <\/script>\n    <\/div>\n    [\/vc_column][vc_column width=&#8221;1\/6&#8243;]    <div class=\"counter_shortcode\">\n\t\t<img loading=\"lazy\" decoding=\"async\" width=\"79\" height=\"77\" src=\"https:\/\/allisonoffhighway.com\/sac-finland\/wp-content\/uploads\/2023\/12\/Senza-titolo-1-1.png\" class=\"attachment-thumbnail size-thumbnail\" alt=\"\" \/>\t\t\n\t\t<div class=\"contatore\">\n\t\t\t<span class=\"num\" id='counter-2065412882'>750<\/span>\n\t\t\t<small class=\"simbolo\"><\/small>\n\t\t<\/div>\n\t\t\n\t\t\t\t\t<span class=\"dopo\">sq. feet<\/span>\n\t\t\t\t\n        <script>\n\t\t\t(function () {\n                let $el = document.getElementById('counter-2065412882');\n                let c = new Contatore($el, 1500);\n                onEnterViewport($el, function () { c.start(); });\n\t\t\t})();\n        <\/script>\n    <\/div>\n    [\/vc_column][vc_column width=&#8221;1\/6&#8243;]    <div class=\"counter_shortcode\">\n\t\t<img loading=\"lazy\" decoding=\"async\" width=\"79\" height=\"77\" src=\"https:\/\/allisonoffhighway.com\/sac-finland\/wp-content\/uploads\/2023\/09\/Raggruppa-127.png\" class=\"attachment-thumbnail size-thumbnail\" alt=\"\" \/>\t\t\n\t\t<div class=\"contatore\">\n\t\t\t<span class=\"num\" id='counter-1959589481'>2000<\/span>\n\t\t\t<small class=\"simbolo\"><\/small>\n\t\t<\/div>\n\t\t\n\t\t\t\t\t<span class=\"dopo\">and more Sold annually<\/span>\n\t\t\t\t\n        <script>\n\t\t\t(function () {\n                let $el = document.getElementById('counter-1959589481');\n                let c = new Contatore($el, 2500);\n                onEnterViewport($el, function () { c.start(); });\n\t\t\t})();\n        <\/script>\n    <\/div>\n    [\/vc_column][vc_column width=&#8221;1\/6&#8243;]    <div class=\"counter_shortcode\">\n\t\t<img loading=\"lazy\" decoding=\"async\" width=\"79\" height=\"77\" src=\"https:\/\/allisonoffhighway.com\/sac-finland\/wp-content\/uploads\/2023\/09\/Raggruppa-127.png\" class=\"attachment-thumbnail size-thumbnail\" alt=\"\" \/>\t\t\n\t\t<div class=\"contatore\">\n\t\t\t<span class=\"num\" id='counter-912472179'>400<\/span>\n\t\t\t<small class=\"simbolo\"><\/small>\n\t\t<\/div>\n\t\t\n\t\t\t\t\t<span class=\"dopo\">Serviced annually<\/span>\n\t\t\t\t\n        <script>\n\t\t\t(function () {\n                let $el = document.getElementById('counter-912472179');\n                let c = new Contatore($el, 2500);\n                onEnterViewport($el, function () { c.start(); });\n\t\t\t})();\n        <\/script>\n    <\/div>\n    [\/vc_column][vc_column width=&#8221;1\/6&#8243;]    <div class=\"counter_shortcode\">\n\t\t<img loading=\"lazy\" decoding=\"async\" width=\"69\" height=\"74\" src=\"https:\/\/allisonoffhighway.com\/sac-finland\/wp-content\/uploads\/2023\/09\/Raggruppa-118.png\" class=\"attachment-thumbnail size-thumbnail\" alt=\"\" \/>\t\t\n\t\t<div class=\"contatore\">\n\t\t\t<span class=\"num\" id='counter-1875693830'>3000<\/span>\n\t\t\t<small class=\"simbolo\"><\/small>\n\t\t<\/div>\n\t\t\n\t\t\t\t\t<span class=\"dopo\">and more Sold annually<\/span>\n\t\t\t\t\n        <script>\n\t\t\t(function () {\n                let $el = document.getElementById('counter-1875693830');\n                let c = new Contatore($el, 2500);\n                onEnterViewport($el, function () { c.start(); });\n\t\t\t})();\n        <\/script>\n    <\/div>\n    [\/vc_column][vc_column width=&#8221;1\/6&#8243;]    <div class=\"counter_shortcode\">\n\t\t<img loading=\"lazy\" decoding=\"async\" width=\"69\" height=\"74\" src=\"https:\/\/allisonoffhighway.com\/sac-finland\/wp-content\/uploads\/2023\/09\/Raggruppa-118.png\" class=\"attachment-thumbnail size-thumbnail\" alt=\"\" \/>\t\t\n\t\t<div class=\"contatore\">\n\t\t\t<span class=\"num\" id='counter-557166705'>150<\/span>\n\t\t\t<small class=\"simbolo\"><\/small>\n\t\t<\/div>\n\t\t\n\t\t\t\t\t<span class=\"dopo\">and more Serviced annually<\/span>\n\t\t\t\t\n        <script>\n\t\t\t(function () {\n                let $el = document.getElementById('counter-557166705');\n                let c = new Contatore($el, 2500);\n                onEnterViewport($el, function () { c.start(); });\n\t\t\t})();\n        <\/script>\n    <\/div>\n    [\/vc_column][\/vc_row][vc_row][vc_column][vc_empty_space height=&#8221;50px&#8221;][\/vc_column][\/vc_row][\/vc_section][vc_row][vc_column][vc_empty_space height=&#8221;60px&#8221;][vc_column_text css=&#8221;.vc_custom_1768227795177{margin-bottom: 20px !important;}&#8221; el_class=&#8221;max-w&#8221;]<\/p>\n<h2 style=\"text-align: center;\"><span style=\"color: #0032a0;\">Miksi kannattaa valita meid\u00e4t?<\/span><\/h2>\n<p>[\/vc_column_text][vc_empty_space height=&#8221;40px&#8221;][\/vc_column][\/vc_row][vc_row equal_height=&#8221;yes&#8221;][vc_column width=&#8221;1\/3&#8243;]\t<div class=\"card_testuale_shortcode  text-center align-items-center \">\n\t\t\t\t\t<span class=\"pallino\">\n                1            <\/span>\n\t\t\t\t<h3>Kohdennetut ratkaisut<\/h3>\n\t\t<p class=\"text\">\n\t\t\tKun ongelmanratkaisua tai laitteiston korjaamista tarvitseva asiakas ottaa meihin yhteytt\u00e4, olemme l\u00e4hell\u00e4 ja tarjoamme asianmukaista apua. Paikallisesti on aina saatavilla kattava valikoima keskeisi\u00e4 palveluja. Alla lueteltujen markkinoiden asiantuntemuksella l\u00f6yd\u00e4mme juuri oikean ratkaisun yhdess\u00e4 asiakkaan kanssa. Kuuntelemme tarkasti asiakkaidemme tarpeita, ja pyrimme parhaamme mukaan t\u00e4ytt\u00e4m\u00e4\u00e4n ne.\t\t\t\t\t<\/p>\n\n\t\t\t<\/div>\n\n\t\n\t[\/vc_column][vc_column width=&#8221;1\/3&#8243;]\t<div class=\"card_testuale_shortcode  text-center align-items-center \">\n\t\t\t\t\t<span class=\"pallino\">\n                2            <\/span>\n\t\t\t\t<h3>Uusimmat innovaatiot<\/h3>\n\t\t<p class=\"text\">\n\t\t\tMeille on t\u00e4rke\u00e4\u00e4 tuoda huippuluokan teknologiaa Suomeen. Ja koska innovaatiot ovat maailmanlaajuisen organisaatiomme lanseeraamia, meill\u00e4 on k\u00e4yt\u00f6ss\u00e4mme kaikki tarvittava osaaminen ja k\u00e4yt\u00e4nn\u00f6n tuki niiden menestyksekk\u00e4\u00e4seen k\u00e4ytt\u00f6\u00f6nottoon Suomessa.\t\t\t\t\t<\/p>\n\n\t\t\t<\/div>\n\n\t\n\t[\/vc_column][vc_column width=&#8221;1\/3&#8243;]\t<div class=\"card_testuale_shortcode  text-center align-items-center \">\n\t\t\t\t\t<span class=\"pallino\">\n                3            <\/span>\n\t\t\t\t<h3>Tekninen asiantuntemus<\/h3>\n\t\t<p class=\"text\">\n\t\t\t Suunnittelemme useita avainkomponentteja yhdess\u00e4 OEM-insin\u00f6\u00f6rien kanssa, joten kun asiakas ottaa meihin yhteytt\u00e4 vaihdelaatikon tai hydraulij\u00e4rjestelm\u00e4n korjaustarpeesta, ymm\u00e4rr\u00e4mme tilanteen tekniselt\u00e4 kannalta t\u00e4ysin. Kaikki varaosat ovat alkuper\u00e4isi\u00e4 Dana-osia, ja korjatun laitteen lopullinen laatu on tietysti sama kuin alkuper\u00e4isen. \t\t\t\t\t<\/p>\n\n\t\t\t<\/div>\n\n\t\n\t[\/vc_column][\/vc_row][vc_row][vc_column width=&#8221;1\/3&#8243;][\/vc_column][vc_column width=&#8221;1\/3&#8243;][vc_empty_space height=&#8221;50px&#8221;][vc_separator color=&#8221;custom&#8221; border_width=&#8221;8&#8243; css=&#8221;&#8221; accent_color=&#8221;#0032A0&#8243;][vc_empty_space][\/vc_column][vc_column width=&#8221;1\/3&#8243;][\/vc_column][\/vc_row][vc_row content_placement=&#8221;middle&#8221;][vc_column width=&#8221;1\/2&#8243;][vc_column_text css=&#8221;&#8221;]<\/p>\n<h2>Markkinat<\/h2>\n<p>Osana globaalia konsernia meill\u00e4 on k\u00e4ytett\u00e4viss\u00e4mme paitsi markkinoiden laajin ratkaisutarjonta, my\u00f6s runsaasti teknologiaa ja syv\u00e4llist\u00e4 kokemusta monista sovelluksista. T\u00e4h\u00e4n yhdistyy nopeutemme ja joustavuutemme paikallisten asiakkaiden tukemisessa milloin ja miss\u00e4 tahansa. Se on kuin meill\u00e4 olisi pienen yrityksen syd\u00e4n ja globaalin suuryrityksen lihakset. Olemme Suomen paras ratkaisujen toimittaja, ja palvelemme monia eri markkinoita, kuten merenkulkua, sellu- ja paperiteollisuutta sek\u00e4 materiaalink\u00e4sittely\u00e4.[\/vc_column_text][vc_empty_space]<a class='btn   ' href='https:\/\/allisonoffhighway.com\/sac-finland\/fi\/markets\/' target=''>Tutustu markkinoihimme<\/a>[vc_empty_space][\/vc_column][vc_column width=&#8221;1\/2&#8243;][vc_single_image image=&#8221;584&#8243; img_size=&#8221;full&#8221;][\/vc_column][\/vc_row]<\/p>\n<\/div>","protected":false},"excerpt":{"rendered":"<p>[vc_row][vc_column][\/vc_column][\/vc_row][vc_section full_width=&#8221;stretch_row&#8221; css=&#8221;.vc_custom_1644337000498{background: #000000 url(https:\/\/allisonoffhighway.com\/sac-finland\/wp-content\/uploads\/2022\/02\/dana-services.jpg?id=45) !important;background-position: center !important;background-repeat: no-repeat !important;background-size: cover !important;}&#8221; el_class=&#8221;overlap&#8221;][vc_row equal_height=&#8221;yes&#8221;][vc_column width=&#8221;1\/2&#8243;][\/vc_column][vc_column width=&#8221;1\/2&#8243;][\/vc_column][\/vc_row][vc_row el_class=&#8221;white&#8221; css=&#8221;.vc_custom_1768227746097{background-image: url(https:\/\/allisonoffhighway.com\/sac-finland\/wp-content\/uploads\/2025\/12\/about-us-sac-finland.png?id=1625) !important;background-position: center !important;background-repeat: no-repeat !important;background-size: cover !important;border-radius: 35px !important;}&#8221;][vc_column width=&#8221;1\/2&#8243;][\/vc_column][vc_column width=&#8221;5\/12&#8243; offset=&#8221;vc_hidden-xs&#8221;][vc_empty_space height=&#8221;100px&#8221;][vc_column_text css=&#8221;&#8221;] Tietoa meist\u00e4 12 asiantuntijasta ja huoltoinsin\u00f6\u00f6reist\u00e4 koostuvalla tiimill\u00e4mme on yhteens\u00e4 120 vuotta kokemusta, joten keskeisill\u00e4 teollisuudenaloilla ja keskeisiin sovelluksiin tarjoamamme palvelu on [&hellip;]<\/p>\n","protected":false},"author":1,"featured_media":0,"parent":0,"menu_order":0,"comment_status":"closed","ping_status":"closed","template":"","meta":{"_acf_changed":false,"footnotes":""},"class_list":["post-1425","page","type-page","status-publish","hentry"],"acf":[],"yoast_head":"<!-- This site is optimized with the Yoast SEO plugin v25.0 - https:\/\/yoast.com\/wordpress\/plugins\/seo\/ -->\n<title>Homepage - Allison Off-Highway - Sac Finland<\/title>\n<meta name=\"description\" content=\"Tervetuloa Sac Finlandin huolto- ja kokoonpanokeskukseen. Tutustu tiimiimme ja vaihdelaatikoiden, vinssien ja vaihdemoottoreiden huoltopalveluihimme.\" \/>\n<meta name=\"robots\" content=\"noindex, follow, max-snippet:-1, max-image-preview:large, max-video-preview:-1\" \/>\n<meta property=\"og:locale\" content=\"fi_FI\" \/>\n<meta property=\"og:type\" content=\"article\" \/>\n<meta property=\"og:title\" content=\"Homepage - Allison Off-Highway - Sac Finland\" \/>\n<meta property=\"og:description\" content=\"Tervetuloa Sac Finlandin huolto- ja kokoonpanokeskukseen. Tutustu tiimiimme ja vaihdelaatikoiden, vinssien ja vaihdemoottoreiden huoltopalveluihimme.\" \/>\n<meta property=\"og:url\" content=\"https:\/\/allisonoffhighway.com\/sac-finland\/fi\/\" \/>\n<meta property=\"og:site_name\" content=\"Allison Off-Highway - Sac Finland\" \/>\n<meta property=\"article:modified_time\" content=\"2026-01-12T16:17:34+00:00\" \/>\n<meta name=\"twitter:card\" content=\"summary_large_image\" \/>\n<meta name=\"twitter:label1\" content=\"Arvioitu lukuaika\" \/>\n\t<meta name=\"twitter:data1\" content=\"5 minuuttia\" \/>\n<script type=\"application\/ld+json\" class=\"yoast-schema-graph\">{\"@context\":\"https:\/\/schema.org\",\"@graph\":[{\"@type\":\"WebPage\",\"@id\":\"https:\/\/allisonoffhighway.com\/sac-finland\/fi\/\",\"url\":\"https:\/\/allisonoffhighway.com\/sac-finland\/fi\/\",\"name\":\"Homepage - Allison Off-Highway - Sac Finland\",\"isPartOf\":{\"@id\":\"https:\/\/allisonoffhighway.com\/sac-finland\/#website\"},\"datePublished\":\"2022-02-08T14:40:31+00:00\",\"dateModified\":\"2026-01-12T16:17:34+00:00\",\"description\":\"Tervetuloa Sac Finlandin huolto- ja kokoonpanokeskukseen. Tutustu tiimiimme ja vaihdelaatikoiden, vinssien ja vaihdemoottoreiden huoltopalveluihimme.\",\"breadcrumb\":{\"@id\":\"https:\/\/allisonoffhighway.com\/sac-finland\/fi\/#breadcrumb\"},\"inLanguage\":\"fi\",\"potentialAction\":[{\"@type\":\"ReadAction\",\"target\":[\"https:\/\/allisonoffhighway.com\/sac-finland\/fi\/\"]}]},{\"@type\":\"BreadcrumbList\",\"@id\":\"https:\/\/allisonoffhighway.com\/sac-finland\/fi\/#breadcrumb\",\"itemListElement\":[{\"@type\":\"ListItem\",\"position\":1,\"name\":\"Home\",\"item\":\"https:\/\/allisonoffhighway.com\/sac-finland\/fi\/\"},{\"@type\":\"ListItem\",\"position\":2,\"name\":\"Homepage\"}]},{\"@type\":\"WebSite\",\"@id\":\"https:\/\/allisonoffhighway.com\/sac-finland\/#website\",\"url\":\"https:\/\/allisonoffhighway.com\/sac-finland\/\",\"name\":\"Allison Off-Highway - Sac Finland\",\"description\":\"\",\"potentialAction\":[{\"@type\":\"SearchAction\",\"target\":{\"@type\":\"EntryPoint\",\"urlTemplate\":\"https:\/\/allisonoffhighway.com\/sac-finland\/?s={search_term_string}\"},\"query-input\":{\"@type\":\"PropertyValueSpecification\",\"valueRequired\":true,\"valueName\":\"search_term_string\"}}],\"inLanguage\":\"fi\"}]}<\/script>\n<!-- \/ Yoast SEO plugin. -->","yoast_head_json":{"title":"Homepage - Allison Off-Highway - Sac Finland","description":"Tervetuloa Sac Finlandin huolto- ja kokoonpanokeskukseen. Tutustu tiimiimme ja vaihdelaatikoiden, vinssien ja vaihdemoottoreiden huoltopalveluihimme.","robots":{"index":"noindex","follow":"follow","max-snippet":"max-snippet:-1","max-image-preview":"max-image-preview:large","max-video-preview":"max-video-preview:-1"},"og_locale":"fi_FI","og_type":"article","og_title":"Homepage - Allison Off-Highway - Sac Finland","og_description":"Tervetuloa Sac Finlandin huolto- ja kokoonpanokeskukseen. Tutustu tiimiimme ja vaihdelaatikoiden, vinssien ja vaihdemoottoreiden huoltopalveluihimme.","og_url":"https:\/\/allisonoffhighway.com\/sac-finland\/fi\/","og_site_name":"Allison Off-Highway - Sac Finland","article_modified_time":"2026-01-12T16:17:34+00:00","twitter_card":"summary_large_image","twitter_misc":{"Arvioitu lukuaika":"5 minuuttia"},"schema":{"@context":"https:\/\/schema.org","@graph":[{"@type":"WebPage","@id":"https:\/\/allisonoffhighway.com\/sac-finland\/fi\/","url":"https:\/\/allisonoffhighway.com\/sac-finland\/fi\/","name":"Homepage - Allison Off-Highway - Sac Finland","isPartOf":{"@id":"https:\/\/allisonoffhighway.com\/sac-finland\/#website"},"datePublished":"2022-02-08T14:40:31+00:00","dateModified":"2026-01-12T16:17:34+00:00","description":"Tervetuloa Sac Finlandin huolto- ja kokoonpanokeskukseen. Tutustu tiimiimme ja vaihdelaatikoiden, vinssien ja vaihdemoottoreiden huoltopalveluihimme.","breadcrumb":{"@id":"https:\/\/allisonoffhighway.com\/sac-finland\/fi\/#breadcrumb"},"inLanguage":"fi","potentialAction":[{"@type":"ReadAction","target":["https:\/\/allisonoffhighway.com\/sac-finland\/fi\/"]}]},{"@type":"BreadcrumbList","@id":"https:\/\/allisonoffhighway.com\/sac-finland\/fi\/#breadcrumb","itemListElement":[{"@type":"ListItem","position":1,"name":"Home","item":"https:\/\/allisonoffhighway.com\/sac-finland\/fi\/"},{"@type":"ListItem","position":2,"name":"Homepage"}]},{"@type":"WebSite","@id":"https:\/\/allisonoffhighway.com\/sac-finland\/#website","url":"https:\/\/allisonoffhighway.com\/sac-finland\/","name":"Allison Off-Highway - Sac Finland","description":"","potentialAction":[{"@type":"SearchAction","target":{"@type":"EntryPoint","urlTemplate":"https:\/\/allisonoffhighway.com\/sac-finland\/?s={search_term_string}"},"query-input":{"@type":"PropertyValueSpecification","valueRequired":true,"valueName":"search_term_string"}}],"inLanguage":"fi"}]}},"_links":{"self":[{"href":"https:\/\/allisonoffhighway.com\/sac-finland\/fi\/wp-json\/wp\/v2\/pages\/1425","targetHints":{"allow":["GET"]}}],"collection":[{"href":"https:\/\/allisonoffhighway.com\/sac-finland\/fi\/wp-json\/wp\/v2\/pages"}],"about":[{"href":"https:\/\/allisonoffhighway.com\/sac-finland\/fi\/wp-json\/wp\/v2\/types\/page"}],"author":[{"embeddable":true,"href":"https:\/\/allisonoffhighway.com\/sac-finland\/fi\/wp-json\/wp\/v2\/users\/1"}],"replies":[{"embeddable":true,"href":"https:\/\/allisonoffhighway.com\/sac-finland\/fi\/wp-json\/wp\/v2\/comments?post=1425"}],"version-history":[{"count":15,"href":"https:\/\/allisonoffhighway.com\/sac-finland\/fi\/wp-json\/wp\/v2\/pages\/1425\/revisions"}],"predecessor-version":[{"id":1681,"href":"https:\/\/allisonoffhighway.com\/sac-finland\/fi\/wp-json\/wp\/v2\/pages\/1425\/revisions\/1681"}],"wp:attachment":[{"href":"https:\/\/allisonoffhighway.com\/sac-finland\/fi\/wp-json\/wp\/v2\/media?parent=1425"}],"curies":[{"name":"wp","href":"https:\/\/api.w.org\/{rel}","templated":true}]}}