{"id":1423,"date":"2022-02-10T10:36:19","date_gmt":"2022-02-10T09:36:19","guid":{"rendered":"https:\/\/allisonoffhighway.com\/sac-finland\/about-us-2\/"},"modified":"2026-01-12T17:19:22","modified_gmt":"2026-01-12T16:19:22","slug":"tietoa-meista","status":"publish","type":"page","link":"https:\/\/allisonoffhighway.com\/sac-finland\/fi\/tietoa-meista\/","title":{"rendered":"Tietoa meist\u00e4"},"content":{"rendered":"<div class=\"wpb-content-wrapper\"><p>[vc_row full_width=&#8221;stretch_row&#8221; content_placement=&#8221;middle&#8221; css=&#8221;.vc_custom_1701099323685{background-image: url(https:\/\/allisonoffhighway.com\/sac-finland\/wp-content\/uploads\/2022\/02\/dana-services.jpg?id=45) !important;}&#8221;][vc_column][vc_empty_space height=&#8221;40px&#8221;][vc_column_text css=&#8221;.vc_custom_1768227901169{margin-bottom: 20px !important;}&#8221;]<\/p>\n<h2 style=\"text-align: center;\"><span style=\"color: #ffffff;\">T\u00e4rkeit\u00e4 lukuja<\/span><\/h2>\n<p>[\/vc_column_text][vc_empty_space height=&#8221;40px&#8221;][vc_row_inner][vc_column_inner width=&#8221;1\/4&#8243;]    <div class=\"counter_shortcode\">\n\t\t<img loading=\"lazy\" decoding=\"async\" width=\"79\" height=\"77\" src=\"https:\/\/allisonoffhighway.com\/sac-finland\/wp-content\/uploads\/2023\/11\/people.png\" class=\"attachment-thumbnail size-thumbnail\" alt=\"\" \/>\t\t\n\t\t<div class=\"contatore\">\n\t\t\t<span class=\"num\" id='counter-117922511'>10<\/span>\n\t\t\t<small class=\"simbolo\">+<\/small>\n\t\t<\/div>\n\t\t\n\t\t\t\t\t<span class=\"dopo\">ty\u00f6ntekij\u00e4\u00e4<\/span>\n\t\t\t\t\n        <script>\n\t\t\t(function () {\n                let $el = document.getElementById('counter-117922511');\n                let c = new Contatore($el, 2000);\n                onEnterViewport($el, function () { c.start(); });\n\t\t\t})();\n        <\/script>\n    <\/div>\n    [\/vc_column_inner][vc_column_inner width=&#8221;1\/4&#8243;]    <div class=\"counter_shortcode\">\n\t\t<img loading=\"lazy\" decoding=\"async\" width=\"79\" height=\"77\" src=\"https:\/\/allisonoffhighway.com\/sac-finland\/wp-content\/uploads\/2023\/12\/icona-nuova-bella.png\" class=\"attachment-thumbnail size-thumbnail\" alt=\"\" \/>\t\t\n\t\t<div class=\"contatore\">\n\t\t\t<span class=\"num\" id='counter-2090830767'>750<\/span>\n\t\t\t<small class=\"simbolo\"><\/small>\n\t\t<\/div>\n\t\t\n\t\t\t\t\t<span class=\"dopo\">m\u00b2<\/span>\n\t\t\t\t\n        <script>\n\t\t\t(function () {\n                let $el = document.getElementById('counter-2090830767');\n                let c = new Contatore($el, 1500);\n                onEnterViewport($el, function () { c.start(); });\n\t\t\t})();\n        <\/script>\n    <\/div>\n    [\/vc_column_inner][vc_column_inner width=&#8221;1\/4&#8243;]    <div class=\"counter_shortcode\">\n\t\t<img loading=\"lazy\" decoding=\"async\" width=\"79\" height=\"77\" src=\"https:\/\/allisonoffhighway.com\/sac-finland\/wp-content\/uploads\/2023\/09\/Raggruppa-127.png\" class=\"attachment-thumbnail size-thumbnail\" alt=\"\" \/>\t\t\n\t\t<div class=\"contatore\">\n\t\t\t<span class=\"num\" id='counter-129945722'>5000<\/span>\n\t\t\t<small class=\"simbolo\">+<\/small>\n\t\t<\/div>\n\t\t\n\t\t\t\t\t<span class=\"dopo\">vuosittain myyty\u00e4 vaihdetta ja hydraulista j\u00e4rjestelm\u00e4\u00e4<\/span>\n\t\t\t\t\n        <script>\n\t\t\t(function () {\n                let $el = document.getElementById('counter-129945722');\n                let c = new Contatore($el, 3000);\n                onEnterViewport($el, function () { c.start(); });\n\t\t\t})();\n        <\/script>\n    <\/div>\n    [\/vc_column_inner][vc_column_inner width=&#8221;1\/4&#8243;]    <div class=\"counter_shortcode\">\n\t\t<img loading=\"lazy\" decoding=\"async\" width=\"69\" height=\"74\" src=\"https:\/\/allisonoffhighway.com\/sac-finland\/wp-content\/uploads\/2023\/09\/Raggruppa-118.png\" class=\"attachment-thumbnail size-thumbnail\" alt=\"\" \/>\t\t\n\t\t<div class=\"contatore\">\n\t\t\t<span class=\"num\" id='counter-1199773734'>500<\/span>\n\t\t\t<small class=\"simbolo\">+<\/small>\n\t\t<\/div>\n\t\t\n\t\t\t\t\t<span class=\"dopo\">vuosittain huollettua vaihdetta ja hydraulista j\u00e4rjestelm\u00e4\u00e4<\/span>\n\t\t\t\t\n        <script>\n\t\t\t(function () {\n                let $el = document.getElementById('counter-1199773734');\n                let c = new Contatore($el, 3000);\n                onEnterViewport($el, function () { c.start(); });\n\t\t\t})();\n        <\/script>\n    <\/div>\n    [\/vc_column_inner][\/vc_row_inner][\/vc_column][\/vc_row][vc_row][vc_column][vc_empty_space height=&#8221;60px&#8221;]<h2 class='titolo-shortcode ' style='font-weight: 700;color: #000;text-align: left;'>Valmiudet ja huippuluokan laitteistot<\/h2>[vc_column_text css=&#8221;.vc_custom_1712144256035{margin-bottom: 20px !important;}&#8221;]Markkinoilla tarjoamamme lis\u00e4arvo muodostuu vankasta kokemuksesta, erikoishuoltovalmiuksista, logistiikasta ja konsultoinnista. Espoon toimipisteess\u00e4 meill\u00e4 on kaikki tarvittavat koneet vaihteiden ja hydraulisten j\u00e4rjestelmien kokoonpanoon, testaukseen ja korjaukseen. K\u00e4yt\u00f6ss\u00e4mme on hydraulinen testipenkki, teolliset nostolaitteet, hydraulinen puristin, teollinen pesukone ja induktiol\u00e4mmitin. Lis\u00e4ksi meill\u00e4 on kaksi t\u00e4ysin varusteltua ajoneuvoa, jotka ovat valmiina l\u00e4htem\u00e4\u00e4n tarvittaessa paikan p\u00e4\u00e4lle. Kyydiss\u00e4 on sek\u00e4 diagnostiikkaty\u00f6kalut ett\u00e4 kaikki tarvittava asiakkaan tiloissa tapahtuvaa k\u00e4ytt\u00f6\u00f6nottoa varten.<\/p>\n<p>T\u00e4m\u00e4 on helposti saavutettavissa oleva p\u00e4\u00e4toimipaikkamme, jossa meill\u00e4 on varastotilaa, koneita ja asiantuntijatiimi valmiina vastaamaan tarpeisiisi.<\/p>\n<p>Meill\u00e4 on Kuopiossa pieni toimipiste, joka pystyy vastaamaan nopeammin syrj\u00e4isemmill\u00e4 alueilla toimivien asiakkaiden tarpeisiin.[\/vc_column_text][vc_empty_space height=&#8221;40px&#8221;]\t<div id=\"lvmk-owl-1044736179\" class=\"lvmk-owl \">\r\n\t\t<div class=\"owl-carousel\">\r\n\t\t\t<div>[vc_single_image image=&#8221;1638&#8243; img_size=&#8221;full&#8221; css=&#8221;&#8221;]<\/div><div>[vc_single_image image=&#8221;1230&#8243; img_size=&#8221;full&#8221;]<\/div><div>[vc_single_image image=&#8221;1235&#8243; img_size=&#8221;full&#8221;]<\/div>\t\t<\/div>\r\n\t\t\r\n\t\t<script>\r\n\t\t\twindow.addEventListener('DOMContentLoaded', function() {\r\n\t\t\t\tsetTimeout(function() {\r\n\t\t\t\t\tjQuery('#lvmk-owl-1044736179 .owl-carousel').owlCarousel({\r\n\t\t\t\t\t\tmargin: 30,\r\n\t\t\t\t\t\tnav: false,\r\n\t\t\t\t\t\tdots: true,\r\n\t\t\t\t\t\tloop: false,\r\n\t\t\t\t\t\tautoplay: false,\r\n\t\t\t\t\t\tautoplaySpeed: 2000,\r\n\t\t\t\t\t\titems:1,\r\n\t\t\t\t\t\tresponsive: {\r\n\t\t\t\t\t\t\t0   : { items: 1 },\r\n\t\t\t\t\t\t\t768 : { items: 2 },\r\n\t\t\t\t\t\t\t992 : { items: 3 },\r\n\t\t\t\t\t\t\t1200: { items: 3 },\r\n\t\t\t\t\t\t\t1430: { items: 3 },\r\n\t\t\t\t\t\t\t1680: { items: 3 },\r\n\t\t\t\t\t\t}\r\n\t\t\t\t\t});\r\n\t\t\t\t}, 500);\r\n\t\t\t});\r\n\t\t<\/script>\r\n\t<\/div>\r\n\t[vc_empty_space height=&#8221;60px&#8221;][\/vc_column][\/vc_row][vc_row disable_element=&#8221;yes&#8221;][vc_column][vc_empty_space height=&#8221;60px&#8221;]<h2 class='titolo-shortcode ' style='font-weight: 700;color: #000;text-align: left;'>MORE THAN JUST SALES<\/h2>[vc_row_inner][vc_column_inner width=&#8221;3\/4&#8243;][vc_column_text css=&#8221;.vc_custom_1712569971501{margin-bottom: 20px !important;}&#8221;]<\/p>\n<p style=\"text-align: left;\">Markkinoilla tarjoamamme lis\u00e4arvo muodostuu vankasta kokemuksesta, erikoishuoltovalmiuksista, logistiikasta ja konsultoinnista. Espoon toimipisteess\u00e4 meill\u00e4 on kaikki tarvittavat koneet vaihteiden ja hydraulisten j\u00e4rjestelmien kokoonpanoon, testaukseen ja korjaukseen. K\u00e4yt\u00f6ss\u00e4mme on hydraulinen testipenkki, teolliset nostolaitteet, hydraulinen puristin, teollinen pesukone ja induktiol\u00e4mmitin. Lis\u00e4ksi meill\u00e4 on kaksi t\u00e4ysin varusteltua ajoneuvoa, jotka ovat valmiina l\u00e4htem\u00e4\u00e4n tarvittaessa paikan p\u00e4\u00e4lle. Kyydiss\u00e4 on sek\u00e4 diagnostiikkaty\u00f6kalut ett\u00e4 kaikki tarvittava asiakkaan tiloissa tapahtuvaa k\u00e4ytt\u00f6\u00f6nottoa varten.<\/p>\n<p>[\/vc_column_text][\/vc_column_inner][\/vc_row_inner][vc_empty_space height=&#8221;50px&#8221;]\t<div id=\"lvmk-owl-156844128\" class=\"lvmk-owl \">\r\n\t\t<div class=\"owl-carousel\">\r\n\t\t\t<div>[vc_single_image image=&#8221;706&#8243; img_size=&#8221;full&#8221;][vc_column_text]<\/p>\n<p style=\"text-align: left;\"><span style=\"color: #0086cd;\"><strong>ESPOO<\/strong><\/span><\/p>\n<p style=\"text-align: left;\">T\u00e4m\u00e4 on helposti saavutettavissa oleva p\u00e4\u00e4toimipaikkamme, jossa meill\u00e4 on varastotilaa, koneita ja asiantuntijatiimi valmiina vastaamaan tarpeisiisi.<\/p>\n<p>[\/vc_column_text]<\/div><div>[vc_single_image image=&#8221;279&#8243; img_size=&#8221;full&#8221;][vc_column_text]<\/p>\n<p style=\"text-align: left;\"><span style=\"color: #0086cd;\"><strong>KUOPIOSSA<\/strong><\/span><\/p>\n<p style=\"text-align: left;\">Meill\u00e4 on Kuopiossa pieni toimipiste, joka pystyy vastaamaan nopeammin syrj\u00e4isemmill\u00e4 alueilla toimivien asiakkaiden tarpeisiin.<\/p>\n<p>[\/vc_column_text]<\/div>\t\t<\/div>\r\n\t\t\r\n\t\t<script>\r\n\t\t\twindow.addEventListener('DOMContentLoaded', function() {\r\n\t\t\t\tsetTimeout(function() {\r\n\t\t\t\t\tjQuery('#lvmk-owl-156844128 .owl-carousel').owlCarousel({\r\n\t\t\t\t\t\tmargin: 30,\r\n\t\t\t\t\t\tnav: false,\r\n\t\t\t\t\t\tdots: true,\r\n\t\t\t\t\t\tloop: false,\r\n\t\t\t\t\t\tautoplay: false,\r\n\t\t\t\t\t\tautoplaySpeed: 2000,\r\n\t\t\t\t\t\titems:1,\r\n\t\t\t\t\t\tresponsive: {\r\n\t\t\t\t\t\t\t0   : { items: 1 },\r\n\t\t\t\t\t\t\t768 : { items: 2 },\r\n\t\t\t\t\t\t\t992 : { items: 2 },\r\n\t\t\t\t\t\t\t1200: { items: 3 },\r\n\t\t\t\t\t\t\t1430: { items: 4 },\r\n\t\t\t\t\t\t\t1680: { items: 4 },\r\n\t\t\t\t\t\t}\r\n\t\t\t\t\t});\r\n\t\t\t\t}, 500);\r\n\t\t\t});\r\n\t\t<\/script>\r\n\t<\/div>\r\n\t[vc_empty_space height=&#8221;30px&#8221;][\/vc_column][\/vc_row][vc_row full_width=&#8221;stretch_row_content&#8221; equal_height=&#8221;yes&#8221; css=&#8221;.vc_custom_1768228058177{background-color: #545859 !important;}&#8221;][vc_column width=&#8221;1\/12&#8243;][\/vc_column][vc_column width=&#8221;1\/2&#8243;][vc_empty_space height=&#8221;90px&#8221;][vc_column_text css=&#8221;&#8221;]<\/p>\n<h2><span style=\"color: #ffffff;\">N\u00e4in vastaamme yrityksesi tarpeisiin<\/span><\/h2>\n<p><span style=\"color: #ffffff;\">Erikois- ja mittalaitteilla paikan p\u00e4\u00e4ll\u00e4 teht\u00e4v\u00e4 huolto on yksi vahvuuksistamme. Tarjoamme my\u00f6s yksil\u00f6llisesti r\u00e4\u00e4t\u00e4l\u00f6ityj\u00e4 vaihtoehtoja ja suunnittelemme ratkaisuja paikallisesti. T\u00e4h\u00e4n sis\u00e4ltyv\u00e4t r\u00e4\u00e4t\u00e4l\u00f6idyt hydraulij\u00e4rjestelm\u00e4ratkaisut sek\u00e4 asiakaskohtainen vaihdesuunnittelu ja vaihteisiin liittyv\u00e4t muutokset. Monipuoliseen palvelutarjontaamme kuuluvat my\u00f6s aktiivinen asiakastuki, paikan p\u00e4\u00e4ll\u00e4 tapahtuva vianm\u00e4\u00e4ritys sek\u00e4 k\u00e4ytt\u00f6\u00f6nottopalvelut. Lis\u00e4ksi tarjoamme konsultointipalveluja meriteollisuuden sovelluksiin ja tukea virallisia sertifiointeja varten.<\/span><\/p>\n<p><span style=\"color: #ffffff;\">Eritt\u00e4in ammattitaitoisista huoltoinsin\u00f6\u00f6reist\u00e4 koostuvalla TIIMILL\u00c4MME on kokemusta useilta eri teollisuudenaloilta, mutta erityisesti meriteollisuudesta sek\u00e4 sellu- ja paperiteollisuudesta. Lis\u00e4ksi tiimil\u00e4isill\u00e4 on vankkaa osaamista rakennus-, kaivos- ja ter\u00e4steollisuuden sek\u00e4 uusiutuvan energian ja vastuullisen j\u00e4tehuollon sovelluksista.<\/span>[\/vc_column_text]<a class='btn   ' href='https:\/\/allisonoffhighway.com\/sac-finland\/services\/' target=''>Siirry palveluihin<\/a>[vc_empty_space height=&#8221;90px&#8221;][\/vc_column][vc_column width=&#8221;5\/12&#8243; css=&#8221;.vc_custom_1768234026858{background-image: url(https:\/\/allisonoffhighway.com\/sac-finland\/wp-content\/uploads\/2025\/12\/What-we-can-do-for-you.jpg?id=1633) !important;background-position: center !important;background-repeat: no-repeat !important;background-size: cover !important;}&#8221; offset=&#8221;vc_hidden-xs&#8221;][\/vc_column][\/vc_row][vc_row full_width=&#8221;stretch_row_content_no_spaces&#8221;][vc_column offset=&#8221;vc_hidden-lg vc_hidden-md vc_hidden-sm&#8221;][vc_single_image image=&#8221;1155&#8243; img_size=&#8221;full&#8221; el_class=&#8221;m-0&#8243;][\/vc_column][\/vc_row][vc_row][vc_column][vc_empty_space height=&#8221;60px&#8221;][\/vc_column][\/vc_row][vc_row full_width=&#8221;stretch_row&#8221;][vc_column][vc_empty_space height=&#8221;30px&#8221;]<h2 class='titolo-shortcode ' style='font-weight: 700;color: #000;text-align: center;'>Lue lis\u00e4\u00e4 Sac Finlandista<\/h2>[vc_empty_space height=&#8221;30px&#8221;]\t<div id=\"lvmk-owl-1186996849\" class=\"lvmk-owl \">\r\n\t\t<div class=\"owl-carousel\">\r\n\t\t\t<div>\t<div class=\"card_testuale_shortcode square  \">\n\t\t\t\t<h3>Palvelemamme markkinat<\/h3>\n\t\t<p class=\"text\">\n\t\t\tKahden keskeisen toimialan, eli meriteollisuuden sek\u00e4 sellu- ja paperiteollisuuden lis\u00e4ksi tuemme asiakkaita aktiivisesti seuraavilla aloilla: kaivostoiminta, rakentaminen, ter\u00e4s, uusiutuva energia ja j\u00e4tehuolto. Meill\u00e4 on kultakin toimialalta laaja-alaista kokemusta ja olemme sitoutuneet kest\u00e4v\u00e4n kehityksen vaatimuksiin.\t\t\t\t\t<\/p>\n\n\t\t\t\t\t<a class=\"btn  \"\n\t\t\t   href=\"https:\/\/allisonoffhighway.com\/sac-finland\/markets\/\"\n\t\t\t   target=\"\">\n\t\t\t\tTutustu markkinoihimme\t\t\t<\/a>\n\t\t\t<\/div>\n\n\t\n\t<\/div><div>\t<div class=\"card_testuale_shortcode square  \">\n\t\t\t\t<h3>Tarjoamamme ratkaisut<\/h3>\n\t\t<p class=\"text\">\n\t\t\tKuuntelemme ensin tarpeitasi ja ehdotamme sitten sopivinta ratkaisua asiantuntemuksemme ja tuotevalikoimamme pohjalta. Mit\u00e4\u00e4n ei oteta suoraan hyllyst\u00e4 sellaisenaan. Valitsemme optimaalisimmat ratkaisut tarpeidesi ja tavoitteidesi perusteella, mink\u00e4 vuoksi valinta kohdistuu usein r\u00e4\u00e4t\u00e4l\u00f6ityyn ratkaisuun.\t\t\t\t\t<\/p>\n\n\t\t\t\t\t<a class=\"btn  \"\n\t\t\t   href=\"https:\/\/allisonoffhighway.com\/sac-finland\/products\/\"\n\t\t\t   target=\"\">\n\t\t\t\tTutustu markkinoihimme\t\t\t<\/a>\n\t\t\t<\/div>\n\n\t\n\t<\/div><div>\t<div class=\"card_testuale_shortcode square  \">\n\t\t\t\t<h3>Asiakastapaukset<\/h3>\n\t\t<p class=\"text\">\n\t\t\tOsaamistamme on helpompi arvostaa, kun n\u00e4kee tuoreita esimerkkej\u00e4 saavutuksistamme eri aloilla. Olemme toimittaneet asiakkaillemme kaikkea vesivoimalaitoksen vedenalaisten putkistojen kierr\u00e4tysratkaisuista sinkkisulattamon perusmateriaalin k\u00e4sittelyn sovelluksiin.\t\t\t\t\t<\/p>\n\n\t\t\t\t\t<a class=\"btn  \"\n\t\t\t   href=\"https:\/\/allisonoffhighway.com\/sac-finland\/case-studies\/\"\n\t\t\t   target=\"\">\n\t\t\t\tTutustu toimintatapaamme\t\t\t<\/a>\n\t\t\t<\/div>\n\n\t\n\t<\/div>\t\t<\/div>\r\n\t\t\r\n\t\t<script>\r\n\t\t\twindow.addEventListener('DOMContentLoaded', function() {\r\n\t\t\t\tsetTimeout(function() {\r\n\t\t\t\t\tjQuery('#lvmk-owl-1186996849 .owl-carousel').owlCarousel({\r\n\t\t\t\t\t\tmargin: 30,\r\n\t\t\t\t\t\tnav: false,\r\n\t\t\t\t\t\tdots: true,\r\n\t\t\t\t\t\tloop: false,\r\n\t\t\t\t\t\tautoplay: false,\r\n\t\t\t\t\t\tautoplaySpeed: 2000,\r\n\t\t\t\t\t\titems:1,\r\n\t\t\t\t\t\tresponsive: {\r\n\t\t\t\t\t\t\t0   : { items: 1 },\r\n\t\t\t\t\t\t\t768 : { items: 1 },\r\n\t\t\t\t\t\t\t992 : { items: 2 },\r\n\t\t\t\t\t\t\t1200: { items: 2 },\r\n\t\t\t\t\t\t\t1430: { items: 3 },\r\n\t\t\t\t\t\t\t1680: { items: 3 },\r\n\t\t\t\t\t\t}\r\n\t\t\t\t\t});\r\n\t\t\t\t}, 500);\r\n\t\t\t});\r\n\t\t<\/script>\r\n\t<\/div>\r\n\t[vc_empty_space height=&#8221;30px&#8221;][\/vc_column][\/vc_row]<\/p>\n<\/div>","protected":false},"excerpt":{"rendered":"<p>[vc_row full_width=&#8221;stretch_row&#8221; content_placement=&#8221;middle&#8221; css=&#8221;.vc_custom_1701099323685{background-image: url(https:\/\/allisonoffhighway.com\/sac-finland\/wp-content\/uploads\/2022\/02\/dana-services.jpg?id=45) !important;}&#8221;][vc_column][vc_empty_space height=&#8221;40px&#8221;][vc_column_text css=&#8221;.vc_custom_1768227901169{margin-bottom: 20px !important;}&#8221;] T\u00e4rkeit\u00e4 lukuja [\/vc_column_text][vc_empty_space height=&#8221;40px&#8221;][vc_row_inner][vc_column_inner width=&#8221;1\/4&#8243;][\/vc_column_inner][vc_column_inner width=&#8221;1\/4&#8243;][\/vc_column_inner][vc_column_inner width=&#8221;1\/4&#8243;][\/vc_column_inner][vc_column_inner width=&#8221;1\/4&#8243;][\/vc_column_inner][\/vc_row_inner][\/vc_column][\/vc_row][vc_row][vc_column][vc_empty_space height=&#8221;60px&#8221;][vc_column_text css=&#8221;.vc_custom_1712144256035{margin-bottom: 20px !important;}&#8221;]Markkinoilla tarjoamamme lis\u00e4arvo muodostuu vankasta kokemuksesta, erikoishuoltovalmiuksista, logistiikasta ja konsultoinnista. Espoon toimipisteess\u00e4 meill\u00e4 on kaikki tarvittavat koneet vaihteiden ja hydraulisten j\u00e4rjestelmien kokoonpanoon, testaukseen ja korjaukseen. K\u00e4yt\u00f6ss\u00e4mme on hydraulinen testipenkki, teolliset nostolaitteet, hydraulinen puristin, teollinen [&hellip;]<\/p>\n","protected":false},"author":1,"featured_media":0,"parent":0,"menu_order":0,"comment_status":"closed","ping_status":"closed","template":"","meta":{"_acf_changed":false,"footnotes":""},"class_list":["post-1423","page","type-page","status-publish","hentry"],"acf":[],"yoast_head":"<!-- This site is optimized with the Yoast SEO plugin v25.0 - https:\/\/yoast.com\/wordpress\/plugins\/seo\/ -->\n<title>Tietoa meist\u00e4 - Allison Off-Highway - Sac Finland<\/title>\n<meta name=\"description\" content=\"Oppdag Sac Finland! Vi dekker markedet med servicekapasitet for planetgir, skruegir, vinsjer og fluidkraftl\u00f8sninger!\" \/>\n<meta name=\"robots\" content=\"noindex, follow, max-snippet:-1, max-image-preview:large, max-video-preview:-1\" \/>\n<meta property=\"og:locale\" content=\"fi_FI\" \/>\n<meta property=\"og:type\" content=\"article\" \/>\n<meta property=\"og:title\" content=\"Tietoa meist\u00e4 - Allison Off-Highway - Sac Finland\" \/>\n<meta property=\"og:description\" content=\"Oppdag Sac Finland! Vi dekker markedet med servicekapasitet for planetgir, skruegir, vinsjer og fluidkraftl\u00f8sninger!\" \/>\n<meta property=\"og:url\" content=\"https:\/\/allisonoffhighway.com\/sac-finland\/fi\/tietoa-meista\/\" \/>\n<meta property=\"og:site_name\" content=\"Allison Off-Highway - Sac Finland\" \/>\n<meta property=\"article:modified_time\" content=\"2026-01-12T16:19:22+00:00\" \/>\n<meta name=\"twitter:card\" content=\"summary_large_image\" \/>\n<meta name=\"twitter:label1\" content=\"Arvioitu lukuaika\" \/>\n\t<meta name=\"twitter:data1\" content=\"5 minuuttia\" \/>\n<script type=\"application\/ld+json\" class=\"yoast-schema-graph\">{\"@context\":\"https:\/\/schema.org\",\"@graph\":[{\"@type\":\"WebPage\",\"@id\":\"https:\/\/allisonoffhighway.com\/sac-finland\/fi\/tietoa-meista\/\",\"url\":\"https:\/\/allisonoffhighway.com\/sac-finland\/fi\/tietoa-meista\/\",\"name\":\"Tietoa meist\u00e4 - Allison Off-Highway - Sac Finland\",\"isPartOf\":{\"@id\":\"https:\/\/allisonoffhighway.com\/sac-finland\/#website\"},\"datePublished\":\"2022-02-10T09:36:19+00:00\",\"dateModified\":\"2026-01-12T16:19:22+00:00\",\"description\":\"Oppdag Sac Finland! Vi dekker markedet med servicekapasitet for planetgir, skruegir, vinsjer og fluidkraftl\u00f8sninger!\",\"breadcrumb\":{\"@id\":\"https:\/\/allisonoffhighway.com\/sac-finland\/fi\/tietoa-meista\/#breadcrumb\"},\"inLanguage\":\"fi\",\"potentialAction\":[{\"@type\":\"ReadAction\",\"target\":[\"https:\/\/allisonoffhighway.com\/sac-finland\/fi\/tietoa-meista\/\"]}]},{\"@type\":\"BreadcrumbList\",\"@id\":\"https:\/\/allisonoffhighway.com\/sac-finland\/fi\/tietoa-meista\/#breadcrumb\",\"itemListElement\":[{\"@type\":\"ListItem\",\"position\":1,\"name\":\"Home\",\"item\":\"https:\/\/allisonoffhighway.com\/sac-finland\/fi\/\"},{\"@type\":\"ListItem\",\"position\":2,\"name\":\"Tietoa meist\u00e4\"}]},{\"@type\":\"WebSite\",\"@id\":\"https:\/\/allisonoffhighway.com\/sac-finland\/#website\",\"url\":\"https:\/\/allisonoffhighway.com\/sac-finland\/\",\"name\":\"Allison Off-Highway - Sac Finland\",\"description\":\"\",\"potentialAction\":[{\"@type\":\"SearchAction\",\"target\":{\"@type\":\"EntryPoint\",\"urlTemplate\":\"https:\/\/allisonoffhighway.com\/sac-finland\/?s={search_term_string}\"},\"query-input\":{\"@type\":\"PropertyValueSpecification\",\"valueRequired\":true,\"valueName\":\"search_term_string\"}}],\"inLanguage\":\"fi\"}]}<\/script>\n<!-- \/ Yoast SEO plugin. -->","yoast_head_json":{"title":"Tietoa meist\u00e4 - Allison Off-Highway - Sac Finland","description":"Oppdag Sac Finland! Vi dekker markedet med servicekapasitet for planetgir, skruegir, vinsjer og fluidkraftl\u00f8sninger!","robots":{"index":"noindex","follow":"follow","max-snippet":"max-snippet:-1","max-image-preview":"max-image-preview:large","max-video-preview":"max-video-preview:-1"},"og_locale":"fi_FI","og_type":"article","og_title":"Tietoa meist\u00e4 - Allison Off-Highway - Sac Finland","og_description":"Oppdag Sac Finland! Vi dekker markedet med servicekapasitet for planetgir, skruegir, vinsjer og fluidkraftl\u00f8sninger!","og_url":"https:\/\/allisonoffhighway.com\/sac-finland\/fi\/tietoa-meista\/","og_site_name":"Allison Off-Highway - Sac Finland","article_modified_time":"2026-01-12T16:19:22+00:00","twitter_card":"summary_large_image","twitter_misc":{"Arvioitu lukuaika":"5 minuuttia"},"schema":{"@context":"https:\/\/schema.org","@graph":[{"@type":"WebPage","@id":"https:\/\/allisonoffhighway.com\/sac-finland\/fi\/tietoa-meista\/","url":"https:\/\/allisonoffhighway.com\/sac-finland\/fi\/tietoa-meista\/","name":"Tietoa meist\u00e4 - Allison Off-Highway - Sac Finland","isPartOf":{"@id":"https:\/\/allisonoffhighway.com\/sac-finland\/#website"},"datePublished":"2022-02-10T09:36:19+00:00","dateModified":"2026-01-12T16:19:22+00:00","description":"Oppdag Sac Finland! Vi dekker markedet med servicekapasitet for planetgir, skruegir, vinsjer og fluidkraftl\u00f8sninger!","breadcrumb":{"@id":"https:\/\/allisonoffhighway.com\/sac-finland\/fi\/tietoa-meista\/#breadcrumb"},"inLanguage":"fi","potentialAction":[{"@type":"ReadAction","target":["https:\/\/allisonoffhighway.com\/sac-finland\/fi\/tietoa-meista\/"]}]},{"@type":"BreadcrumbList","@id":"https:\/\/allisonoffhighway.com\/sac-finland\/fi\/tietoa-meista\/#breadcrumb","itemListElement":[{"@type":"ListItem","position":1,"name":"Home","item":"https:\/\/allisonoffhighway.com\/sac-finland\/fi\/"},{"@type":"ListItem","position":2,"name":"Tietoa meist\u00e4"}]},{"@type":"WebSite","@id":"https:\/\/allisonoffhighway.com\/sac-finland\/#website","url":"https:\/\/allisonoffhighway.com\/sac-finland\/","name":"Allison Off-Highway - Sac Finland","description":"","potentialAction":[{"@type":"SearchAction","target":{"@type":"EntryPoint","urlTemplate":"https:\/\/allisonoffhighway.com\/sac-finland\/?s={search_term_string}"},"query-input":{"@type":"PropertyValueSpecification","valueRequired":true,"valueName":"search_term_string"}}],"inLanguage":"fi"}]}},"_links":{"self":[{"href":"https:\/\/allisonoffhighway.com\/sac-finland\/fi\/wp-json\/wp\/v2\/pages\/1423","targetHints":{"allow":["GET"]}}],"collection":[{"href":"https:\/\/allisonoffhighway.com\/sac-finland\/fi\/wp-json\/wp\/v2\/pages"}],"about":[{"href":"https:\/\/allisonoffhighway.com\/sac-finland\/fi\/wp-json\/wp\/v2\/types\/page"}],"author":[{"embeddable":true,"href":"https:\/\/allisonoffhighway.com\/sac-finland\/fi\/wp-json\/wp\/v2\/users\/1"}],"replies":[{"embeddable":true,"href":"https:\/\/allisonoffhighway.com\/sac-finland\/fi\/wp-json\/wp\/v2\/comments?post=1423"}],"version-history":[{"count":12,"href":"https:\/\/allisonoffhighway.com\/sac-finland\/fi\/wp-json\/wp\/v2\/pages\/1423\/revisions"}],"predecessor-version":[{"id":1691,"href":"https:\/\/allisonoffhighway.com\/sac-finland\/fi\/wp-json\/wp\/v2\/pages\/1423\/revisions\/1691"}],"wp:attachment":[{"href":"https:\/\/allisonoffhighway.com\/sac-finland\/fi\/wp-json\/wp\/v2\/media?parent=1423"}],"curies":[{"name":"wp","href":"https:\/\/api.w.org\/{rel}","templated":true}]}}